{"id":1678,"date":"2021-07-22T08:48:54","date_gmt":"2021-07-22T06:48:54","guid":{"rendered":"https:\/\/conteurspro.fr\/site\/?page_id=1678"},"modified":"2024-10-10T13:48:48","modified_gmt":"2024-10-10T11:48:48","slug":"commission-avenir-du-conte","status":"publish","type":"page","link":"https:\/\/conteurspro.fr\/site\/commission-avenir-du-conte\/","title":{"rendered":"Commission \u00ab\u00a0Les rencontres du conte\u00a0\u00bb (anciennement \u00ab\u00a0avenir du conte\u00a0\u00bb)"},"content":{"rendered":"\n<p><\/p>\n\n\n\n<p><\/p>\n\n\n\n<p><strong>Des liens pour promouvoir la connaissance et reconnaissance de notre art<\/strong><\/p>\n\n\n\n<p>Depuis le d\u00e9but de l\u2019ann\u00e9e 2021, les membres de la commission se sont r\u00e9uni\u00b7es par zoom pour travailler. Un texte&nbsp;exposant notre projet a \u00e9t\u00e9 \u00e9tabli et diffus\u00e9.<\/p>\n\n\n\n<p><strong>Ensemble vers une concertation nationale&nbsp;: <\/strong><br><strong>quel avenir pour les arts du r\u00e9cit et de la parole&nbsp;?<\/strong><\/p>\n\n\n\n<p>En ces temps d\u2019incertitudes et de difficult\u00e9s extr\u00eames pour nos m\u00e9tiers, un projet s\u2019est impos\u00e9 \u00e0 l\u2019Apacc&nbsp;: susciter une concertation nationale qui repose sur la solidarit\u00e9&nbsp;pour se rassembler face au contexte \u00e9conomique et politique. Plus que par le pass\u00e9 peut-\u00eatre, est-ce le bon moment aujourd\u2019hui pour relier tous les partenaires qui \u0153uvrent sans rel\u00e2che pour que l\u2019art du conte ait une plus large place dans le paysage culturel fran\u00e7ais.<\/p>\n\n\n\n<p>Cette concertation permettra de mieux nous conna\u00eetre et de faire conna\u00eetre ensemble plus largement l\u2019art du conte en \u00e9tablissant un \u00e9tat des lieux qui soit porteur pour imaginer et construire demain.<\/p>\n\n\n\n<p>Comme premi\u00e8re pierre, nous vous proposons la constitution d\u2019un groupe de travail pour penser et organiser cette concertation. Une premi\u00e8re rencontre de travail sera propos\u00e9e dans le dernier trimestre 2021 mais un premier pas par Zoom pourrait s\u2019organiser auparavant.<\/p>\n\n\n\n<p>Au sein de notre association une commission sp\u00e9cifique s\u2019est constitu\u00e9e. Nous avons commenc\u00e9 \u00e0 imaginer des rencontres nationales qui se d\u00e9rouleraient en 2022 et pourraient prendre la forme de plusieurs s\u00e9minaires autour des grandes questions de fond qui nous r\u00e9unissent.<\/p>\n\n\n\n<p>Qu\u2019est-ce qui d\u00e9finit notre art&nbsp;?<\/p>\n\n\n\n<p>Quelle place a-t-il dans le paysage culturel fran\u00e7ais&nbsp;?<\/p>\n\n\n\n<p>Quel appareil critique l\u2019accompagne ?<\/p>\n\n\n\n<p>Qu\u2019est-ce qu\u2019on conte aujourd\u2019hui, et demain&nbsp;? Avec quel r\u00e9pertoire&nbsp;?<\/p>\n\n\n\n<p>Quelle est la port\u00e9e du conte dans l\u2019\u00e9ducation&nbsp;?<\/p>\n\n\n\n<p>Quelle est sa r\u00e9alit\u00e9 \u00e9conomique&nbsp;?<\/p>\n\n\n\n<p>Qu\u2019en est-il du recensement des artistes, des structures&nbsp;? Des salaires&nbsp;?<\/p>\n\n\n\n<p>Sur quels crit\u00e8res porte la formation professionnelle des conteurs et conteuses&nbsp;?<\/p>\n\n\n\n<p>Quels sont les publics&nbsp;?<\/p>\n\n\n\n<p>Et qu\u2019en est-il du monde amateur qui nous accompagne et qu\u2019on accompagne ?<\/p>\n\n\n\n<p>La liste n\u2019est pas close et tout est \u00e0 inventer&nbsp;!<\/p>\n\n\n\n<p>Nous savons bien que nous ne r\u00e9aliserons pleinement ce travail qu\u2019avec d\u2019autres volont\u00e9s.<\/p>\n\n\n\n<p>Voil\u00e0 pourquoi nous nous tournons vers vous.<\/p>\n\n\n\n<p>Nous vous remercions de nous faire savoir si vous souhaitez participer \u00e0 cette aventure ou tout au moins \u00e0 une rencontre Zoom. Nous vous ferons parvenir un sondage pour d\u00e9finir une premi\u00e8re date commune.<\/p>\n\n\n\n<p>Plusieurs r\u00e9ponses tr\u00e8s positives nous sont parvenues. La mise en place de la premi\u00e8re r\u00e9union s\u2019\u00e9labore donc pour avoir lieu dans le dernier trimestre 2021.<\/p>\n\n\n\n<p>Souhaitant \u00e9galement nous appuyer sur les travaux des membres de l\u2019Apacc, nous comptons sur notre assembl\u00e9e g\u00e9n\u00e9rale de septembre 2021 pour partager et donner une dimension collective \u00e0 ce projet.<\/p>\n\n\n\n<p><a href=\"&#x61;&#118;e&#x6e;&#x69;&#114;d&#x75;&#x63;&#111;n&#x74;&#x65;&#64;c&#x6f;&#x6e;&#116;e&#x75;&#114;&#115;p&#x72;&#111;&#46;&#x66;&#x72;\">Contact<\/a>&nbsp;<strong>:<\/strong> Alexandra R, Anne-Marie T, Catalina P, Jeannie L, Lisa B et Wilfried D.<\/p>\n\n\n\n<div class=\"wp-block-envira-envira-gallery\"><div id=\"envira-gallery-wrap-1691\" class=\"envira-gallery-wrap envira-gallery-theme-base envira-lightbox-theme-base\" itemscope itemtype=\"https:\/\/schema.org\/ImageGallery\"><div data-row-height=\"150\" data-gallery-theme=\"normal\" id=\"envira-gallery-1691\" class=\"envira-gallery-public envira-gallery-justified-public envira-gallery-0-columns envira-clear enviratope envira-gallery-css-animations\" data-envira-columns=\"0\"><div id=\"envira-gallery-item-1690\" class=\"envira-gallery-item enviratope-item envira-gallery-item-1 envira-lazy-load\" style=\"padding-left: 1px; padding-bottom: 1px; padding-right: 1px;\"  itemscope itemtype=\"https:\/\/schema.org\/ImageObject\"><div class=\"envira-gallery-item-inner\"><div class=\"envira-gallery-position-overlay  envira-gallery-top-left\"><\/div><div class=\"envira-gallery-position-overlay  envira-gallery-top-right\"><\/div><div class=\"envira-gallery-position-overlay  envira-gallery-bottom-left\"><\/div><div class=\"envira-gallery-position-overlay  envira-gallery-bottom-right\"><\/div><a href=\"https:\/\/conteurspro.fr\/site\/wp-content\/uploads\/2021\/07\/livrecontes-1.jpeg\" class=\"envira-gallery-1691 envira-gallery-link\" rel=\"enviragallery1691\" title=\"livrecontes-1\" data-envira-caption=\"livrecontes-1\" data-envira-retina=\"\" data-thumbnail=\"\"  itemprop=\"contentUrl\"><img decoding=\"async\" id=\"envira-gallery-image-1690\" class=\"envira-gallery-image envira-gallery-image-1 envira-normal envira-lazy\" data-envira-index=\"1\" src=\"https:\/\/conteurspro.fr\/site\/wp-content\/uploads\/2021\/07\/livrecontes-1-640x480.jpeg\" data-envira-src=\"https:\/\/conteurspro.fr\/site\/wp-content\/uploads\/2021\/07\/livrecontes-1-640x480.jpeg\" data-envira-gallery-id=\"1691\" data-envira-item-id=\"1690\" data-envira-caption=\"livrecontes-1\" alt=\"\" title=\"livrecontes-1\"  itemprop=\"thumbnailUrl\" data-envira-srcset=\"https:\/\/conteurspro.fr\/site\/wp-content\/uploads\/2021\/07\/livrecontes-1-640x480.jpeg 400w,https:\/\/conteurspro.fr\/site\/wp-content\/uploads\/2021\/07\/livrecontes-1-640x480.jpeg 2x\" data-envira-width=\"300\" data-envira-height=\"209\" srcset=\"data:image\/gif;base64,R0lGODlhAQABAIAAAP\/\/\/\/\/\/\/yH5BAEKAAEALAAAAAABAAEAAAICTAEAOw==\" data-safe-src=\"data:image\/gif;base64,R0lGODlhAQABAIAAAP\/\/\/\/\/\/\/yH5BAEKAAEALAAAAAABAAEAAAICTAEAOw==\" \/><\/a><\/div><\/div><\/div><\/div><noscript><img decoding=\"async\" src=\"https:\/\/conteurspro.fr\/site\/wp-content\/uploads\/2021\/07\/livrecontes-1.jpeg\" alt=\"\" \/><\/noscript><\/div>\n\n\n\n<p><\/p>\n","protected":false},"excerpt":{"rendered":"<p>Des liens pour promouvoir la connaissance et reconnaissance de notre art Depuis le d\u00e9but de l\u2019ann\u00e9e 2021, les membres de la commission se sont r\u00e9uni\u00b7es par zoom pour travailler. Un texte&nbsp;exposant notre projet a \u00e9t\u00e9 \u00e9tabli et diffus\u00e9. Ensemble vers une concertation nationale&nbsp;: quel avenir pour les arts du r\u00e9cit et de la parole&nbsp;? En ces temps d\u2019incertitudes et de difficult\u00e9s extr\u00eames pour nos m\u00e9tiers, un projet s\u2019est impos\u00e9 \u00e0 l\u2019Apacc&nbsp;: susciter une concertation nationale qui repose sur la solidarit\u00e9&nbsp;pour se rassembler face au contexte \u00e9conomique et politique. Plus que par le pass\u00e9 peut-\u00eatre, est-ce le bon moment aujourd\u2019hui pour relier tous les partenaires qui \u0153uvrent sans rel\u00e2che pour que l\u2019art du conte ait une plus large place dans le paysage culturel fran\u00e7ais. Cette concertation permettra de mieux nous conna\u00eetre et de faire conna\u00eetre ensemble plus largement l\u2019art du conte en \u00e9tablissant un \u00e9tat des lieux qui soit porteur pour imaginer et construire demain. Comme premi\u00e8re pierre, nous vous proposons la constitution d\u2019un groupe de travail pour penser et organiser cette concertation. Une premi\u00e8re rencontre de travail sera propos\u00e9e dans le dernier trimestre 2021 mais un premier pas par Zoom pourrait s\u2019organiser auparavant. Au sein de notre association une commission sp\u00e9cifique s\u2019est constitu\u00e9e. Nous avons commenc\u00e9 \u00e0 imaginer des rencontres nationales qui se d\u00e9rouleraient en 2022 et pourraient prendre la forme de plusieurs s\u00e9minaires autour des grandes questions de fond qui nous r\u00e9unissent. Qu\u2019est-ce qui d\u00e9finit notre art&nbsp;? Quelle place a-t-il dans le paysage culturel fran\u00e7ais&nbsp;? Quel appareil critique l\u2019accompagne ? Qu\u2019est-ce qu\u2019on conte aujourd\u2019hui, et demain&nbsp;? Avec quel r\u00e9pertoire&nbsp;? Quelle est la port\u00e9e du conte dans l\u2019\u00e9ducation&nbsp;? Quelle est sa r\u00e9alit\u00e9 \u00e9conomique&nbsp;? Qu\u2019en est-il du recensement des artistes, des structures&nbsp;? Des salaires&nbsp;? Sur quels crit\u00e8res porte la formation professionnelle des conteurs et conteuses&nbsp;? Quels sont les publics&nbsp;? Et qu\u2019en est-il du monde amateur qui nous accompagne et qu\u2019on accompagne ? La liste n\u2019est pas close et tout est \u00e0 inventer&nbsp;! Nous savons bien que nous ne r\u00e9aliserons pleinement ce travail qu\u2019avec d\u2019autres volont\u00e9s. Voil\u00e0 pourquoi nous nous tournons vers vous. Nous vous remercions de nous faire savoir si vous souhaitez participer \u00e0 cette aventure ou tout au moins \u00e0 une rencontre Zoom. Nous vous ferons parvenir un sondage pour d\u00e9finir une premi\u00e8re date commune. Plusieurs r\u00e9ponses tr\u00e8s positives nous sont parvenues. La mise en place de la premi\u00e8re r\u00e9union s\u2019\u00e9labore donc pour avoir lieu dans le dernier trimestre 2021. Souhaitant \u00e9galement nous appuyer sur les travaux des membres de l\u2019Apacc, nous comptons sur notre assembl\u00e9e g\u00e9n\u00e9rale de septembre 2021 pour partager et donner une dimension collective \u00e0 ce projet. Contact&nbsp;: Alexandra R, Anne-Marie T, Catalina P, Jeannie L, Lisa B et Wilfried D.<\/p>\n","protected":false},"author":16,"featured_media":1690,"parent":0,"menu_order":0,"comment_status":"closed","ping_status":"closed","template":"","meta":{"footnotes":""},"class_list":["post-1678","page","type-page","status-publish","has-post-thumbnail","hentry"],"_links":{"self":[{"href":"https:\/\/conteurspro.fr\/site\/wp-json\/wp\/v2\/pages\/1678","targetHints":{"allow":["GET"]}}],"collection":[{"href":"https:\/\/conteurspro.fr\/site\/wp-json\/wp\/v2\/pages"}],"about":[{"href":"https:\/\/conteurspro.fr\/site\/wp-json\/wp\/v2\/types\/page"}],"author":[{"embeddable":true,"href":"https:\/\/conteurspro.fr\/site\/wp-json\/wp\/v2\/users\/16"}],"replies":[{"embeddable":true,"href":"https:\/\/conteurspro.fr\/site\/wp-json\/wp\/v2\/comments?post=1678"}],"version-history":[{"count":11,"href":"https:\/\/conteurspro.fr\/site\/wp-json\/wp\/v2\/pages\/1678\/revisions"}],"predecessor-version":[{"id":3820,"href":"https:\/\/conteurspro.fr\/site\/wp-json\/wp\/v2\/pages\/1678\/revisions\/3820"}],"wp:featuredmedia":[{"embeddable":true,"href":"https:\/\/conteurspro.fr\/site\/wp-json\/wp\/v2\/media\/1690"}],"wp:attachment":[{"href":"https:\/\/conteurspro.fr\/site\/wp-json\/wp\/v2\/media?parent=1678"}],"curies":[{"name":"wp","href":"https:\/\/api.w.org\/{rel}","templated":true}]}}