{"id":2263,"date":"2022-05-31T19:18:12","date_gmt":"2022-05-31T17:18:12","guid":{"rendered":"https:\/\/conteurspro.fr\/site\/?page_id=2263"},"modified":"2022-06-01T10:48:46","modified_gmt":"2022-06-01T08:48:46","slug":"ag-2022","status":"publish","type":"page","link":"https:\/\/conteurspro.fr\/site\/ag-2022\/","title":{"rendered":"Inscriptions AG \/ AC \/ 2022"},"content":{"rendered":"\n<p class=\"has-medium-font-size\">&#8211; <strong>AG 2022<br>7 &amp; 8 septembre<\/strong><br>Maison de la nature du bassin d&rsquo;Arcachon, Le Teich (33)<br><a href=\"https:\/\/conteurspro.fr\/site\/wp-content\/uploads\/2022\/05\/Inscription-AG-2022.pdf\">Pour vous inscrire \u00e0 l&rsquo;AG (format pdf)<\/a><br><a href=\"https:\/\/conteurspro.fr\/site\/wp-content\/uploads\/2022\/05\/Inscription-AG-2022.docx\">Pour vous inscrire \u00e0 l&rsquo;AG (format doc)<\/a><\/p>\n\n\n\n<p>&#8211; <strong>AC<\/strong>&nbsp;<strong>Nos Ateliers pour les conteurs et conteuses amateur.ices<\/strong><br><strong>Mardi 6 septembre 9h30<\/strong><br>&nbsp;<br>Quel type d\u2019atelier animez-vous ?<br>Quelles difficult\u00e9s et questionnements ?<br>\u00c9changes d\u2019outils ?<br>Co anim\u00e9 par Sylvie et Ralph <br>&nbsp;<br>&#8211; <strong>AC<\/strong>&nbsp;<strong>Rencontre avec des associations de conteurs et conteuses d\u2019autres pays<\/strong>.<br><strong>Mardi 6 septembre 9h30 \/ 17h<\/strong><br><br>\u00c9tat des lieux du conte et des r\u00e9seaux professionnels dans les pays invit\u00e9s.<br>Jeux conte et Traduction.<br>Comment promouvoir la voix et la place de la parole conteuse&#8230;<br>AC port\u00e9 par la Commission Internationale.<br>Pour vous inscrire \u00e0 un AC<\/p>\n\n\n\n<p><a href=\"https:\/\/conteurspro.fr\/site\/wp-content\/uploads\/2022\/05\/Inscription-AC-2022-.pdf\">Format pdf<\/a><br><a href=\"https:\/\/conteurspro.fr\/site\/wp-content\/uploads\/2022\/05\/Inscription-AC-2022-1-1.docx\">Format doc<\/a><br><br>Au plaisir de se retrouver<\/p>\n","protected":false},"excerpt":{"rendered":"<p>&#8211; AG 20227 &amp; 8 septembreMaison de la nature du bassin d&rsquo;Arcachon, Le Teich (33)Pour vous inscrire \u00e0 l&rsquo;AG (format pdf)Pour vous inscrire \u00e0 l&rsquo;AG (format doc) &#8211; AC&nbsp;Nos Ateliers pour les conteurs et conteuses amateur.icesMardi 6 septembre 9h30&nbsp;Quel type d\u2019atelier animez-vous ?Quelles difficult\u00e9s et questionnements ?\u00c9changes d\u2019outils ?Co anim\u00e9 par Sylvie et Ralph &nbsp;&#8211; AC&nbsp;Rencontre avec des associations de conteurs et conteuses d\u2019autres pays.Mardi 6 septembre 9h30 \/ 17h \u00c9tat des lieux du conte et des r\u00e9seaux professionnels dans les pays invit\u00e9s.Jeux conte et Traduction.Comment promouvoir la voix et la place de la parole conteuse&#8230;AC port\u00e9 par la Commission Internationale.Pour vous inscrire \u00e0 un AC Format pdfFormat doc Au plaisir de se retrouver<\/p>\n","protected":false},"author":19,"featured_media":0,"parent":0,"menu_order":0,"comment_status":"closed","ping_status":"closed","template":"","meta":{"footnotes":""},"class_list":["post-2263","page","type-page","status-publish","hentry"],"_links":{"self":[{"href":"https:\/\/conteurspro.fr\/site\/wp-json\/wp\/v2\/pages\/2263","targetHints":{"allow":["GET"]}}],"collection":[{"href":"https:\/\/conteurspro.fr\/site\/wp-json\/wp\/v2\/pages"}],"about":[{"href":"https:\/\/conteurspro.fr\/site\/wp-json\/wp\/v2\/types\/page"}],"author":[{"embeddable":true,"href":"https:\/\/conteurspro.fr\/site\/wp-json\/wp\/v2\/users\/19"}],"replies":[{"embeddable":true,"href":"https:\/\/conteurspro.fr\/site\/wp-json\/wp\/v2\/comments?post=2263"}],"version-history":[{"count":3,"href":"https:\/\/conteurspro.fr\/site\/wp-json\/wp\/v2\/pages\/2263\/revisions"}],"predecessor-version":[{"id":2273,"href":"https:\/\/conteurspro.fr\/site\/wp-json\/wp\/v2\/pages\/2263\/revisions\/2273"}],"wp:attachment":[{"href":"https:\/\/conteurspro.fr\/site\/wp-json\/wp\/v2\/media?parent=2263"}],"curies":[{"name":"wp","href":"https:\/\/api.w.org\/{rel}","templated":true}]}}