{"id":282,"date":"2019-08-01T18:34:28","date_gmt":"2019-08-01T16:34:28","guid":{"rendered":"https:\/\/conteurspro.fr\/site\/?page_id=282"},"modified":"2026-03-31T13:52:50","modified_gmt":"2026-03-31T11:52:50","slug":"actes-collectifs-3","status":"publish","type":"page","link":"https:\/\/conteurspro.fr\/site\/actes-collectifs-3\/","title":{"rendered":"Actes Collectifs"},"content":{"rendered":"\n<figure class=\"wp-block-image size-full\"><img loading=\"lazy\" decoding=\"async\" width=\"640\" height=\"426\" src=\"https:\/\/conteurspro.fr\/site\/wp-content\/uploads\/2024\/11\/balloons-3534209_640.png\" alt=\"\" class=\"wp-image-3856\" srcset=\"https:\/\/conteurspro.fr\/site\/wp-content\/uploads\/2024\/11\/balloons-3534209_640.png 640w, https:\/\/conteurspro.fr\/site\/wp-content\/uploads\/2024\/11\/balloons-3534209_640-300x200.png 300w\" sizes=\"auto, (max-width: 640px) 100vw, 640px\" \/><\/figure>\n\n\n\n<figure class=\"wp-block-table\"><table class=\"has-fixed-layout\"><tbody><tr><td><em>Un AC ou<strong>&nbsp;Acte Collectif<\/strong>&nbsp;est une proposition d&rsquo;un.e adh\u00e9rent.e pour un travail commun avec d&rsquo;autres conteur.euses&nbsp; sous forme d\u2019un espace de rencontre, de questionnement et \/ ou de pratique collective de l\u2019art du conte. Au sein des actes collectifs nous nous autorisons un regard bienveillant et d\u00e9sint\u00e9ress\u00e9 sur notre travail. La pr\u00e9sence d\u2019un\u00b7e expert\u00b7e peut \u00eatre occasionnellement sollicit\u00e9&nbsp; pour encadrer les \u00e9changes.<\/em><br><em>G\u00e9n\u00e9ralement les AC naissent lors de l\u2019assembl\u00e9e g\u00e9n\u00e9rale en septembre, toutefois si vous \u00eates adh\u00e9rent.e vous pouvez en proposer un en cours d\u2019ann\u00e9e.<\/em>&nbsp;<em>Les AC durent g\u00e9n\u00e9ralement une \u00e0 deux journ\u00e9es. Les AC peuvent b\u00e9n\u00e9ficier d\u2019un soutien financier de l\u2019APACC pour le transport des adh\u00e9rents et si n\u00e9cessaire la location d\u2019espace d\u2019h\u00e9bergement et de travail.&nbsp;<\/em>&nbsp;<br><\/td><\/tr><\/tbody><\/table><\/figure>\n\n\n\n<p><\/p>\n\n\n\n<h2 class=\"wp-block-heading\">PROGRAMME 2026<\/h2>\n\n\n\n<p><\/p>\n\n\n\n<p id=\"isPasted\">Et le voil\u00e0, le programme des Actes Collectifs* 2026&nbsp;<\/p>\n\n\n\n<p>Si vous souhaitez en proposer vous pouvez prendre contact avec Marie-Pierre : <a href=\"ma&#105;&#108;&#x74;&#x6f;&#x3a;&#x6d;p_&#104;&#111;&#x61;&#x72;&#x65;&#x61;u&#64;&#104;&#111;&#116;&#x6d;&#x61;&#x69;&#x6c;&#46;c&#111;&#109;\">m&#112;&#x5f;&#x68;o&#97;&#x72;&#x65;a&#117;&#64;&#x68;&#x6f;t&#109;&#x61;&#x69;l&#46;&#x63;&#x6f;m<\/a>&nbsp;qui en assure la coordination. Elle vous guidera du mieux qu\u2019elle peut.<\/p>\n\n\n\n<p><\/p>\n\n\n\n<h2 class=\"wp-block-heading\">JANVIER 2026<\/h2>\n\n\n\n<p><\/p>\n\n\n\n<div class=\"wp-block-media-text is-stacked-on-mobile\"><figure class=\"wp-block-media-text__media\"><img loading=\"lazy\" decoding=\"async\" width=\"498\" height=\"426\" src=\"https:\/\/conteurspro.fr\/site\/wp-content\/uploads\/2025\/12\/Conte-et-nouveaux-recits-1.png\" alt=\"\" class=\"wp-image-4950 size-full\" srcset=\"https:\/\/conteurspro.fr\/site\/wp-content\/uploads\/2025\/12\/Conte-et-nouveaux-recits-1.png 498w, https:\/\/conteurspro.fr\/site\/wp-content\/uploads\/2025\/12\/Conte-et-nouveaux-recits-1-300x257.png 300w\" sizes=\"auto, (max-width: 498px) 100vw, 498px\" \/><\/figure><div class=\"wp-block-media-text__content\">\n<p><strong>Mardi 6 janvier \u00e0 Roman sur Is\u00e8re (Dr\u00f4me)<\/strong><\/p>\n\n\n\n<p><a href=\"https:\/\/conteurspro.fr\/site\/conte-et-nouveaux-recits\/\">Cliquez-ici pour en savoir plus<\/a><\/p>\n\n\n\n<p><\/p>\n<\/div><\/div>\n\n\n\n<p><\/p>\n\n\n\n<div class=\"wp-block-media-text has-media-on-the-right is-stacked-on-mobile\"><div class=\"wp-block-media-text__content\">\n<p><strong>Lundi 26 et mardi 27 janvier \u00e0 Crest (Dr\u00f4me)<\/strong><\/p>\n\n\n\n<p><a href=\"https:\/\/conteurspro.fr\/site\/conte-et-percussions-corporelles\/\">Cliquez-ici pour en savoir plus<\/a><\/p>\n<\/div><figure class=\"wp-block-media-text__media\"><img loading=\"lazy\" decoding=\"async\" width=\"498\" height=\"426\" src=\"https:\/\/conteurspro.fr\/site\/wp-content\/uploads\/2025\/12\/Conte-et-percus.png\" alt=\"\" class=\"wp-image-4952 size-full\" srcset=\"https:\/\/conteurspro.fr\/site\/wp-content\/uploads\/2025\/12\/Conte-et-percus.png 498w, https:\/\/conteurspro.fr\/site\/wp-content\/uploads\/2025\/12\/Conte-et-percus-300x257.png 300w\" sizes=\"auto, (max-width: 498px) 100vw, 498px\" \/><\/figure><\/div>\n\n\n\n<p><\/p>\n\n\n\n<h2 class=\"wp-block-heading\"><strong>MARS<\/strong><\/h2>\n\n\n\n<p><\/p>\n\n\n\n<div class=\"wp-block-media-text is-stacked-on-mobile\"><figure class=\"wp-block-media-text__media\"><img loading=\"lazy\" decoding=\"async\" width=\"498\" height=\"426\" src=\"https:\/\/conteurspro.fr\/site\/wp-content\/uploads\/2025\/12\/Partage-de-repertoire-feministe.png\" alt=\"\" class=\"wp-image-4953 size-full\" srcset=\"https:\/\/conteurspro.fr\/site\/wp-content\/uploads\/2025\/12\/Partage-de-repertoire-feministe.png 498w, https:\/\/conteurspro.fr\/site\/wp-content\/uploads\/2025\/12\/Partage-de-repertoire-feministe-300x257.png 300w\" sizes=\"auto, (max-width: 498px) 100vw, 498px\" \/><\/figure><div class=\"wp-block-media-text__content\">\n<p><strong>Lundi 2 mars \u00e0 Lyon<\/strong><\/p>\n\n\n\n<p><a href=\"https:\/\/conteurspro.fr\/site\/partage-de-repertoire-feministe\/\">Cliquez-ici pour en savoir plus<\/a><\/p>\n<\/div><\/div>\n\n\n\n<div class=\"wp-block-media-text has-media-on-the-right is-stacked-on-mobile\"><div class=\"wp-block-media-text__content\">\n<p><strong>Mercredi 18 mars en visio<\/strong><\/p>\n\n\n\n<p><a href=\"https:\/\/conteurspro.fr\/site\/fiscalite-des-intermittents\/\">Cliquez-ici pour en savoir plus<\/a><\/p>\n<\/div><figure class=\"wp-block-media-text__media\"><img loading=\"lazy\" decoding=\"async\" width=\"498\" height=\"426\" src=\"https:\/\/conteurspro.fr\/site\/wp-content\/uploads\/2026\/01\/frais-reels.png\" alt=\"\" class=\"wp-image-5280 size-full\" srcset=\"https:\/\/conteurspro.fr\/site\/wp-content\/uploads\/2026\/01\/frais-reels.png 498w, https:\/\/conteurspro.fr\/site\/wp-content\/uploads\/2026\/01\/frais-reels-300x257.png 300w\" sizes=\"auto, (max-width: 498px) 100vw, 498px\" \/><\/figure><\/div>\n\n\n\n<h2 class=\"wp-block-heading\"><strong>AVRIL&nbsp;<\/strong><\/h2>\n\n\n\n<p><\/p>\n\n\n\n<div class=\"wp-block-media-text is-stacked-on-mobile\"><figure class=\"wp-block-media-text__media\"><img loading=\"lazy\" decoding=\"async\" width=\"498\" height=\"426\" src=\"https:\/\/conteurspro.fr\/site\/wp-content\/uploads\/2025\/12\/conte-et-plantes.png\" alt=\"\" class=\"wp-image-4954 size-full\" srcset=\"https:\/\/conteurspro.fr\/site\/wp-content\/uploads\/2025\/12\/conte-et-plantes.png 498w, https:\/\/conteurspro.fr\/site\/wp-content\/uploads\/2025\/12\/conte-et-plantes-300x257.png 300w\" sizes=\"auto, (max-width: 498px) 100vw, 498px\" \/><\/figure><div class=\"wp-block-media-text__content\">\n<p><strong>1er et 2 avril &#8211; COMPLET !<\/strong><\/p>\n\n\n\n<p><a href=\"https:\/\/conteurspro.fr\/site\/conte-plantes-et-sensibilisation-a-la-nature\/\">Cliquez-ici pour en savoir plus<\/a><\/p>\n<\/div><\/div>\n\n\n\n<p id=\"isPasted\"><\/p>\n\n\n\n<div class=\"wp-block-media-text has-media-on-the-right is-stacked-on-mobile\"><div class=\"wp-block-media-text__content\">\n<p><strong>Jeudi 9 et vendredi 10 avril<\/strong><\/p>\n\n\n\n<p><a href=\"https:\/\/conteurspro.fr\/site\/le-corps-du-conteur-au-plateau\/\">Cliquez-ici pour en savoir plus<\/a><\/p>\n<\/div><figure class=\"wp-block-media-text__media\"><img loading=\"lazy\" decoding=\"async\" width=\"498\" height=\"426\" src=\"https:\/\/conteurspro.fr\/site\/wp-content\/uploads\/2025\/12\/Le-corps-du-conteur-au-plateau.png\" alt=\"\" class=\"wp-image-4955 size-full\" srcset=\"https:\/\/conteurspro.fr\/site\/wp-content\/uploads\/2025\/12\/Le-corps-du-conteur-au-plateau.png 498w, https:\/\/conteurspro.fr\/site\/wp-content\/uploads\/2025\/12\/Le-corps-du-conteur-au-plateau-300x257.png 300w\" sizes=\"auto, (max-width: 498px) 100vw, 498px\" \/><\/figure><\/div>\n\n\n\n<p id=\"isPasted\"><\/p>\n\n\n\n<h2 class=\"wp-block-heading\">MAI&nbsp;<\/h2>\n\n\n\n<p><\/p>\n\n\n\n<div class=\"wp-block-media-text is-stacked-on-mobile\"><figure class=\"wp-block-media-text__media\"><img loading=\"lazy\" decoding=\"async\" width=\"498\" height=\"426\" src=\"https:\/\/conteurspro.fr\/site\/wp-content\/uploads\/2025\/12\/les-rencontres.png\" alt=\"\" class=\"wp-image-4956 size-full\" srcset=\"https:\/\/conteurspro.fr\/site\/wp-content\/uploads\/2025\/12\/les-rencontres.png 498w, https:\/\/conteurspro.fr\/site\/wp-content\/uploads\/2025\/12\/les-rencontres-300x257.png 300w\" sizes=\"auto, (max-width: 498px) 100vw, 498px\" \/><\/figure><div class=\"wp-block-media-text__content\">\n<p><strong>Du 18 au 20 mai au ch\u00e2teau de Ligoure (Limoges)<\/strong><\/p>\n\n\n\n<p><a href=\"https:\/\/conteurspro.fr\/site\/les-rencontres-du-merveilleux\/\">Cliquez-ici pour en savoir plus<\/a><\/p>\n<\/div><\/div>\n\n\n\n<p><\/p>\n\n\n\n<h2 class=\"wp-block-heading\"><strong>JUIN&nbsp;<\/strong><\/h2>\n\n\n\n<p><\/p>\n\n\n\n<div class=\"wp-block-media-text has-media-on-the-right is-stacked-on-mobile\"><div class=\"wp-block-media-text__content\">\n<p><strong>Changement de date : cet acte collectif aura lieu mardi 30 juin \u00e0 Lyon<\/strong><\/p>\n\n\n\n<p><a href=\"https:\/\/conteurspro.fr\/site\/intelligence-collective\/\">Cliquez-ici pour en savoir plus<\/a><\/p>\n<\/div><figure class=\"wp-block-media-text__media\"><img loading=\"lazy\" decoding=\"async\" width=\"498\" height=\"426\" src=\"https:\/\/conteurspro.fr\/site\/wp-content\/uploads\/2025\/12\/Intelligence-collective.png\" alt=\"\" class=\"wp-image-4957 size-full\" srcset=\"https:\/\/conteurspro.fr\/site\/wp-content\/uploads\/2025\/12\/Intelligence-collective.png 498w, https:\/\/conteurspro.fr\/site\/wp-content\/uploads\/2025\/12\/Intelligence-collective-300x257.png 300w\" sizes=\"auto, (max-width: 498px) 100vw, 498px\" \/><\/figure><\/div>\n","protected":false},"excerpt":{"rendered":"<p>Un AC ou&nbsp;Acte Collectif&nbsp;est une proposition d&rsquo;un.e adh\u00e9rent.e pour un travail commun avec d&rsquo;autres conteur.euses&nbsp; sous forme d\u2019un espace de rencontre, de questionnement et \/ ou de pratique collective de l\u2019art du conte. Au sein des actes collectifs nous nous autorisons un regard bienveillant et d\u00e9sint\u00e9ress\u00e9 sur notre travail. La pr\u00e9sence d\u2019un\u00b7e expert\u00b7e peut \u00eatre occasionnellement sollicit\u00e9&nbsp; pour encadrer les \u00e9changes.G\u00e9n\u00e9ralement les AC naissent lors de l\u2019assembl\u00e9e g\u00e9n\u00e9rale en septembre, toutefois si vous \u00eates adh\u00e9rent.e vous pouvez en proposer un en cours d\u2019ann\u00e9e.&nbsp;Les AC durent g\u00e9n\u00e9ralement une \u00e0 deux journ\u00e9es. Les AC peuvent b\u00e9n\u00e9ficier d\u2019un soutien financier de l\u2019APACC pour le transport des adh\u00e9rents et si n\u00e9cessaire la location d\u2019espace d\u2019h\u00e9bergement et de travail.&nbsp;&nbsp; PROGRAMME 2026 Et le voil\u00e0, le programme des Actes Collectifs* 2026&nbsp; Si vous souhaitez en proposer vous pouvez prendre contact avec Marie-Pierre : &#109;&#x70;&#95;&#x68;o&#97;&#x72;&#101;&#x61;u&#x40;h&#111;&#x74;&#109;&#x61;i&#x6c;&#x2e;&#99;&#x6f;m&nbsp;qui en assure la coordination. Elle vous guidera du mieux qu\u2019elle peut. JANVIER 2026 Mardi 6 janvier \u00e0 Roman sur Is\u00e8re (Dr\u00f4me) Cliquez-ici pour en savoir plus Lundi 26 et mardi 27 janvier \u00e0 Crest (Dr\u00f4me) Cliquez-ici pour en savoir plus MARS Lundi 2 mars \u00e0 Lyon Cliquez-ici pour en savoir plus Mercredi 18 mars en visio Cliquez-ici pour en savoir plus AVRIL&nbsp; 1er et 2 avril &#8211; COMPLET ! Cliquez-ici pour en savoir plus Jeudi 9 et vendredi 10 avril Cliquez-ici pour en savoir plus MAI&nbsp; Du 18 au 20 mai au ch\u00e2teau de Ligoure (Limoges) Cliquez-ici pour en savoir plus JUIN&nbsp; Changement de date : cet acte collectif aura lieu mardi 30 juin \u00e0 Lyon Cliquez-ici pour en savoir plus<\/p>\n","protected":false},"author":23,"featured_media":0,"parent":0,"menu_order":0,"comment_status":"closed","ping_status":"closed","template":"","meta":{"footnotes":""},"class_list":["post-282","page","type-page","status-publish","hentry"],"_links":{"self":[{"href":"https:\/\/conteurspro.fr\/site\/wp-json\/wp\/v2\/pages\/282","targetHints":{"allow":["GET"]}}],"collection":[{"href":"https:\/\/conteurspro.fr\/site\/wp-json\/wp\/v2\/pages"}],"about":[{"href":"https:\/\/conteurspro.fr\/site\/wp-json\/wp\/v2\/types\/page"}],"author":[{"embeddable":true,"href":"https:\/\/conteurspro.fr\/site\/wp-json\/wp\/v2\/users\/23"}],"replies":[{"embeddable":true,"href":"https:\/\/conteurspro.fr\/site\/wp-json\/wp\/v2\/comments?post=282"}],"version-history":[{"count":121,"href":"https:\/\/conteurspro.fr\/site\/wp-json\/wp\/v2\/pages\/282\/revisions"}],"predecessor-version":[{"id":5443,"href":"https:\/\/conteurspro.fr\/site\/wp-json\/wp\/v2\/pages\/282\/revisions\/5443"}],"wp:attachment":[{"href":"https:\/\/conteurspro.fr\/site\/wp-json\/wp\/v2\/media?parent=282"}],"curies":[{"name":"wp","href":"https:\/\/api.w.org\/{rel}","templated":true}]}}