{"id":3008,"date":"2023-11-28T19:31:51","date_gmt":"2023-11-28T18:31:51","guid":{"rendered":"https:\/\/conteurspro.fr\/site\/?page_id=3008"},"modified":"2026-01-12T16:34:30","modified_gmt":"2026-01-12T15:34:30","slug":"un-nouveau-systeme-de-gouvernance-depuis-septembre-2023","status":"publish","type":"page","link":"https:\/\/conteurspro.fr\/site\/un-nouveau-systeme-de-gouvernance-depuis-septembre-2023\/","title":{"rendered":"Un nouveau syst\u00e8me de gouvernance depuis septembre 2023"},"content":{"rendered":"\n<figure class=\"wp-block-gallery has-nested-images columns-default is-cropped wp-block-gallery-1 is-layout-flex wp-block-gallery-is-layout-flex\">\n<figure class=\"wp-block-image size-large\"><img loading=\"lazy\" decoding=\"async\" width=\"566\" height=\"598\" data-id=\"3009\" src=\"https:\/\/conteurspro.fr\/site\/wp-content\/uploads\/2023\/11\/schema-gouvernance.png\" alt=\"\" class=\"wp-image-3009\" srcset=\"https:\/\/conteurspro.fr\/site\/wp-content\/uploads\/2023\/11\/schema-gouvernance.png 566w, https:\/\/conteurspro.fr\/site\/wp-content\/uploads\/2023\/11\/schema-gouvernance-284x300.png 284w\" sizes=\"auto, (max-width: 566px) 100vw, 566px\" \/><\/figure>\n<\/figure>\n\n\n\n<p>Cette ann\u00e9e, l\u2019APACC a repens\u00e9 enti\u00e8rement son syst\u00e8me de gouvernance avec l\u2019aide de l\u2019Universit\u00e9 du Nous. Voici une petite pr\u00e9sentation du nouveau fonctionnement de l\u2019association.<\/p>\n\n\n\n<p>L\u2019association est d\u00e9sormais compos\u00e9e de deux organes principaux&nbsp;:<\/p>\n\n\n\n<p>Le \u00ab&nbsp;COUTEAU SUISSE&nbsp;\u00bb et le \u00ab&nbsp;CERCLE d\u2019action et d\u2019orientation&nbsp;\u00bb.<\/p>\n\n\n\n<p>Le couteau suisse est compos\u00e9 des r\u00e9f\u00e9rent.e.s (\u00e9lu.e.s sur candidature) qui sont responsables d\u2019un poste&nbsp;:<\/p>\n\n\n\n<ul class=\"wp-block-list\">\n<li>La tr\u00e9sorerie (Guy P.)<\/li>\n\n\n\n<li>Les adh\u00e9sions (Anne L.)<\/li>\n\n\n\n<li>Le secr\u00e9tariat (poste vacant)<\/li>\n\n\n\n<li>La communication (L\u00e9one L.)<\/li>\n\n\n\n<li>Les actes collectifs (Marie Pierre H.)<\/li>\n\n\n\n<li>La coordination (entre les poles et vers le cercle) (Olivier C.)<\/li>\n<\/ul>\n\n\n\n<p>Chaque poste peut-\u00eatre soutenu par du \u00ab&nbsp;compagnonnage&nbsp;\u00bb&nbsp;: des adh\u00e9rent\u00b7es volontaires pour aider sur des t\u00e2ches pr\u00e9cises, ponctuellement.<\/p>\n\n\n\n<p>Le cercle est compos\u00e9 des repr\u00e9sentant.e.s de chaque commission (\u00e9lu.e.s au sein de leur commission).<\/p>\n\n\n\n<ul class=\"wp-block-list\">\n<li>Commission conte et \u00e9galit\u00e9 femme\/homme (C\u00e9cile L., Nathalie K. suppl\u00e9ante)<\/li>\n\n\n\n<li>Commission International (Samuel L., Fran\u00e7oise D. suppl\u00e9ante)<\/li>\n\n\n\n<li>Commission R\u00e9pertoire (Alexandra R., Marie P. et Nadine D. suppl\u00e9antes)<\/li>\n\n\n\n<li>Nouvelleaux (Fran\u00e7ois M.)<\/li>\n\n\n\n<li>Commission L\u00e9gislation (Monique R.)<\/li>\n\n\n\n<li>Commission Conte et Education<\/li>\n\n\n\n<li>Commission Formation<\/li>\n\n\n\n<li>Coordination (entre les commissions et vers le couteau suisse) (Lodo\u00efs D.)<\/li>\n<\/ul>\n\n\n\n<p>Deux autres organes compl\u00e8tent l\u2019association&nbsp;:<\/p>\n\n\n\n<p>L&rsquo;Auberge est une \u00e9quipe charg\u00e9e d&rsquo;organiser la logistique de l&rsquo;AG pour l&rsquo;ann\u00e9e suivante.<\/p>\n\n\n\n<p>La Treille est constitu\u00e9e de membres ayant d\u00e9j\u00e0 eu des responsabilit\u00e9s au sein de l\u2019Apacc. C\u2019est un organe de veille d\u00e9mocratique et de soutien au couteau suisse et au cercle.\u00a0Depuis l&rsquo;assembl\u00e9e g\u00e9n\u00e9rale de 2025, la Treille assume la mission de solidarit\u00e9 et d&rsquo;entaide aupr\u00e8s d&rsquo;adh\u00e9rent-e qui peuvent \u00eatre en difficult\u00e9s.<\/p>\n\n\n\n<p>Vous pouvez rejoindre l\u2019aventure \u00e0 tout moment dans l\u2019ann\u00e9e pour nous donner un coup de main en envoyant un mail \u00e0 <a href=\"&#109;&#x61;&#x69;l&#116;&#x6f;:&#99;&#x6f;&#x6e;t&#97;&#x63;t&#64;&#x63;&#x6f;n&#116;&#x65;u&#114;&#x73;&#x70;&#114;&#111;&#x73;&#46;&#102;&#x72;\">contac&#116;&#64;&#99;&#111;&#110;&#116;&#101;&#x75;&#x72;&#x73;&#x70;&#x72;&#x6f;&#x2e;&#x66;&#x72;<\/a><\/p>\n","protected":false},"excerpt":{"rendered":"<p>Cette ann\u00e9e, l\u2019APACC a repens\u00e9 enti\u00e8rement son syst\u00e8me de gouvernance avec l\u2019aide de l\u2019Universit\u00e9 du Nous. Voici une petite pr\u00e9sentation du nouveau fonctionnement de l\u2019association. L\u2019association est d\u00e9sormais compos\u00e9e de deux organes principaux&nbsp;: Le \u00ab&nbsp;COUTEAU SUISSE&nbsp;\u00bb et le \u00ab&nbsp;CERCLE d\u2019action et d\u2019orientation&nbsp;\u00bb. Le couteau suisse est compos\u00e9 des r\u00e9f\u00e9rent.e.s (\u00e9lu.e.s sur candidature) qui sont responsables d\u2019un poste&nbsp;: Chaque poste peut-\u00eatre soutenu par du \u00ab&nbsp;compagnonnage&nbsp;\u00bb&nbsp;: des adh\u00e9rent\u00b7es volontaires pour aider sur des t\u00e2ches pr\u00e9cises, ponctuellement. Le cercle est compos\u00e9 des repr\u00e9sentant.e.s de chaque commission (\u00e9lu.e.s au sein de leur commission). Deux autres organes compl\u00e8tent l\u2019association&nbsp;: L&rsquo;Auberge est une \u00e9quipe charg\u00e9e d&rsquo;organiser la logistique de l&rsquo;AG pour l&rsquo;ann\u00e9e suivante. La Treille est constitu\u00e9e de membres ayant d\u00e9j\u00e0 eu des responsabilit\u00e9s au sein de l\u2019Apacc. C\u2019est un organe de veille d\u00e9mocratique et de soutien au couteau suisse et au cercle.\u00a0Depuis l&rsquo;assembl\u00e9e g\u00e9n\u00e9rale de 2025, la Treille assume la mission de solidarit\u00e9 et d&rsquo;entaide aupr\u00e8s d&rsquo;adh\u00e9rent-e qui peuvent \u00eatre en difficult\u00e9s. Vous pouvez rejoindre l\u2019aventure \u00e0 tout moment dans l\u2019ann\u00e9e pour nous donner un coup de main en envoyant un mail \u00e0 &#99;&#x6f;&#x6e;&#116;&#x61;&#x63;&#116;&#x40;&#x63;&#111;&#x6e;&#x74;&#101;&#x75;&#x72;&#115;&#x70;&#x72;&#111;&#x2e;&#x66;&#114;<\/p>\n","protected":false},"author":23,"featured_media":0,"parent":0,"menu_order":0,"comment_status":"closed","ping_status":"closed","template":"","meta":{"footnotes":""},"class_list":["post-3008","page","type-page","status-publish","hentry"],"_links":{"self":[{"href":"https:\/\/conteurspro.fr\/site\/wp-json\/wp\/v2\/pages\/3008","targetHints":{"allow":["GET"]}}],"collection":[{"href":"https:\/\/conteurspro.fr\/site\/wp-json\/wp\/v2\/pages"}],"about":[{"href":"https:\/\/conteurspro.fr\/site\/wp-json\/wp\/v2\/types\/page"}],"author":[{"embeddable":true,"href":"https:\/\/conteurspro.fr\/site\/wp-json\/wp\/v2\/users\/23"}],"replies":[{"embeddable":true,"href":"https:\/\/conteurspro.fr\/site\/wp-json\/wp\/v2\/comments?post=3008"}],"version-history":[{"count":5,"href":"https:\/\/conteurspro.fr\/site\/wp-json\/wp\/v2\/pages\/3008\/revisions"}],"predecessor-version":[{"id":5225,"href":"https:\/\/conteurspro.fr\/site\/wp-json\/wp\/v2\/pages\/3008\/revisions\/5225"}],"wp:attachment":[{"href":"https:\/\/conteurspro.fr\/site\/wp-json\/wp\/v2\/media?parent=3008"}],"curies":[{"name":"wp","href":"https:\/\/api.w.org\/{rel}","templated":true}]}}