{"id":309,"date":"2019-08-02T09:57:23","date_gmt":"2019-08-02T07:57:23","guid":{"rendered":"https:\/\/conteurspro.fr\/site\/?page_id=309"},"modified":"2026-01-21T16:52:26","modified_gmt":"2026-01-21T15:52:26","slug":"commission-memoire","status":"publish","type":"page","link":"https:\/\/conteurspro.fr\/site\/commission-memoire\/","title":{"rendered":"Portrait de la Commission M\u00e9moire"},"content":{"rendered":"\n<hr class=\"wp-block-separator has-alpha-channel-opacity\"\/>\n\n\n<div class=\"wp-block-image\">\n<figure class=\"aligncenter size-full is-resized\"><img loading=\"lazy\" decoding=\"async\" width=\"447\" height=\"576\" src=\"https:\/\/conteurspro.fr\/site\/wp-content\/uploads\/2024\/03\/Capture-decran-2024-02-07-a-11.02.47.png\" alt=\"\" class=\"wp-image-3388\" style=\"width:379px;height:auto\" srcset=\"https:\/\/conteurspro.fr\/site\/wp-content\/uploads\/2024\/03\/Capture-decran-2024-02-07-a-11.02.47.png 447w, https:\/\/conteurspro.fr\/site\/wp-content\/uploads\/2024\/03\/Capture-decran-2024-02-07-a-11.02.47-233x300.png 233w\" sizes=\"auto, (max-width: 447px) 100vw, 447px\" \/><\/figure>\n<\/div>\n\n\n<p><strong>Portrait de la Commission \u00ab M\u00e9moire \u00bb<\/strong><\/p>\n\n\n\n<p>En 2014, r\u00e9uni.es en atelier, plus de douze adh\u00e9rents et adh\u00e9rentes de toutes les g\u00e9n\u00e9rations ont exprim\u00e9 leur d\u00e9sir de mieux connaitre <strong><em>l\u2019histoire du Renouveau du conte<\/em><\/strong> et d\u2019aller chercher cette m\u00e9moire de mani\u00e8re directe aupr\u00e8s des conteurs et conteuses qui l\u2019avaient v\u00e9cu. Devant l\u2019ampleur du sujet, l\u2019atelier s\u2019est transform\u00e9 en Commission.<\/p>\n\n\n\n<p><strong>De l\u2019id\u00e9e&nbsp;au choix de la forme<\/strong><\/p>\n\n\n\n<p>En effet, entre 1976 et 1987\/88, des artistes venus d\u2019horizons divers <strong>\u00e9mergent<\/strong> et font profession de conter des contes et des histoires \u00e0 tous les publics.<\/p>\n\n\n\n<p>Comment ce renouveau est n\u00e9, a \u00e9volu\u00e9&nbsp;; comment une histoire collective se d\u00e9veloppe, s\u2019inscrivant dans le paysage culturel de la France&nbsp;; quels sont les enjeux de cette \u00e9poque&nbsp;; comment ces conteurs et conteuses \u00ab&nbsp;pionniers&nbsp;\u00bb, l\u2019ont v\u00e9cue&nbsp;? Telles \u00e9taient les questions que se posaient les membres de cette Commission.<\/p>\n\n\n\n<p>On choisit un <strong>collectage de m\u00e9moires orales<\/strong>&nbsp;: fait <em>par et pour<\/em> des conteurs et conteuses, il se devait de s\u2019inscrire dans l\u2019oralit\u00e9. La Commission se propose donc de r\u00e9colter ces t\u00e9moignages sous forme <strong>d\u2019entretiens enregistr\u00e9s en vid\u00e9o<\/strong>.<\/p>\n\n\n\n<p>S\u2019appuyant sur une exp\u00e9rience de collectage, la Commission passe un an \u00e0 mettre au point sa <strong>\u00ab\u00a0grille d\u2019entretien\u00a0\u00bb<\/strong>. Cette grille \u00e9tablit une coh\u00e9rence d\u2019une vid\u00e9o \u00e0 l\u2019autre. Ce mat\u00e9riel est ainsi utilisable par les universitaires int\u00e9ress\u00e9.es par le sujet.<\/p>\n\n\n\n<p><strong>La formation vid\u00e9o<\/strong><\/p>\n\n\n\n<p>La premi\u00e8re \u00e9tape fut de se former\u00a0\u00e0 la prise de vue vid\u00e9o. En 2016, un coup de pouce de la vie met la Commission en relation avec Samuel Lebrun, <strong>vid\u00e9aste professionnel<\/strong> qui assure une <strong>formation d\u2019un weekend<\/strong> pour les membres de la Commission. <strong>L\u2019Apacc finance<\/strong> cette formation et l\u2019achat du mat\u00e9riel n\u00e9cessaire<strong>: kit lumi\u00e8re, appareil photo vid\u00e9o, micros et enregistreurs<\/strong>.<\/p>\n\n\n\n<p>Samuel restera le <strong>complice ind\u00e9fectible<\/strong> de la Commission, prenant en charge au fil des ans <strong>le montage de toutes les vid\u00e9os<\/strong> et, en 2024, <strong>la cr\u00e9ation du teaser<\/strong> de pr\u00e9sentation des <strong>vid\u00e9os r\u00e9alis\u00e9es<\/strong>.<\/p>\n\n\n\n<figure class=\"wp-block-image size-full\"><img loading=\"lazy\" decoding=\"async\" width=\"300\" height=\"245\" src=\"https:\/\/conteurspro.fr\/site\/wp-content\/uploads\/2024\/03\/Samuel-petite-def-2.jpg\" alt=\"\" class=\"wp-image-3386\"\/><\/figure>\n\n\n\n<p><strong>La logistique des entretiens<\/strong><\/p>\n\n\n\n<p>De 2017 \u00e0 2025 les membres de la Commission vont <strong>rencontrer le plus possible de conteur.es<\/strong> du Renouveau et les interroger chez eux, si possible, et ce, dans <strong>toutes les r\u00e9gions de France. <\/strong><\/p>\n\n\n\n<p>Pour chaque entretien, une \u00e9quipe se constitue, compos\u00e9e de trois personnes (une qui questionne, une au son et une \u00e0 l\u2019image). Les affinit\u00e9s priment sur la proximit\u00e9 g\u00e9ographique si bien que certaines \u00e9quipes doivent parfois <strong>voyager la veille<\/strong> et se loger. La dur\u00e9e d\u2019un entretien, tout compris (montage et d\u00e9montage du mat\u00e9riel inclus) est d\u2019environ une <strong>demi-journ\u00e9e.<\/strong><\/p>\n\n\n\n<p>Tous les <strong>rushs<\/strong> des vid\u00e9os r\u00e9alis\u00e9es sont <strong>sauvegard\u00e9s<\/strong> et les cartes m\u00e9moires sont envoy\u00e9es au vid\u00e9aste Samuel pour le montage.<\/p>\n\n\n\n<p class=\"has-luminous-vivid-amber-background-color has-background\"><strong>La liste des conteurs et conteuses interrog\u00e9.es s\u2019est allong\u00e9e au fil du temps. Finalement, 51 personnes ont \u00e9t\u00e9 interview\u00e9es.<\/strong><\/p>\n\n\n\n<figure class=\"wp-block-image size-large\"><img loading=\"lazy\" decoding=\"async\" width=\"777\" height=\"1024\" src=\"https:\/\/conteurspro.fr\/site\/wp-content\/uploads\/2024\/03\/La-logistique-777x1024.jpg\" alt=\"\" class=\"wp-image-3380\" srcset=\"https:\/\/conteurspro.fr\/site\/wp-content\/uploads\/2024\/03\/La-logistique-777x1024.jpg 777w, https:\/\/conteurspro.fr\/site\/wp-content\/uploads\/2024\/03\/La-logistique-228x300.jpg 228w, https:\/\/conteurspro.fr\/site\/wp-content\/uploads\/2024\/03\/La-logistique-768x1012.jpg 768w, https:\/\/conteurspro.fr\/site\/wp-content\/uploads\/2024\/03\/La-logistique-1166x1536.jpg 1166w, https:\/\/conteurspro.fr\/site\/wp-content\/uploads\/2024\/03\/La-logistique-1140x1502.jpg 1140w, https:\/\/conteurspro.fr\/site\/wp-content\/uploads\/2024\/03\/La-logistique.jpg 1554w\" sizes=\"auto, (max-width: 777px) 100vw, 777px\" \/><\/figure>\n\n\n\n<p><strong>Le droit \u00e0 l\u2019image et le droit de diffusion<\/strong><\/p>\n\n\n\n<p>Les membres de la Commission ont cr\u00e9\u00e9 des documents juridiques d\u2019acceptation des <strong>droits d\u2019image et de diffusion<\/strong>. <strong>Le-la conteur.se interrog\u00e9<\/strong>.e, apr\u00e8s avoir visionn\u00e9 sa vid\u00e9o mont\u00e9e, peut donner son accord, \u00e9mettre des r\u00e9ticences ou la refuser. En ce cas \u2013 tr\u00e8s rare &#8211; <strong>la vid\u00e9o est refaite<\/strong>. Parfois, un entretien est refait pour raison technique.<\/p>\n\n\n\n<p class=\"has-text-align-center has-luminous-vivid-amber-background-color has-background\"><strong>Tous les conteurs ont donn\u00e9 leur accord pour la diffusion de leur vid\u00e9o.<\/strong><\/p>\n\n\n\n<figure class=\"wp-block-image size-large\"><img loading=\"lazy\" decoding=\"async\" width=\"1024\" height=\"576\" src=\"https:\/\/conteurspro.fr\/site\/wp-content\/uploads\/2024\/03\/image0000001-1024x576.jpg\" alt=\"\" class=\"wp-image-3387\" srcset=\"https:\/\/conteurspro.fr\/site\/wp-content\/uploads\/2024\/03\/image0000001-1024x576.jpg 1024w, https:\/\/conteurspro.fr\/site\/wp-content\/uploads\/2024\/03\/image0000001-300x169.jpg 300w, https:\/\/conteurspro.fr\/site\/wp-content\/uploads\/2024\/03\/image0000001-768x432.jpg 768w, https:\/\/conteurspro.fr\/site\/wp-content\/uploads\/2024\/03\/image0000001-1536x864.jpg 1536w, https:\/\/conteurspro.fr\/site\/wp-content\/uploads\/2024\/03\/image0000001-1140x642.jpg 1140w, https:\/\/conteurspro.fr\/site\/wp-content\/uploads\/2024\/03\/image0000001.jpg 1832w\" sizes=\"auto, (max-width: 1024px) 100vw, 1024px\" \/><\/figure>\n\n\n\n<p><strong>Les r\u00e9unions r\u00e9guli\u00e8res \u2013 la d\u00e9mocratie<\/strong><\/p>\n\n\n\n<p>Durant ces <strong>dix ann\u00e9es, les membres de la Commission <\/strong>se sont r\u00e9unis r\u00e9guli\u00e8rement, en <strong>pr\u00e9sentiel, visio-conf\u00e9rence<\/strong> ou avant l\u2019AG. Se <strong>partageant les t\u00e2ches<\/strong> de mani\u00e8re \u00e9quilibr\u00e9e et d\u00e9mocratique. Les textes diffus\u00e9s sont <strong>le fruit d\u2019un travail collectif<\/strong>. <strong>L&rsquo;effectif de la Commission <\/strong>est sensiblement rest\u00e9 le m\u00eame d&rsquo;une dizaine de membres actifs.<\/p>\n\n\n\n<p><strong>Le teaser<\/strong><\/p>\n\n\n\n<p>Cl\u00f4turant le travail de la Commission, ce teaser r\u00e9alis\u00e9 en 2024 a pour but de susciter, chez un <strong>plus vaste public, <\/strong>le d\u00e9sir de d\u00e9couvrir ces entretiens. Il a \u00e9t\u00e9 con\u00e7u par les membres de la Commission lors d\u2019un travail collectif en collaboration, pendant une ann\u00e9e, avec Samuel Lebrun et la graphiste H\u00e9l\u00e8ne Butaeye.\u00a0<\/p>\n\n\n\n<figure class=\"wp-block-image size-full is-resized\"><a href=\"https:\/\/conteurspro.fr\/site\/commission-memoire-les-videos\/\"><img loading=\"lazy\" decoding=\"async\" width=\"777\" height=\"431\" src=\"https:\/\/conteurspro.fr\/site\/wp-content\/uploads\/2024\/03\/Capture-decran-2024-02-19-a-18.02.51.png\" alt=\"\" class=\"wp-image-3383\" style=\"width:840px;height:auto\" srcset=\"https:\/\/conteurspro.fr\/site\/wp-content\/uploads\/2024\/03\/Capture-decran-2024-02-19-a-18.02.51.png 777w, https:\/\/conteurspro.fr\/site\/wp-content\/uploads\/2024\/03\/Capture-decran-2024-02-19-a-18.02.51-300x166.png 300w, https:\/\/conteurspro.fr\/site\/wp-content\/uploads\/2024\/03\/Capture-decran-2024-02-19-a-18.02.51-768x426.png 768w\" sizes=\"auto, (max-width: 777px) 100vw, 777px\" \/><\/a><\/figure>\n\n\n\n<p><strong>Le Minist\u00e8re\u00a0<\/strong><\/p>\n\n\n\n<p>Les partenaires du Minist\u00e8re de la Culture ont manifest\u00e9 leur int\u00e9r\u00eat pour cette commission, entre autres, et accord\u00e9 une subvention \u00e0 l&rsquo;Apacc.<\/p>\n\n\n\n<p><strong>T\u00e9moignages des conteur.ses interrog\u00e9.es<\/strong><\/p>\n\n\n\n<p>\u00ab&nbsp;Je vous remercie de me faire participer \u00e0 votre travail sur la m\u00e9moire. Votre montage me convient et il me semble correspondre \u00e0 votre esprit de non promotion. Vous avez mon aval pour l\u2019utiliser quand cela sera le bon moment pour vous. Amiti\u00e9s&nbsp;\u00bb. <strong>Abbi Patrix<\/strong><\/p>\n\n\n\n<p>\u00ab&nbsp;Je remercie chacune et chacun dans cette belle commission pour le pr\u00e9cieux travail que vous faites.&nbsp;J&rsquo;ai regard\u00e9 le film. Tout va bien. Vous avez mon feu vert, et toute mon admiration pour tout le travail fait. Je vous embrasse&nbsp;\u00bb. <strong>Jihad Darwiche<\/strong><\/p>\n\n\n\n<p>\u00ab&nbsp;J\u2019ai regard\u00e9 la vid\u00e9o, bravo les filles&nbsp;! C\u2019est formidable cette id\u00e9e et cette d\u00e9marche. Bravo et merci encore pour tout. Des bises \u00e0 vous&nbsp;\u00bb. <strong>Praline Gay Para<\/strong>.<\/p>\n\n\n\n<p>\u00ab&nbsp;Merci de ce lien et des arguments qui l\u2019accompagnent et que je respecterai. Je remercie beaucoup toute la commission et plus particuli\u00e8rement les amis qui sont venus me filmer \u00e0 la maison; je vous embrasse tr\u00e8s fort&nbsp;\u00bb. <strong>Bruno de La Salle<\/strong><strong><\/strong><\/p>\n\n\n\n<p>\u00ab&nbsp;Merci pour la vid\u00e9o. Elle me convient parfaitement et je vous donne ma validation. Ladite vid\u00e9o me para\u00eet satisfaire au principe de non promotion (que j&rsquo;approuve) dans la mesure o\u00f9 je ne parle que de programmes anciens et \u00ab\u00a0amortis\u00a0\u00bb, si j&rsquo;ose dire. Compliments et salutations amicales \u00e0 toute l&rsquo;\u00e9quipe&nbsp;!&nbsp;\u00bb <strong>Jean-Louis Le Craver<\/strong><\/p>\n\n\n\n<p>&nbsp;\u00ab&nbsp;Je n&rsquo;ai pas honte de ma pr\u00e9sence sur l&rsquo;image, je pense que mon propos est compr\u00e9hensible malgr\u00e9 quelques r\u00e9p\u00e9titions, je vous adresse mes f\u00e9licitation d&rsquo;avoir r\u00e9ussi \u00e0 tant me faire dire, avec une image et un son de qualit\u00e9&nbsp;; je serais donc tr\u00e8s honor\u00e9 que vous la mettiez \u00e0 disposition de votre association. Bien \u00e0 vous. Patrice&nbsp;\u00bb <strong>Patrice Weiss<\/strong><\/p>\n\n\n\n<p>\u00ab&nbsp;Adiu H\u00e9l\u00e8ne, Excuse, je pensais t&rsquo;avoir r\u00e9pondu que j&rsquo;\u00e9tais d&rsquo;accord. C&rsquo;est du vrai, cafouilleux, pugnace ou mollasson, peu importe, c&rsquo;est bon d&rsquo;aller comme c&rsquo;est et merci pour votre boulot.<\/p>\n\n\n\n<p>J&rsquo;esp\u00e8re que la sant\u00e9 et les conditions actuelles ne compliquent pas ton et votre bon chemin. Au plaisir de se retrouver. Poutous. Claude&nbsp;\u00bb. <strong>Claude Alranq<\/strong><\/p>\n\n\n\n<p>\u00ab&nbsp;Merci beaucoup les amies,&nbsp;vous avez mon accord. Et je vous embrasse toutes bien fort et bravo pour ce travail ! J\u2019esp\u00e8re avoir \u00e9t\u00e9 \u00e0 la hauteur de vos attentes&nbsp;!&nbsp;\u00bb<strong> Muriel Bloch<\/strong>.<\/p>\n\n\n\n<p>\u00ab&nbsp;La vid\u00e9o est impeccable. Je veux dire l&rsquo;intervieweuse et la technique ; pour l&rsquo;interview\u00e9&#8230; il a fait ce qu&rsquo;il a pu. Donc : OK pour son utilisation. Bises&nbsp;\u00bb. <strong>Daniel L&rsquo;Homond<\/strong><\/p>\n\n\n\n<p>\u00ab\u00a0Merci, pour ton message et le lien. C&rsquo;est ok&#8230; J\u2019en regarderai quelques autres\u00bb. <strong>Pascal Qu\u00e9r\u00e9<\/strong><\/p>\n\n\n\n<p>\u00ab&nbsp;Merci pour ce lien. Maintenant, le travail est fait, il l\u2019a \u00e9t\u00e9 par des personnes qui s\u2019y sont d\u00e9di\u00e9 avec amour et disponibilit\u00e9. Merci donc encore pour ce lien et \u00e0 la revoyure\u00bb. <strong>Jean Guillon<\/strong><\/p>\n\n\n\n<p>\u00ab&nbsp;Bravo pour votre efficacit\u00e9 ! Le projet est m\u00e9ritoire et je suis content d&rsquo;y figurer. Cordialement&nbsp;\u00bb. <strong>Jean Donagan<\/strong><\/p>\n\n\n\n<p>\u00ab&nbsp;Un grand merci pour Fiona et vos pens\u00e9es. Lorsque je lui ai dit que le film \u00e9tait pr\u00eat elle a fait un \u00e9norme sourire et a lev\u00e9 le pouce. Peut \u00eatre que ce week-end nous pourrons le regarder mais d\u00e9j\u00e0 elle est enchant\u00e9e ! Nolwenn. (<em>Une amie de <strong>Fiona Mac Leod<\/strong>, quelques jours avant le d\u00e9c\u00e8s de la conteuse<\/em>).<\/p>\n\n\n\n<p><strong>T\u00e9moignages des Conteur.ses qui \u00e9coutent ces vid\u00e9os<\/strong>:<\/p>\n\n\n\n<p>\u00ab\u00a0Conteuse depuis 15 ans, j&rsquo;ai trouv\u00e9 des racines vivantes \u00e0 mon art en \u00e9coutant, avide, les t\u00e9moignages de celles et ceux qui ont ouvert la voie. J&rsquo;ai tout \u00e9cout\u00e9. Certain.es m&rsquo;ont plus touch\u00e9e que d&rsquo;autres. Mais tous.tes m&rsquo;ont nourrie. Merci pour ce pr\u00e9cieux travail de recueil des voix gr\u00e2ce auxquelles le conte a pu faire son renouveau.\u00a0\u00bb N.D<\/p>\n\n\n\n<p><strong>T\u00e9moignage apr\u00e8s la publication du Teaser:<\/strong><\/p>\n\n\n\n<p>\u00ab\u00a0Bravo \u00e0 vous toutes et \u00e0 vous tous, membres de la commission m\u00e9moire.&nbsp;Je viens de voir le formidable&nbsp;teaser qui pr\u00e9sente&nbsp;votre travail. Sa justesse et sa finesse sont \u00e0 la hauteur du travail accompli depuis toutes ces ann\u00e9es. En tant qu&rsquo;adh\u00e9rente de l&rsquo;APACC, je suis fi\u00e8re que notre association produise de tels fruits. Merci \u00e0 vous.\u00a0\u00bb C.G<\/p>\n\n\n\n<p>Contact : <a href=\"&#x6d;a&#x69;&#108;&#x74;&#x6f;:&#x6d;&#101;&#x6d;&#x6f;i&#x72;&#101;&#x40;&#x63;o&#x6e;&#116;&#x65;&#x75;r&#x73;&#112;&#x72;&#x6f;&#46;&#x66;&#114;\">&#109;e&#x6d;o&#x69;&#114;&#x65;&#64;&#x63;&#111;n&#x74;e&#x75;&#114;&#x73;&#112;&#x72;&#111;&#x2e;&#102;r<\/a><\/p>\n","protected":false},"excerpt":{"rendered":"<p>Portrait de la Commission \u00ab M\u00e9moire \u00bb En 2014, r\u00e9uni.es en atelier, plus de douze adh\u00e9rents et adh\u00e9rentes de toutes les g\u00e9n\u00e9rations ont exprim\u00e9 leur d\u00e9sir de mieux connaitre l\u2019histoire du Renouveau du conte et d\u2019aller chercher cette m\u00e9moire de mani\u00e8re directe aupr\u00e8s des conteurs et conteuses qui l\u2019avaient v\u00e9cu. Devant l\u2019ampleur du sujet, l\u2019atelier s\u2019est transform\u00e9 en Commission. De l\u2019id\u00e9e&nbsp;au choix de la forme En effet, entre 1976 et 1987\/88, des artistes venus d\u2019horizons divers \u00e9mergent et font profession de conter des contes et des histoires \u00e0 tous les publics. Comment ce renouveau est n\u00e9, a \u00e9volu\u00e9&nbsp;; comment une histoire collective se d\u00e9veloppe, s\u2019inscrivant dans le paysage culturel de la France&nbsp;; quels sont les enjeux de cette \u00e9poque&nbsp;; comment ces conteurs et conteuses \u00ab&nbsp;pionniers&nbsp;\u00bb, l\u2019ont v\u00e9cue&nbsp;? Telles \u00e9taient les questions que se posaient les membres de cette Commission. On choisit un collectage de m\u00e9moires orales&nbsp;: fait par et pour des conteurs et conteuses, il se devait de s\u2019inscrire dans l\u2019oralit\u00e9. La Commission se propose donc de r\u00e9colter ces t\u00e9moignages sous forme d\u2019entretiens enregistr\u00e9s en vid\u00e9o. S\u2019appuyant sur une exp\u00e9rience de collectage, la Commission passe un an \u00e0 mettre au point sa \u00ab\u00a0grille d\u2019entretien\u00a0\u00bb. Cette grille \u00e9tablit une coh\u00e9rence d\u2019une vid\u00e9o \u00e0 l\u2019autre. Ce mat\u00e9riel est ainsi utilisable par les universitaires int\u00e9ress\u00e9.es par le sujet. La formation vid\u00e9o La premi\u00e8re \u00e9tape fut de se former\u00a0\u00e0 la prise de vue vid\u00e9o. En 2016, un coup de pouce de la vie met la Commission en relation avec Samuel Lebrun, vid\u00e9aste professionnel qui assure une formation d\u2019un weekend pour les membres de la Commission. L\u2019Apacc finance cette formation et l\u2019achat du mat\u00e9riel n\u00e9cessaire: kit lumi\u00e8re, appareil photo vid\u00e9o, micros et enregistreurs. Samuel restera le complice ind\u00e9fectible de la Commission, prenant en charge au fil des ans le montage de toutes les vid\u00e9os et, en 2024, la cr\u00e9ation du teaser de pr\u00e9sentation des vid\u00e9os r\u00e9alis\u00e9es. La logistique des entretiens De 2017 \u00e0 2025 les membres de la Commission vont rencontrer le plus possible de conteur.es du Renouveau et les interroger chez eux, si possible, et ce, dans toutes les r\u00e9gions de France. Pour chaque entretien, une \u00e9quipe se constitue, compos\u00e9e de trois personnes (une qui questionne, une au son et une \u00e0 l\u2019image). Les affinit\u00e9s priment sur la proximit\u00e9 g\u00e9ographique si bien que certaines \u00e9quipes doivent parfois voyager la veille et se loger. La dur\u00e9e d\u2019un entretien, tout compris (montage et d\u00e9montage du mat\u00e9riel inclus) est d\u2019environ une demi-journ\u00e9e. Tous les rushs des vid\u00e9os r\u00e9alis\u00e9es sont sauvegard\u00e9s et les cartes m\u00e9moires sont envoy\u00e9es au vid\u00e9aste Samuel pour le montage. La liste des conteurs et conteuses interrog\u00e9.es s\u2019est allong\u00e9e au fil du temps. Finalement, 51 personnes ont \u00e9t\u00e9 interview\u00e9es. Le droit \u00e0 l\u2019image et le droit de diffusion Les membres de la Commission ont cr\u00e9\u00e9 des documents juridiques d\u2019acceptation des droits d\u2019image et de diffusion. Le-la conteur.se interrog\u00e9.e, apr\u00e8s avoir visionn\u00e9 sa vid\u00e9o mont\u00e9e, peut donner son accord, \u00e9mettre des r\u00e9ticences ou la refuser. En ce cas \u2013 tr\u00e8s rare &#8211; la vid\u00e9o est refaite. Parfois, un entretien est refait pour raison technique. Tous les conteurs ont donn\u00e9 leur accord pour la diffusion de leur vid\u00e9o. Les r\u00e9unions r\u00e9guli\u00e8res \u2013 la d\u00e9mocratie Durant ces dix ann\u00e9es, les membres de la Commission se sont r\u00e9unis r\u00e9guli\u00e8rement, en pr\u00e9sentiel, visio-conf\u00e9rence ou avant l\u2019AG. Se partageant les t\u00e2ches de mani\u00e8re \u00e9quilibr\u00e9e et d\u00e9mocratique. Les textes diffus\u00e9s sont le fruit d\u2019un travail collectif. L&rsquo;effectif de la Commission est sensiblement rest\u00e9 le m\u00eame d&rsquo;une dizaine de membres actifs. Le teaser Cl\u00f4turant le travail de la Commission, ce teaser r\u00e9alis\u00e9 en 2024 a pour but de susciter, chez un plus vaste public, le d\u00e9sir de d\u00e9couvrir ces entretiens. Il a \u00e9t\u00e9 con\u00e7u par les membres de la Commission lors d\u2019un travail collectif en collaboration, pendant une ann\u00e9e, avec Samuel Lebrun et la graphiste H\u00e9l\u00e8ne Butaeye.\u00a0 Le Minist\u00e8re\u00a0 Les partenaires du Minist\u00e8re de la Culture ont manifest\u00e9 leur int\u00e9r\u00eat pour cette commission, entre autres, et accord\u00e9 une subvention \u00e0 l&rsquo;Apacc. T\u00e9moignages des conteur.ses interrog\u00e9.es \u00ab&nbsp;Je vous remercie de me faire participer \u00e0 votre travail sur la m\u00e9moire. Votre montage me convient et il me semble correspondre \u00e0 votre esprit de non promotion. Vous avez mon aval pour l\u2019utiliser quand cela sera le bon moment pour vous. Amiti\u00e9s&nbsp;\u00bb. Abbi Patrix \u00ab&nbsp;Je remercie chacune et chacun dans cette belle commission pour le pr\u00e9cieux travail que vous faites.&nbsp;J&rsquo;ai regard\u00e9 le film. Tout va bien. Vous avez mon feu vert, et toute mon admiration pour tout le travail fait. Je vous embrasse&nbsp;\u00bb. Jihad Darwiche \u00ab&nbsp;J\u2019ai regard\u00e9 la vid\u00e9o, bravo les filles&nbsp;! C\u2019est formidable cette id\u00e9e et cette d\u00e9marche. Bravo et merci encore pour tout. Des bises \u00e0 vous&nbsp;\u00bb. Praline Gay Para. \u00ab&nbsp;Merci de ce lien et des arguments qui l\u2019accompagnent et que je respecterai. Je remercie beaucoup toute la commission et plus particuli\u00e8rement les amis qui sont venus me filmer \u00e0 la maison; je vous embrasse tr\u00e8s fort&nbsp;\u00bb. Bruno de La Salle \u00ab&nbsp;Merci pour la vid\u00e9o. Elle me convient parfaitement et je vous donne ma validation. Ladite vid\u00e9o me para\u00eet satisfaire au principe de non promotion (que j&rsquo;approuve) dans la mesure o\u00f9 je ne parle que de programmes anciens et \u00ab\u00a0amortis\u00a0\u00bb, si j&rsquo;ose dire. Compliments et salutations amicales \u00e0 toute l&rsquo;\u00e9quipe&nbsp;!&nbsp;\u00bb Jean-Louis Le Craver &nbsp;\u00ab&nbsp;Je n&rsquo;ai pas honte de ma pr\u00e9sence sur l&rsquo;image, je pense que mon propos est compr\u00e9hensible malgr\u00e9 quelques r\u00e9p\u00e9titions, je vous adresse mes f\u00e9licitation d&rsquo;avoir r\u00e9ussi \u00e0 tant me faire dire, avec une image et un son de qualit\u00e9&nbsp;; je serais donc tr\u00e8s honor\u00e9 que vous la mettiez \u00e0 disposition de votre association. Bien \u00e0 vous. Patrice&nbsp;\u00bb Patrice Weiss \u00ab&nbsp;Adiu H\u00e9l\u00e8ne, Excuse, je pensais t&rsquo;avoir r\u00e9pondu que j&rsquo;\u00e9tais d&rsquo;accord. C&rsquo;est du vrai, cafouilleux, pugnace ou mollasson, peu importe, c&rsquo;est bon d&rsquo;aller comme c&rsquo;est et merci pour votre boulot. J&rsquo;esp\u00e8re que la sant\u00e9 et les conditions actuelles ne compliquent pas ton et votre bon chemin. Au plaisir de se retrouver. Poutous. Claude&nbsp;\u00bb. Claude Alranq \u00ab&nbsp;Merci beaucoup les amies,&nbsp;vous avez mon accord. Et je vous embrasse toutes bien fort et bravo pour ce travail ! J\u2019esp\u00e8re avoir \u00e9t\u00e9 \u00e0 la hauteur de vos attentes&nbsp;!&nbsp;\u00bb Muriel Bloch. \u00ab&nbsp;La vid\u00e9o est impeccable. Je veux dire l&rsquo;intervieweuse et la technique ; pour l&rsquo;interview\u00e9&#8230; il a fait ce qu&rsquo;il a pu. Donc : OK pour son utilisation. Bises&nbsp;\u00bb. Daniel L&rsquo;Homond \u00ab\u00a0Merci, pour ton message et le lien. C&rsquo;est ok&#8230; J\u2019en regarderai quelques autres\u00bb. Pascal Qu\u00e9r\u00e9 \u00ab&nbsp;Merci pour ce lien. Maintenant, le travail est fait, il l\u2019a \u00e9t\u00e9 par des personnes qui s\u2019y sont d\u00e9di\u00e9 avec amour et disponibilit\u00e9. Merci donc encore pour ce lien et \u00e0 la revoyure\u00bb. Jean Guillon \u00ab&nbsp;Bravo pour votre efficacit\u00e9 ! Le projet est m\u00e9ritoire et je suis content d&rsquo;y figurer. Cordialement&nbsp;\u00bb. Jean Donagan \u00ab&nbsp;Un grand merci pour Fiona et vos pens\u00e9es. Lorsque je lui ai dit que le film \u00e9tait pr\u00eat elle a fait un \u00e9norme sourire et a lev\u00e9 le pouce. Peut \u00eatre que ce week-end nous pourrons le regarder mais d\u00e9j\u00e0 elle est enchant\u00e9e ! Nolwenn. (Une amie de Fiona Mac Leod, quelques jours avant le d\u00e9c\u00e8s de la conteuse). T\u00e9moignages des Conteur.ses qui \u00e9coutent ces vid\u00e9os: \u00ab\u00a0Conteuse depuis 15 ans, j&rsquo;ai trouv\u00e9 des racines vivantes \u00e0 mon art en \u00e9coutant, avide, les t\u00e9moignages de celles et ceux qui ont ouvert la voie. J&rsquo;ai tout \u00e9cout\u00e9. Certain.es m&rsquo;ont plus touch\u00e9e que d&rsquo;autres. Mais tous.tes m&rsquo;ont nourrie. Merci pour ce pr\u00e9cieux travail de recueil des voix gr\u00e2ce auxquelles le conte a pu faire son renouveau.\u00a0\u00bb N.D T\u00e9moignage apr\u00e8s la publication du Teaser: \u00ab\u00a0Bravo \u00e0 vous toutes et \u00e0 vous tous, membres de la commission m\u00e9moire.&nbsp;Je viens de voir le formidable&nbsp;teaser qui pr\u00e9sente&nbsp;votre travail. Sa justesse et sa finesse sont \u00e0 la hauteur du travail accompli depuis toutes ces ann\u00e9es. En tant qu&rsquo;adh\u00e9rente de l&rsquo;APACC, je suis fi\u00e8re que notre association produise de tels fruits. Merci \u00e0 vous.\u00a0\u00bb C.G Contact : m&#101;&#x6d;&#x6f;i&#114;&#x65;&#x40;c&#111;&#110;&#x74;&#x65;u&#114;&#x73;&#x70;r&#111;&#x2e;&#x66;r<\/p>\n","protected":false},"author":15,"featured_media":0,"parent":0,"menu_order":0,"comment_status":"closed","ping_status":"closed","template":"","meta":{"footnotes":""},"class_list":["post-309","page","type-page","status-publish","hentry"],"_links":{"self":[{"href":"https:\/\/conteurspro.fr\/site\/wp-json\/wp\/v2\/pages\/309","targetHints":{"allow":["GET"]}}],"collection":[{"href":"https:\/\/conteurspro.fr\/site\/wp-json\/wp\/v2\/pages"}],"about":[{"href":"https:\/\/conteurspro.fr\/site\/wp-json\/wp\/v2\/types\/page"}],"author":[{"embeddable":true,"href":"https:\/\/conteurspro.fr\/site\/wp-json\/wp\/v2\/users\/15"}],"replies":[{"embeddable":true,"href":"https:\/\/conteurspro.fr\/site\/wp-json\/wp\/v2\/comments?post=309"}],"version-history":[{"count":36,"href":"https:\/\/conteurspro.fr\/site\/wp-json\/wp\/v2\/pages\/309\/revisions"}],"predecessor-version":[{"id":5271,"href":"https:\/\/conteurspro.fr\/site\/wp-json\/wp\/v2\/pages\/309\/revisions\/5271"}],"wp:attachment":[{"href":"https:\/\/conteurspro.fr\/site\/wp-json\/wp\/v2\/media?parent=309"}],"curies":[{"name":"wp","href":"https:\/\/api.w.org\/{rel}","templated":true}]}}