{"id":322,"date":"2019-08-02T10:28:15","date_gmt":"2019-08-02T08:28:15","guid":{"rendered":"https:\/\/conteurspro.fr\/site\/?page_id=322"},"modified":"2025-06-06T12:10:23","modified_gmt":"2025-06-06T10:10:23","slug":"mille-et-un-lieux-du-contes","status":"publish","type":"page","link":"https:\/\/conteurspro.fr\/site\/mille-et-un-lieux-du-contes\/","title":{"rendered":"Mille et un lieux du contes"},"content":{"rendered":"<p style=\"text-align: left;\" align=\"center\"><img loading=\"lazy\" decoding=\"async\" class=\"alignnone size-medium wp-image-514\" src=\"https:\/\/conteurspro.fr\/site\/wp-content\/uploads\/2019\/08\/abstrait24-300x84.jpg\" alt=\"\" width=\"300\" height=\"84\" srcset=\"https:\/\/conteurspro.fr\/site\/wp-content\/uploads\/2019\/08\/abstrait24-300x84.jpg 300w, https:\/\/conteurspro.fr\/site\/wp-content\/uploads\/2019\/08\/abstrait24-768x216.jpg 768w, https:\/\/conteurspro.fr\/site\/wp-content\/uploads\/2019\/08\/abstrait24-1024x288.jpg 1024w, https:\/\/conteurspro.fr\/site\/wp-content\/uploads\/2019\/08\/abstrait24.jpg 1260w\" sizes=\"auto, (max-width: 300px) 100vw, 300px\" \/><\/p>\n<p style=\"text-align: left;\" align=\"center\">Plus que les autres artistes sans doute, les conteurs exercent leur art dans une multiplicit\u00e9 de lieux : de la sc\u00e8ne \u00e0 la grange, de l&rsquo;\u00e9cole \u00e0 la biblioth\u00e8que, du mus\u00e9e \u00e0 la rue, de la prison \u00e0 la maison de retraite, de l&rsquo;h\u00f4pital \u00e0 la pleine nature.<\/p>\n<div>\n<div class=\"texte_corps\">\n<div>\n<p>Les modalit\u00e9s changent, les formes aussi, pourtant, quelque soit le lieu, ils restent artistes de parole.<\/p>\n<p>L&rsquo;Association Professionnelle des Artistes Conteurs a d\u00e9cid\u00e9 de lister des diff\u00e9rents lieux de pratique, et les exigences artistiques, \u00e9thiques, philosophiques et financi\u00e8res li\u00e9es \u00e0 l&rsquo;exercice de notre profession dans ces lieux.<\/p>\n<p>Fiches disponibles :<\/p>\n<p><a class=\"Rouge\" href=\"https:\/\/conteurspro.fr\/site\/pdf\/6_dossiers\/creche2.pdf\">Conter en cr\u00e8che<br \/>\n<\/a><a class=\"Rouge\" href=\"https:\/\/conteurspro.fr\/pdf\/6_dossiers\/musee.pdf\">Conter dans un mus\u00e9e<br \/>\n<\/a><a class=\"Rouge\" href=\"https:\/\/conteurspro.fr\/pdf\/6_dossiers\/hopital.pdf\">Conter \u00e0 l&rsquo;h\u00f4pital<br \/>\n<\/a><\/p>\n<p><em>D&rsquo;autres documents sont en pr\u00e9paration :<\/em><\/p>\n<p>Conter en maison de retraite<br \/>\nConter en prison<br \/>\nConter en biblioth\u00e8que<br \/>\nConter dans les restaurants<\/p>\n<div>\n<div><img loading=\"lazy\" decoding=\"async\" class=\"alignnone size-medium wp-image-523\" src=\"https:\/\/conteurspro.fr\/site\/wp-content\/uploads\/2019\/08\/abstrait28-300x84.jpg\" alt=\"\" width=\"300\" height=\"84\" srcset=\"https:\/\/conteurspro.fr\/site\/wp-content\/uploads\/2019\/08\/abstrait28-300x84.jpg 300w, https:\/\/conteurspro.fr\/site\/wp-content\/uploads\/2019\/08\/abstrait28-768x216.jpg 768w, https:\/\/conteurspro.fr\/site\/wp-content\/uploads\/2019\/08\/abstrait28-1024x288.jpg 1024w, https:\/\/conteurspro.fr\/site\/wp-content\/uploads\/2019\/08\/abstrait28.jpg 1260w\" sizes=\"auto, (max-width: 300px) 100vw, 300px\" \/><\/div>\n<\/div>\n<\/div>\n<\/div>\n<\/div>\n","protected":false},"excerpt":{"rendered":"<p>Plus que les autres artistes sans doute, les conteurs exercent leur art dans une multiplicit\u00e9 de lieux : de la sc\u00e8ne \u00e0 la grange, de l&rsquo;\u00e9cole \u00e0 la biblioth\u00e8que, du mus\u00e9e \u00e0 la rue, de la prison \u00e0 la maison de retraite, de l&rsquo;h\u00f4pital \u00e0 la pleine nature. Les modalit\u00e9s changent, les formes aussi, pourtant, quelque soit le lieu, ils restent artistes de parole. L&rsquo;Association Professionnelle des Artistes Conteurs a d\u00e9cid\u00e9 de lister des diff\u00e9rents lieux de pratique, et les exigences artistiques, \u00e9thiques, philosophiques et financi\u00e8res li\u00e9es \u00e0 l&rsquo;exercice de notre profession dans ces lieux. Fiches disponibles : Conter en cr\u00e8che Conter dans un mus\u00e9e Conter \u00e0 l&rsquo;h\u00f4pital D&rsquo;autres documents sont en pr\u00e9paration : Conter en maison de retraite Conter en prison Conter en biblioth\u00e8que Conter dans les restaurants<\/p>\n","protected":false},"author":23,"featured_media":0,"parent":0,"menu_order":0,"comment_status":"closed","ping_status":"closed","template":"","meta":{"footnotes":""},"class_list":["post-322","page","type-page","status-publish","hentry"],"_links":{"self":[{"href":"https:\/\/conteurspro.fr\/site\/wp-json\/wp\/v2\/pages\/322","targetHints":{"allow":["GET"]}}],"collection":[{"href":"https:\/\/conteurspro.fr\/site\/wp-json\/wp\/v2\/pages"}],"about":[{"href":"https:\/\/conteurspro.fr\/site\/wp-json\/wp\/v2\/types\/page"}],"author":[{"embeddable":true,"href":"https:\/\/conteurspro.fr\/site\/wp-json\/wp\/v2\/users\/23"}],"replies":[{"embeddable":true,"href":"https:\/\/conteurspro.fr\/site\/wp-json\/wp\/v2\/comments?post=322"}],"version-history":[{"count":4,"href":"https:\/\/conteurspro.fr\/site\/wp-json\/wp\/v2\/pages\/322\/revisions"}],"predecessor-version":[{"id":525,"href":"https:\/\/conteurspro.fr\/site\/wp-json\/wp\/v2\/pages\/322\/revisions\/525"}],"wp:attachment":[{"href":"https:\/\/conteurspro.fr\/site\/wp-json\/wp\/v2\/media?parent=322"}],"curies":[{"name":"wp","href":"https:\/\/api.w.org\/{rel}","templated":true}]}}