{"id":355,"date":"2019-08-04T21:39:47","date_gmt":"2019-08-04T19:39:47","guid":{"rendered":"https:\/\/conteurspro.fr\/site\/?page_id=355"},"modified":"2024-10-10T13:45:04","modified_gmt":"2024-10-10T11:45:04","slug":"commission-quel-lieu-pour-le-conte","status":"publish","type":"page","link":"https:\/\/conteurspro.fr\/site\/commission-quel-lieu-pour-le-conte\/","title":{"rendered":"Commission Quel lieu pour le conte ?"},"content":{"rendered":"<hr \/>\n<p class=\"Style6\" style=\"text-align: center;\" align=\"left\"><img loading=\"lazy\" decoding=\"async\" class=\"alignnone size-medium wp-image-1390\" src=\"https:\/\/conteurspro.fr\/site\/wp-content\/uploads\/2020\/11\/photo-qlpc1-300x225.jpg\" alt=\"\" width=\"300\" height=\"225\" srcset=\"https:\/\/conteurspro.fr\/site\/wp-content\/uploads\/2020\/11\/photo-qlpc1-300x225.jpg 300w, https:\/\/conteurspro.fr\/site\/wp-content\/uploads\/2020\/11\/photo-qlpc1.jpg 512w\" sizes=\"auto, (max-width: 300px) 100vw, 300px\" \/><\/p>\n<p>Quel est donc cet espace artistique et technique qui accueille l\u2019art du conte ? <br \/>Comment le d\u00e9finir, le r\u00eaver\u2026 l\u2019inventer ?<\/p>\n<p><br \/>La commission Quel lieu pour le conte<br \/>Questionnements, travaux, rencontres et r\u00e9alisations<\/p>\n<p>Au sein de l\u2019APACC, une questionnement a \u00e9merg\u00e9 : les lieux accueillant l\u2019art du conte sont-ils satisfaisants aux besoins artistiques et techniques des conteurs et conteuses ? <br \/>Quelles incidences leurs dispositifs r\u00e9percutent-il sur la relation aux publics ?<br \/>Que serait donc un lieu qui apporterait ce qui est fondamentalement n\u00e9cessaire \u00e0 l\u2019art du conte ? Seul\u00b7es les conteurs et conteuses peuvent r\u00e9pondre \u00e0 ces questions.<br \/>La Commission Quel Lieu pour Le conte s\u2019est alors constitu\u00e9e pour se consacrer dans un premier temps aux conditions mat\u00e9rielles de l\u2019exercice de l\u2019art du conte (ergonomie, sc\u00e9nographie, technique, etc.)<\/p>\n<p>Un groupe de travail a favoris\u00e9 la r\u00e9union et la collaboration de plus d\u2019une vingtaine de membres de l\u2019Apacc pour \u00e9laborer les grilles de plusieurs questionnaires et enqu\u00eates, les mener aupr\u00e8s de conteurs et conteuses professionnel\u00b7les et en extraire des donn\u00e9es probantes\u00a0sur :<br \/>\u2981 leurs besoins techniques et la r\u00e9alit\u00e9 rencontr\u00e9e, <br \/>\u2981 les jauges souhait\u00e9es selon les publics et les r\u00e9pertoires,<br \/>\u2981 la nature de cette relation \u00e0 l\u2019auditoire.<\/p>\n<p><a href=\"https:\/\/conteurspro.fr\/site\/wp-content\/uploads\/2020\/11\/Preambule-quest-1-et-2.pdf\">Pr\u00e9ambule quest 1 et 2<\/a><\/p>\n<p><a href=\"https:\/\/conteurspro.fr\/site\/wp-content\/uploads\/2020\/11\/QuestT-1.pdf\">QuestT 1<\/a><\/p>\n<p><a href=\"https:\/\/conteurspro.fr\/site\/wp-content\/uploads\/2020\/11\/Quest-T-2.pdf\">Quest T 2<\/a><\/p>\n<p><a href=\"https:\/\/conteurspro.fr\/site\/wp-content\/uploads\/2020\/11\/Relation-aux-auditoires.pdf\">Relation aux auditoires<\/a><\/p>\n<p>Ces nombreux crit\u00e8res, apr\u00e8s avoir \u00e9t\u00e9 recens\u00e9s et analys\u00e9s, ont amen\u00e9 \u00e0 d\u00e9terminer les contours d\u2019une salle convenant au 3\/4 des 50 personnes ayant r\u00e9pondu \u00e0 chaque questionnaire.<br \/>Parall\u00e8lement, une rencontre s\u2019est \u00e9galement organis\u00e9e pour partager notre travail avec les partenaires du conte concern\u00e9s par ce th\u00e8me\u00a0: Minist\u00e8re de la Culture, institutions, organisateurs, programmateurs, ainsi que b\u00e2tisseurs de lieux de spectacle vivant\u00a0: sc\u00e9nographes, acousticiens et programmistes.<\/p>\n<p><a href=\"https:\/\/conteurspro.fr\/site\/wp-content\/uploads\/2020\/11\/Table-ronde-02-17-CR.pdf\">Table ronde 02 17 CR<\/a><\/p>\n<p>Afin de concr\u00e9tiser toutes les donn\u00e9es collect\u00e9es, l\u2019\u00e9laboration de plans de pr\u00e9-\u00e9tude et la r\u00e9alisation d\u2019une maquette ont pu aboutir.<\/p>\n<p><a href=\"https:\/\/conteurspro.fr\/site\/wp-content\/uploads\/2020\/11\/Quel-lieu-pour-le-conte-Kanju.pdf\">Quel lieu pour le conte &#8211; Kanju<\/a><\/p>\n<p><img loading=\"lazy\" decoding=\"async\" class=\"size-medium wp-image-1391 aligncenter\" src=\"https:\/\/conteurspro.fr\/site\/wp-content\/uploads\/2020\/11\/photo-maquette-300x200.jpg\" alt=\"\" width=\"300\" height=\"200\" srcset=\"https:\/\/conteurspro.fr\/site\/wp-content\/uploads\/2020\/11\/photo-maquette-300x200.jpg 300w, https:\/\/conteurspro.fr\/site\/wp-content\/uploads\/2020\/11\/photo-maquette.jpg 545w\" sizes=\"auto, (max-width: 300px) 100vw, 300px\" \/><\/p>\n<p>A la suite de quoi, un dossier a \u00e9t\u00e9 \u00e9tabli, pr\u00e9sentant et chiffrant une base de programme architectural. Un lieu fixe servant le conte peut d\u00e9sormais s\u2019imaginer.<\/p>\n<p><a href=\"https:\/\/conteurspro.fr\/site\/wp-content\/uploads\/2020\/11\/une-salle-pour-le-conte-APACC.pdf\">une-salle-pour-le-conte-APACC<\/a><\/p>\n<p>Y est \u00e9galement propos\u00e9 et chiffr\u00e9 un dispositif itin\u00e9rant. Il finalise notre travail pour une installation \u00e9ph\u00e9m\u00e8re pouvant s\u2019implanter ais\u00e9ment dans tr\u00e8s nombreux espaces existants, salle des f\u00eates, gymnase, chapiteau, pour atteindre ainsi villes et villages qui ne poss\u00e8dent pas de salle d\u00e9di\u00e9e au spectacle vivant.<\/p>\n<p>La diffusion de notre projet devient aujourd\u2019hui l\u2019objet de notre travail\u00a0: faire conna\u00eetre et na\u00eetre des salles pour le conte. Avec le plaisir de savoir qu\u2019elles favoriseront tout aussi bien l\u2019accueil de toute forme l\u00e9g\u00e8re, musique de chambre, lectures, po\u00e9sie, chanson, etc\u2026<\/p>\n<p class=\"Style10\">\u2019<\/p>\n<p class=\"Style10\">\u00a0<\/p>\n\n","protected":false},"excerpt":{"rendered":"<p>Quel est donc cet espace artistique et technique qui accueille l\u2019art du conte ? Comment le d\u00e9finir, le r\u00eaver\u2026 l\u2019inventer ? La commission Quel lieu pour le conteQuestionnements, travaux, rencontres et r\u00e9alisations Au sein de l\u2019APACC, une questionnement a \u00e9merg\u00e9 : les lieux accueillant l\u2019art du conte sont-ils satisfaisants aux besoins artistiques et techniques des conteurs et conteuses ? Quelles incidences leurs dispositifs r\u00e9percutent-il sur la relation aux publics ?Que serait donc un lieu qui apporterait ce qui est fondamentalement n\u00e9cessaire \u00e0 l\u2019art du conte ? Seul\u00b7es les conteurs et conteuses peuvent r\u00e9pondre \u00e0 ces questions.La Commission Quel Lieu pour Le conte s\u2019est alors constitu\u00e9e pour se consacrer dans un premier temps aux conditions mat\u00e9rielles de l\u2019exercice de l\u2019art du conte (ergonomie, sc\u00e9nographie, technique, etc.) Un groupe de travail a favoris\u00e9 la r\u00e9union et la collaboration de plus d\u2019une vingtaine de membres de l\u2019Apacc pour \u00e9laborer les grilles de plusieurs questionnaires et enqu\u00eates, les mener aupr\u00e8s de conteurs et conteuses professionnel\u00b7les et en extraire des donn\u00e9es probantes\u00a0sur :\u2981 leurs besoins techniques et la r\u00e9alit\u00e9 rencontr\u00e9e, \u2981 les jauges souhait\u00e9es selon les publics et les r\u00e9pertoires,\u2981 la nature de cette relation \u00e0 l\u2019auditoire. Pr\u00e9ambule quest 1 et 2 QuestT 1 Quest T 2 Relation aux auditoires Ces nombreux crit\u00e8res, apr\u00e8s avoir \u00e9t\u00e9 recens\u00e9s et analys\u00e9s, ont amen\u00e9 \u00e0 d\u00e9terminer les contours d\u2019une salle convenant au 3\/4 des 50 personnes ayant r\u00e9pondu \u00e0 chaque questionnaire.Parall\u00e8lement, une rencontre s\u2019est \u00e9galement organis\u00e9e pour partager notre travail avec les partenaires du conte concern\u00e9s par ce th\u00e8me\u00a0: Minist\u00e8re de la Culture, institutions, organisateurs, programmateurs, ainsi que b\u00e2tisseurs de lieux de spectacle vivant\u00a0: sc\u00e9nographes, acousticiens et programmistes. Table ronde 02 17 CR Afin de concr\u00e9tiser toutes les donn\u00e9es collect\u00e9es, l\u2019\u00e9laboration de plans de pr\u00e9-\u00e9tude et la r\u00e9alisation d\u2019une maquette ont pu aboutir. Quel lieu pour le conte &#8211; Kanju A la suite de quoi, un dossier a \u00e9t\u00e9 \u00e9tabli, pr\u00e9sentant et chiffrant une base de programme architectural. Un lieu fixe servant le conte peut d\u00e9sormais s\u2019imaginer. une-salle-pour-le-conte-APACC Y est \u00e9galement propos\u00e9 et chiffr\u00e9 un dispositif itin\u00e9rant. Il finalise notre travail pour une installation \u00e9ph\u00e9m\u00e8re pouvant s\u2019implanter ais\u00e9ment dans tr\u00e8s nombreux espaces existants, salle des f\u00eates, gymnase, chapiteau, pour atteindre ainsi villes et villages qui ne poss\u00e8dent pas de salle d\u00e9di\u00e9e au spectacle vivant. La diffusion de notre projet devient aujourd\u2019hui l\u2019objet de notre travail\u00a0: faire conna\u00eetre et na\u00eetre des salles pour le conte. Avec le plaisir de savoir qu\u2019elles favoriseront tout aussi bien l\u2019accueil de toute forme l\u00e9g\u00e8re, musique de chambre, lectures, po\u00e9sie, chanson, etc\u2026 \u2019 \u00a0<\/p>\n","protected":false},"author":23,"featured_media":0,"parent":0,"menu_order":0,"comment_status":"closed","ping_status":"closed","template":"","meta":{"footnotes":""},"class_list":["post-355","page","type-page","status-publish","hentry"],"_links":{"self":[{"href":"https:\/\/conteurspro.fr\/site\/wp-json\/wp\/v2\/pages\/355","targetHints":{"allow":["GET"]}}],"collection":[{"href":"https:\/\/conteurspro.fr\/site\/wp-json\/wp\/v2\/pages"}],"about":[{"href":"https:\/\/conteurspro.fr\/site\/wp-json\/wp\/v2\/types\/page"}],"author":[{"embeddable":true,"href":"https:\/\/conteurspro.fr\/site\/wp-json\/wp\/v2\/users\/23"}],"replies":[{"embeddable":true,"href":"https:\/\/conteurspro.fr\/site\/wp-json\/wp\/v2\/comments?post=355"}],"version-history":[{"count":26,"href":"https:\/\/conteurspro.fr\/site\/wp-json\/wp\/v2\/pages\/355\/revisions"}],"predecessor-version":[{"id":4226,"href":"https:\/\/conteurspro.fr\/site\/wp-json\/wp\/v2\/pages\/355\/revisions\/4226"}],"wp:attachment":[{"href":"https:\/\/conteurspro.fr\/site\/wp-json\/wp\/v2\/media?parent=355"}],"curies":[{"name":"wp","href":"https:\/\/api.w.org\/{rel}","templated":true}]}}