{"id":3591,"date":"2024-06-24T10:25:55","date_gmt":"2024-06-24T08:25:55","guid":{"rendered":"https:\/\/conteurspro.fr\/site\/?page_id=3591"},"modified":"2026-03-08T15:14:39","modified_gmt":"2026-03-08T14:14:39","slug":"conteurs-et-conteuses-du-monde","status":"publish","type":"page","link":"https:\/\/conteurspro.fr\/site\/conteurs-et-conteuses-du-monde\/","title":{"rendered":"Conteurs et conteuses du monde"},"content":{"rendered":"\n<p><\/p>\n\n\n\n<div class=\"wp-block-group is-vertical is-layout-flex wp-container-core-group-is-layout-8cf370e7 wp-block-group-is-layout-flex\">\n<figure class=\"wp-block-image size-large is-resized\"><a href=\"https:\/\/conteurspro.fr\/site\/wp-content\/uploads\/2024\/06\/portrait-01-suisse-A4-g.pdf\" target=\"_blank\" rel=\"https:\/\/conteurspro.fr\/site\/wp-content\/uploads\/2024\/06\/portrait-01-suisse-A4-g.pdf noreferrer noopener\"><img decoding=\"async\" src=\"https:\/\/conteurspro.fr\/site\/wp-content\/uploads\/2025\/02\/accroche-suisse-fev.jpg\" alt=\"\" style=\"width:481px;height:auto\"\/><\/a><figcaption class=\"wp-element-caption\">Portrait 1 : la Suisse romande (cliquez sur l&rsquo;image pour acc\u00e9der \u00e0 l&rsquo;article)<\/figcaption><\/figure>\n<\/div>\n\n\n\n<p><\/p>\n\n\n\n<div class=\"wp-block-group is-vertical is-layout-flex wp-container-core-group-is-layout-8cf370e7 wp-block-group-is-layout-flex\">\n<div class=\"wp-block-group is-nowrap is-layout-flex wp-container-core-group-is-layout-ad2f72ca wp-block-group-is-layout-flex\">\n<figure class=\"wp-block-image size-full\"><a href=\"https:\/\/conteurspro.fr\/site\/wp-content\/uploads\/2024\/07\/portrait-02-Benin-RIAO-.pdf\"><img loading=\"lazy\" decoding=\"async\" width=\"480\" height=\"480\" src=\"https:\/\/conteurspro.fr\/site\/wp-content\/uploads\/2024\/07\/accroche-benin-carre-02-1.jpeg\" alt=\"\" class=\"wp-image-3656\" srcset=\"https:\/\/conteurspro.fr\/site\/wp-content\/uploads\/2024\/07\/accroche-benin-carre-02-1.jpeg 480w, https:\/\/conteurspro.fr\/site\/wp-content\/uploads\/2024\/07\/accroche-benin-carre-02-1-300x300.jpeg 300w, https:\/\/conteurspro.fr\/site\/wp-content\/uploads\/2024\/07\/accroche-benin-carre-02-1-150x150.jpeg 150w, https:\/\/conteurspro.fr\/site\/wp-content\/uploads\/2024\/07\/accroche-benin-carre-02-1-75x75.jpeg 75w\" sizes=\"auto, (max-width: 480px) 100vw, 480px\" \/><\/a><\/figure>\n<\/div>\n\n\n\n<p>Portrait 2 : le B\u00e9nin (cliquez sur l&rsquo;image pour acc\u00e9der \u00e0 l&rsquo;article)<\/p>\n<\/div>\n\n\n\n<figure class=\"wp-block-image size-full is-resized\"><a href=\"https:\/\/conteurspro.fr\/site\/wp-content\/uploads\/2024\/08\/portrait-04-quebec.pdf\"><img loading=\"lazy\" decoding=\"async\" width=\"960\" height=\"960\" src=\"https:\/\/conteurspro.fr\/site\/wp-content\/uploads\/2024\/09\/accroche-quebec-carre-ok-1.jpeg\" alt=\"\" class=\"wp-image-3724\" style=\"width:475px;height:auto\" srcset=\"https:\/\/conteurspro.fr\/site\/wp-content\/uploads\/2024\/09\/accroche-quebec-carre-ok-1.jpeg 960w, https:\/\/conteurspro.fr\/site\/wp-content\/uploads\/2024\/09\/accroche-quebec-carre-ok-1-300x300.jpeg 300w, https:\/\/conteurspro.fr\/site\/wp-content\/uploads\/2024\/09\/accroche-quebec-carre-ok-1-150x150.jpeg 150w, https:\/\/conteurspro.fr\/site\/wp-content\/uploads\/2024\/09\/accroche-quebec-carre-ok-1-768x768.jpeg 768w, https:\/\/conteurspro.fr\/site\/wp-content\/uploads\/2024\/09\/accroche-quebec-carre-ok-1-75x75.jpeg 75w\" sizes=\"auto, (max-width: 960px) 100vw, 960px\" \/><\/a><\/figure>\n\n\n\n<p>Portrait 3 : Le Qu\u00e9bec (cliquez sur l&rsquo;image pour acc\u00e9der \u00e0 l&rsquo;article)<\/p>\n\n\n\n<figure class=\"wp-block-image size-large is-resized\"><a href=\"https:\/\/conteurspro.fr\/site\/wp-content\/uploads\/2024\/09\/portrait-04-cuba-02.pdf\"><img loading=\"lazy\" decoding=\"async\" width=\"1024\" height=\"1024\" src=\"https:\/\/conteurspro.fr\/site\/wp-content\/uploads\/2024\/09\/accroche-cuba-carre-1-1024x1024.jpg\" alt=\"\" class=\"wp-image-3751\" style=\"width:472px;height:auto\" srcset=\"https:\/\/conteurspro.fr\/site\/wp-content\/uploads\/2024\/09\/accroche-cuba-carre-1-1024x1024.jpg 1024w, https:\/\/conteurspro.fr\/site\/wp-content\/uploads\/2024\/09\/accroche-cuba-carre-1-300x300.jpg 300w, https:\/\/conteurspro.fr\/site\/wp-content\/uploads\/2024\/09\/accroche-cuba-carre-1-150x150.jpg 150w, https:\/\/conteurspro.fr\/site\/wp-content\/uploads\/2024\/09\/accroche-cuba-carre-1-768x768.jpg 768w, https:\/\/conteurspro.fr\/site\/wp-content\/uploads\/2024\/09\/accroche-cuba-carre-1-1536x1536.jpg 1536w, https:\/\/conteurspro.fr\/site\/wp-content\/uploads\/2024\/09\/accroche-cuba-carre-1-2048x2048.jpg 2048w, https:\/\/conteurspro.fr\/site\/wp-content\/uploads\/2024\/09\/accroche-cuba-carre-1-1140x1140.jpg 1140w, https:\/\/conteurspro.fr\/site\/wp-content\/uploads\/2024\/09\/accroche-cuba-carre-1-75x75.jpg 75w\" sizes=\"auto, (max-width: 1024px) 100vw, 1024px\" \/><\/a><\/figure>\n\n\n\n<p>Portrait 4 : Cuba (cliquez sur l&rsquo;image pour acc\u00e9der \u00e0 l&rsquo;article)<\/p>\n\n\n\n<figure class=\"wp-block-image size-full\"><a href=\"https:\/\/conteurspro.fr\/site\/wp-content\/uploads\/2024\/11\/portrait-grec-02.pdf\"><img loading=\"lazy\" decoding=\"async\" width=\"480\" height=\"480\" src=\"https:\/\/conteurspro.fr\/site\/wp-content\/uploads\/2025\/01\/accroche-grece-4-carre.jpeg\" alt=\"\" class=\"wp-image-4167\" srcset=\"https:\/\/conteurspro.fr\/site\/wp-content\/uploads\/2025\/01\/accroche-grece-4-carre.jpeg 480w, https:\/\/conteurspro.fr\/site\/wp-content\/uploads\/2025\/01\/accroche-grece-4-carre-300x300.jpeg 300w, https:\/\/conteurspro.fr\/site\/wp-content\/uploads\/2025\/01\/accroche-grece-4-carre-150x150.jpeg 150w, https:\/\/conteurspro.fr\/site\/wp-content\/uploads\/2025\/01\/accroche-grece-4-carre-75x75.jpeg 75w\" sizes=\"auto, (max-width: 480px) 100vw, 480px\" \/><\/a><\/figure>\n\n\n\n<p>Portrait 5 : La Gr\u00e8ce (cliquez sur l&rsquo;image pour acc\u00e9der \u00e0 l&rsquo;article)<\/p>\n\n\n\n<figure class=\"wp-block-image size-large is-resized\"><a href=\"https:\/\/conteurspro.fr\/site\/wp-content\/uploads\/2025\/01\/portrait-06-Colombie-4ok.pdf\"><img loading=\"lazy\" decoding=\"async\" width=\"1024\" height=\"1024\" src=\"https:\/\/conteurspro.fr\/site\/wp-content\/uploads\/2025\/01\/accroche-colombie-1-1024x1024.jpeg\" alt=\"\" class=\"wp-image-4175\" style=\"width:475px;height:auto\" srcset=\"https:\/\/conteurspro.fr\/site\/wp-content\/uploads\/2025\/01\/accroche-colombie-1-1024x1024.jpeg 1024w, https:\/\/conteurspro.fr\/site\/wp-content\/uploads\/2025\/01\/accroche-colombie-1-300x300.jpeg 300w, https:\/\/conteurspro.fr\/site\/wp-content\/uploads\/2025\/01\/accroche-colombie-1-150x150.jpeg 150w, https:\/\/conteurspro.fr\/site\/wp-content\/uploads\/2025\/01\/accroche-colombie-1-768x768.jpeg 768w, https:\/\/conteurspro.fr\/site\/wp-content\/uploads\/2025\/01\/accroche-colombie-1-1140x1140.jpeg 1140w, https:\/\/conteurspro.fr\/site\/wp-content\/uploads\/2025\/01\/accroche-colombie-1-75x75.jpeg 75w, https:\/\/conteurspro.fr\/site\/wp-content\/uploads\/2025\/01\/accroche-colombie-1.jpeg 1190w\" sizes=\"auto, (max-width: 1024px) 100vw, 1024px\" \/><\/a><\/figure>\n\n\n\n<p>Portrait 6 : La Colombie (cliquez sur l&rsquo;image pour acc\u00e9der \u00e0 l&rsquo;article)<\/p>\n\n\n\n<p><\/p>\n\n\n\n<figure class=\"wp-block-image size-full is-resized\"><a href=\"https:\/\/conteurspro.fr\/site\/wp-content\/uploads\/2025\/03\/portrait-07-Belgique-01.pdf\"><img loading=\"lazy\" decoding=\"async\" width=\"960\" height=\"960\" src=\"https:\/\/conteurspro.fr\/site\/wp-content\/uploads\/2025\/03\/accroche-Belgique.jpeg\" alt=\"\" class=\"wp-image-4341\" style=\"width:479px;height:auto\" srcset=\"https:\/\/conteurspro.fr\/site\/wp-content\/uploads\/2025\/03\/accroche-Belgique.jpeg 960w, https:\/\/conteurspro.fr\/site\/wp-content\/uploads\/2025\/03\/accroche-Belgique-300x300.jpeg 300w, https:\/\/conteurspro.fr\/site\/wp-content\/uploads\/2025\/03\/accroche-Belgique-150x150.jpeg 150w, https:\/\/conteurspro.fr\/site\/wp-content\/uploads\/2025\/03\/accroche-Belgique-768x768.jpeg 768w, https:\/\/conteurspro.fr\/site\/wp-content\/uploads\/2025\/03\/accroche-Belgique-75x75.jpeg 75w\" sizes=\"auto, (max-width: 960px) 100vw, 960px\" \/><\/a><\/figure>\n\n\n\n<p>Portrait 7 : La Belgique (cliquez sur l&rsquo;image pour acc\u00e9der \u00e0 l&rsquo;article)<\/p>\n\n\n\n<figure class=\"wp-block-image size-full is-resized\"><a href=\"https:\/\/conteurspro.fr\/site\/wp-content\/uploads\/2025\/06\/portrait-08-France-juin.pdf\"><img loading=\"lazy\" decoding=\"async\" width=\"595\" height=\"595\" src=\"https:\/\/conteurspro.fr\/site\/wp-content\/uploads\/2025\/05\/accroche-france-1.jpeg\" alt=\"\" class=\"wp-image-4485\" style=\"width:478px;height:auto\" srcset=\"https:\/\/conteurspro.fr\/site\/wp-content\/uploads\/2025\/05\/accroche-france-1.jpeg 595w, https:\/\/conteurspro.fr\/site\/wp-content\/uploads\/2025\/05\/accroche-france-1-300x300.jpeg 300w, https:\/\/conteurspro.fr\/site\/wp-content\/uploads\/2025\/05\/accroche-france-1-150x150.jpeg 150w, https:\/\/conteurspro.fr\/site\/wp-content\/uploads\/2025\/05\/accroche-france-1-75x75.jpeg 75w\" sizes=\"auto, (max-width: 595px) 100vw, 595px\" \/><\/a><\/figure>\n\n\n\n<p>Portrait 8 : La France (cliquez sur l&rsquo;image pour acc\u00e9der \u00e0 l&rsquo;article)<\/p>\n\n\n\n<figure class=\"wp-block-image size-full\"><a href=\"https:\/\/conteurspro.fr\/site\/wp-content\/uploads\/2025\/08\/portrait-09-Liban-ok.pdf\"><img loading=\"lazy\" decoding=\"async\" width=\"480\" height=\"480\" src=\"https:\/\/conteurspro.fr\/site\/wp-content\/uploads\/2025\/08\/accroche-liban.jpeg\" alt=\"\" class=\"wp-image-4720\" srcset=\"https:\/\/conteurspro.fr\/site\/wp-content\/uploads\/2025\/08\/accroche-liban.jpeg 480w, https:\/\/conteurspro.fr\/site\/wp-content\/uploads\/2025\/08\/accroche-liban-300x300.jpeg 300w, https:\/\/conteurspro.fr\/site\/wp-content\/uploads\/2025\/08\/accroche-liban-150x150.jpeg 150w, https:\/\/conteurspro.fr\/site\/wp-content\/uploads\/2025\/08\/accroche-liban-75x75.jpeg 75w\" sizes=\"auto, (max-width: 480px) 100vw, 480px\" \/><\/a><\/figure>\n\n\n\n<p>Portrait 9 : Le Liban (cliquez sur l&rsquo;image pour acc\u00e9der \u00e0 l&rsquo;article)<\/p>\n\n\n\n<figure class=\"wp-block-image size-full is-resized\"><a href=\"https:\/\/conteurspro.fr\/site\/wp-content\/uploads\/2025\/11\/portrait-10-Meique-02.pdf\"><img loading=\"lazy\" decoding=\"async\" width=\"480\" height=\"480\" src=\"https:\/\/conteurspro.fr\/site\/wp-content\/uploads\/2025\/12\/accroche-mexique.jpeg\" alt=\"\" class=\"wp-image-4943\" style=\"width:486px;height:auto\" srcset=\"https:\/\/conteurspro.fr\/site\/wp-content\/uploads\/2025\/12\/accroche-mexique.jpeg 480w, https:\/\/conteurspro.fr\/site\/wp-content\/uploads\/2025\/12\/accroche-mexique-300x300.jpeg 300w, https:\/\/conteurspro.fr\/site\/wp-content\/uploads\/2025\/12\/accroche-mexique-150x150.jpeg 150w, https:\/\/conteurspro.fr\/site\/wp-content\/uploads\/2025\/12\/accroche-mexique-75x75.jpeg 75w\" sizes=\"auto, (max-width: 480px) 100vw, 480px\" \/><\/a><\/figure>\n\n\n\n<p>Portrait 10 : Le Mexique (cliquez sur l&rsquo;image pour acc\u00e9der \u00e0 l&rsquo;article)<\/p>\n\n\n\n<figure class=\"wp-block-image size-full is-resized\"><a href=\"https:\/\/conteurspro.fr\/site\/wp-content\/uploads\/2026\/03\/portrait-11-espagne.pdf\"><img loading=\"lazy\" decoding=\"async\" width=\"960\" height=\"960\" src=\"https:\/\/conteurspro.fr\/site\/wp-content\/uploads\/2026\/03\/accroche-espagne-1.jpeg\" alt=\"\" class=\"wp-image-5415\" style=\"width:489px;height:auto\" srcset=\"https:\/\/conteurspro.fr\/site\/wp-content\/uploads\/2026\/03\/accroche-espagne-1.jpeg 960w, https:\/\/conteurspro.fr\/site\/wp-content\/uploads\/2026\/03\/accroche-espagne-1-300x300.jpeg 300w, https:\/\/conteurspro.fr\/site\/wp-content\/uploads\/2026\/03\/accroche-espagne-1-150x150.jpeg 150w, https:\/\/conteurspro.fr\/site\/wp-content\/uploads\/2026\/03\/accroche-espagne-1-768x768.jpeg 768w, https:\/\/conteurspro.fr\/site\/wp-content\/uploads\/2026\/03\/accroche-espagne-1-75x75.jpeg 75w\" sizes=\"auto, (max-width: 960px) 100vw, 960px\" \/><\/a><\/figure>\n\n\n\n<p>Portrait 11 : L&rsquo;Espagne (cliquer sur l&rsquo;image pour acc\u00e9der \u00e0 l&rsquo;article)<\/p>\n","protected":false},"excerpt":{"rendered":"<p>Portrait 2 : le B\u00e9nin (cliquez sur l&rsquo;image pour acc\u00e9der \u00e0 l&rsquo;article) Portrait 3 : Le Qu\u00e9bec (cliquez sur l&rsquo;image pour acc\u00e9der \u00e0 l&rsquo;article) Portrait 4 : Cuba (cliquez sur l&rsquo;image pour acc\u00e9der \u00e0 l&rsquo;article) Portrait 5 : La Gr\u00e8ce (cliquez sur l&rsquo;image pour acc\u00e9der \u00e0 l&rsquo;article) Portrait 6 : La Colombie (cliquez sur l&rsquo;image pour acc\u00e9der \u00e0 l&rsquo;article) Portrait 7 : La Belgique (cliquez sur l&rsquo;image pour acc\u00e9der \u00e0 l&rsquo;article) Portrait 8 : La France (cliquez sur l&rsquo;image pour acc\u00e9der \u00e0 l&rsquo;article) Portrait 9 : Le Liban (cliquez sur l&rsquo;image pour acc\u00e9der \u00e0 l&rsquo;article) Portrait 10 : Le Mexique (cliquez sur l&rsquo;image pour acc\u00e9der \u00e0 l&rsquo;article) Portrait 11 : L&rsquo;Espagne (cliquer sur l&rsquo;image pour acc\u00e9der \u00e0 l&rsquo;article)<\/p>\n","protected":false},"author":9,"featured_media":0,"parent":0,"menu_order":0,"comment_status":"closed","ping_status":"closed","template":"","meta":{"footnotes":""},"class_list":["post-3591","page","type-page","status-publish","hentry"],"_links":{"self":[{"href":"https:\/\/conteurspro.fr\/site\/wp-json\/wp\/v2\/pages\/3591","targetHints":{"allow":["GET"]}}],"collection":[{"href":"https:\/\/conteurspro.fr\/site\/wp-json\/wp\/v2\/pages"}],"about":[{"href":"https:\/\/conteurspro.fr\/site\/wp-json\/wp\/v2\/types\/page"}],"author":[{"embeddable":true,"href":"https:\/\/conteurspro.fr\/site\/wp-json\/wp\/v2\/users\/9"}],"replies":[{"embeddable":true,"href":"https:\/\/conteurspro.fr\/site\/wp-json\/wp\/v2\/comments?post=3591"}],"version-history":[{"count":36,"href":"https:\/\/conteurspro.fr\/site\/wp-json\/wp\/v2\/pages\/3591\/revisions"}],"predecessor-version":[{"id":5420,"href":"https:\/\/conteurspro.fr\/site\/wp-json\/wp\/v2\/pages\/3591\/revisions\/5420"}],"wp:attachment":[{"href":"https:\/\/conteurspro.fr\/site\/wp-json\/wp\/v2\/media?parent=3591"}],"curies":[{"name":"wp","href":"https:\/\/api.w.org\/{rel}","templated":true}]}}