{"id":36,"date":"2019-08-01T09:39:35","date_gmt":"2019-08-01T07:39:35","guid":{"rendered":"https:\/\/conteurspro.fr\/site\/?page_id=36"},"modified":"2026-02-19T19:01:15","modified_gmt":"2026-02-19T18:01:15","slug":"qui-sommes-nous","status":"publish","type":"page","link":"https:\/\/conteurspro.fr\/site\/qui-sommes-nous\/","title":{"rendered":"Qui sommes nous ?"},"content":{"rendered":"\n<figure class=\"wp-block-image size-large\"><img loading=\"lazy\" decoding=\"async\" width=\"1024\" height=\"732\" src=\"https:\/\/conteurspro.fr\/site\/wp-content\/uploads\/2026\/02\/montage-AG-2025-1-1024x732.jpg\" alt=\"\" class=\"wp-image-5362\" srcset=\"https:\/\/conteurspro.fr\/site\/wp-content\/uploads\/2026\/02\/montage-AG-2025-1-1024x732.jpg 1024w, https:\/\/conteurspro.fr\/site\/wp-content\/uploads\/2026\/02\/montage-AG-2025-1-300x214.jpg 300w, https:\/\/conteurspro.fr\/site\/wp-content\/uploads\/2026\/02\/montage-AG-2025-1-768x549.jpg 768w, https:\/\/conteurspro.fr\/site\/wp-content\/uploads\/2026\/02\/montage-AG-2025-1-1140x815.jpg 1140w, https:\/\/conteurspro.fr\/site\/wp-content\/uploads\/2026\/02\/montage-AG-2025-1.jpg 1240w\" sizes=\"auto, (max-width: 1024px) 100vw, 1024px\" \/><figcaption class=\"wp-element-caption\">P\u00eale-M\u00eale &#8230; Quelques instantan\u00e9s saisis \u00e0 Narbonne-Plage en septembre 2025 ! <\/figcaption><\/figure>\n\n\n<p><span class=\"Style35\">L&rsquo;Association Professionnelle des Artistes Conteurs est n\u00e9e en janvier 2010 lors d&rsquo;un rassemblement de conteurs et conteuses d\u00e9termin\u00e9\u00b7es \u00e0 permettre la participation des artistes \u00e0 la pens\u00e9e et \u00e0 la structuration de la discipline.<\/span><\/p>\n<p>Elle est devenue l&rsquo;Association Professionnelle des Artistes Conteurs et Conteuses lors de son Assembl\u00e9e G\u00e9n\u00e9rale du 8 et 9 septembre 2020 : APACC<\/p>\n<p class=\"Style35\">Elle a aujourd&rsquo;hui une dimension nationale et accueille \u00e9galement quelques conteurs et conteuses francophones qui exercent r\u00e9guli\u00e8rement sur le territoire.<\/p>\n<p class=\"Style35\">Elle est un lieu de fraternit\u00e9, de mutualisation et de solidarit\u00e9 entre conteurs et conteuses dans le respect de la sp\u00e9cificit\u00e9 artistique de chacun\u00b7e. Elle est \u00e9galement une interlocutrice reconnue aupr\u00e8s des institutions (Minist\u00e8re de la Culture) et des structures \u0153uvrant dans le domaine du conte et du spectacle vivant en g\u00e9n\u00e9ral.<\/p>\n<p class=\"Style35\">Par ses actions, l&rsquo;APACC contribue \u00e0 une meilleure connaissance de l&rsquo;art des conteurs et des conteuses,\u00a0 et \u00e0 son rayonnement comme discipline artistique \u00e0 part enti\u00e8re.<\/p>\n<p>Les statuts de l&rsquo;association :\u00a0<\/p>\n<p>ARTICLE 2. Cette association a pour buts de :<\/p>\n<p>1\/ Soutenir et enrichir la pratique des conteurs et conteuses, dans le respect de la sp\u00e9cificit\u00e9 artistique<br \/>de chacun\u00b7e.<\/p>\n<p>2\/ D\u00e9velopper des \u00e9changes entre les membres, dans un esprit de fraternit\u00e9, de mutualisation, de<br \/>solidarit\u00e9. A l\u2019APACC, le collectif prime sur l\u2019individuel, la coop\u00e9ration sur la comp\u00e9tition.<\/p>\n<p>3\/ Contribuer \u00e0 la reconnaissance de l\u2019art du conteur, de la conteuse comme une discipline artistique<br \/>\u00e0 part enti\u00e8re aupr\u00e8s des institutions, des programmateur\u00b7rices et du public.Apporter sa voix \u00e0 la r\u00e9flexion sur la place de l\u2019art et des politiques culturelles dans notre soci\u00e9t\u00e9.<\/p>\n<p>4\/ \u00catre une interlocutrice l\u00e9gitime aupr\u00e8s des organes de l&rsquo;\u00e9tat, collectivit\u00e9s territoriales, associations<br \/>et f\u00e9d\u00e9rations, partenaires et regroupements \u0153uvrant dans le domaine du conte et du spectacle vivant<br \/>en g\u00e9n\u00e9ral.<\/p>\n<p>Pour lire l&rsquo;ensemble des statut de l&rsquo;association, <a href=\"https:\/\/conteurspro.fr\/site\/wp-content\/uploads\/2024\/07\/statuts-Apacc-2023.pdf\">cliquez-ici<\/a>.<\/p>\n<p>Toujours en 1 clic notre\u00a0<a href=\"https:\/\/conteurspro.fr\/site\/wp-content\/uploads\/2020\/10\/definition-de-l-art-du-conteur-ou-de-la-conteuse.pdf\">D\u00e9finition de l&rsquo;Art du Conteur et de la Conteuse<\/a><\/p>\n<p><a href=\"https:\/\/conteurspro.fr\/site\/wp-content\/uploads\/2022\/10\/Manifeste-bonne-version-des-artistes-professionnels\u00b7les-conteurs-conteuses-14-10-2022.pdf\">D\u00e9fense du statut de salari\u00e9-e pour les conteuses et conteurs<\/a><\/p>\n\n\n<p class=\"has-medium-font-size\"><br><\/p>\n","protected":false},"excerpt":{"rendered":"<p>L&rsquo;Association Professionnelle des Artistes Conteurs est n\u00e9e en janvier 2010 lors d&rsquo;un rassemblement de conteurs et conteuses d\u00e9termin\u00e9\u00b7es \u00e0 permettre la participation des artistes \u00e0 la pens\u00e9e et \u00e0 la structuration de la discipline. Elle est devenue l&rsquo;Association Professionnelle des Artistes Conteurs et Conteuses lors de son Assembl\u00e9e G\u00e9n\u00e9rale du 8 et 9 septembre 2020 : APACC Elle a aujourd&rsquo;hui une dimension nationale et accueille \u00e9galement quelques conteurs et conteuses francophones qui exercent r\u00e9guli\u00e8rement sur le territoire. Elle est un lieu de fraternit\u00e9, de mutualisation et de solidarit\u00e9 entre conteurs et conteuses dans le respect de la sp\u00e9cificit\u00e9 artistique de chacun\u00b7e. Elle est \u00e9galement une interlocutrice reconnue aupr\u00e8s des institutions (Minist\u00e8re de la Culture) et des structures \u0153uvrant dans le domaine du conte et du spectacle vivant en g\u00e9n\u00e9ral. Par ses actions, l&rsquo;APACC contribue \u00e0 une meilleure connaissance de l&rsquo;art des conteurs et des conteuses,\u00a0 et \u00e0 son rayonnement comme discipline artistique \u00e0 part enti\u00e8re. Les statuts de l&rsquo;association :\u00a0 ARTICLE 2. Cette association a pour buts de : 1\/ Soutenir et enrichir la pratique des conteurs et conteuses, dans le respect de la sp\u00e9cificit\u00e9 artistiquede chacun\u00b7e. 2\/ D\u00e9velopper des \u00e9changes entre les membres, dans un esprit de fraternit\u00e9, de mutualisation, desolidarit\u00e9. A l\u2019APACC, le collectif prime sur l\u2019individuel, la coop\u00e9ration sur la comp\u00e9tition. 3\/ Contribuer \u00e0 la reconnaissance de l\u2019art du conteur, de la conteuse comme une discipline artistique\u00e0 part enti\u00e8re aupr\u00e8s des institutions, des programmateur\u00b7rices et du public.Apporter sa voix \u00e0 la r\u00e9flexion sur la place de l\u2019art et des politiques culturelles dans notre soci\u00e9t\u00e9. 4\/ \u00catre une interlocutrice l\u00e9gitime aupr\u00e8s des organes de l&rsquo;\u00e9tat, collectivit\u00e9s territoriales, associationset f\u00e9d\u00e9rations, partenaires et regroupements \u0153uvrant dans le domaine du conte et du spectacle vivanten g\u00e9n\u00e9ral. Pour lire l&rsquo;ensemble des statut de l&rsquo;association, cliquez-ici. Toujours en 1 clic notre\u00a0D\u00e9finition de l&rsquo;Art du Conteur et de la Conteuse D\u00e9fense du statut de salari\u00e9-e pour les conteuses et conteurs<\/p>\n","protected":false},"author":23,"featured_media":0,"parent":0,"menu_order":0,"comment_status":"closed","ping_status":"closed","template":"","meta":{"footnotes":""},"class_list":["post-36","page","type-page","status-publish","hentry"],"_links":{"self":[{"href":"https:\/\/conteurspro.fr\/site\/wp-json\/wp\/v2\/pages\/36","targetHints":{"allow":["GET"]}}],"collection":[{"href":"https:\/\/conteurspro.fr\/site\/wp-json\/wp\/v2\/pages"}],"about":[{"href":"https:\/\/conteurspro.fr\/site\/wp-json\/wp\/v2\/types\/page"}],"author":[{"embeddable":true,"href":"https:\/\/conteurspro.fr\/site\/wp-json\/wp\/v2\/users\/23"}],"replies":[{"embeddable":true,"href":"https:\/\/conteurspro.fr\/site\/wp-json\/wp\/v2\/comments?post=36"}],"version-history":[{"count":26,"href":"https:\/\/conteurspro.fr\/site\/wp-json\/wp\/v2\/pages\/36\/revisions"}],"predecessor-version":[{"id":5363,"href":"https:\/\/conteurspro.fr\/site\/wp-json\/wp\/v2\/pages\/36\/revisions\/5363"}],"wp:attachment":[{"href":"https:\/\/conteurspro.fr\/site\/wp-json\/wp\/v2\/media?parent=36"}],"curies":[{"name":"wp","href":"https:\/\/api.w.org\/{rel}","templated":true}]}}