{"id":3810,"date":"2024-10-09T19:53:08","date_gmt":"2024-10-09T17:53:08","guid":{"rendered":"https:\/\/conteurspro.fr\/site\/?page_id=3810"},"modified":"2024-10-09T20:15:28","modified_gmt":"2024-10-09T18:15:28","slug":"projet-2025-les-cahiers-conte-et-education","status":"publish","type":"page","link":"https:\/\/conteurspro.fr\/site\/projet-2025-les-cahiers-conte-et-education\/","title":{"rendered":"Projet 2025 : Les cahiers conte et \u00e9ducation"},"content":{"rendered":"\n<figure class=\"wp-block-gallery has-nested-images columns-default is-cropped wp-block-gallery-1 is-layout-flex wp-block-gallery-is-layout-flex\">\n<figure class=\"wp-block-image size-full\"><img loading=\"lazy\" decoding=\"async\" width=\"912\" height=\"588\" data-id=\"3453\" src=\"https:\/\/conteurspro.fr\/site\/wp-content\/uploads\/2024\/03\/carnets2.jpg\" alt=\"\" class=\"wp-image-3453\" srcset=\"https:\/\/conteurspro.fr\/site\/wp-content\/uploads\/2024\/03\/carnets2.jpg 912w, https:\/\/conteurspro.fr\/site\/wp-content\/uploads\/2024\/03\/carnets2-300x193.jpg 300w, https:\/\/conteurspro.fr\/site\/wp-content\/uploads\/2024\/03\/carnets2-768x495.jpg 768w\" sizes=\"auto, (max-width: 912px) 100vw, 912px\" \/><\/figure>\n<\/figure>\n\n\n\n<p>\u00e7a commence par un colloque \u00e0 Villeurbanne \u00e0 l&rsquo;automne 2022 et le d\u00e9sir de publier les actes du colloque. Ensuite vient l&rsquo;id\u00e9e de continuer la r\u00e9flexion et les d\u00e9bats en associant d&rsquo;autres sources que les enregistrement tir\u00e9s de cet \u00e9v\u00e9nement. Nous d\u00e9couvrons une mine passionnante d&rsquo;interviews de conteuses, conteurs et enseignant\u00b7es, r\u00e9alis\u00e9s pendant plus de 10 ans par les \u00ab\u00a0potins du conte\u00a0\u00bb, revue lyonnaise. Nous d\u00e9cidons alors  de solliciter \u00e9galement des acteurs et des actrices du monde du conte pour qu&rsquo;ils et elles nous partagent leurs exp\u00e9riences. Nous choisissons la forme de cahiers th\u00e9matiques qui seraient disponibles en version num\u00e9rique et \u00e9galement en version papier en co\u00e9dition avec la revue \u00ab la grande oreille \u00bb.<\/p>\n\n\n\n<p><\/p>\n\n\n\n<p><\/p>\n\n\n\n<p>Le travail \u00e9ditorial est en cours. Le principe de ces cahiers serait de r\u00e9unir dans un m\u00eame opuscule, un texte th\u00e9orique et des t\u00e9moignages entrant en r\u00e9sonance.<\/p>\n\n\n\n<p>Le premier <strong>\u00ab\u00a0cahier conte, outils d\u2019\u00e9ducation\u00a0\u00bb <\/strong>dont le titre provisoire est <strong>\u00ab\u00a0je vous \u00e9cris d\u2019un pays o\u00f9 l\u2019on se parle\u00a0\u00bb<\/strong> offrirait un texte de Marc Aubaret, ethnologue et initiateur du Centre M\u00e9diterran\u00e9en de Litt\u00e9rature Orale (CMLO)\u00a0: \u00ab\u00a0<strong>\u00c9duquer, enseigner avec la litt\u00e9rature orale \/ <\/strong>Histoire d\u2019une r\u00e9sistance\u00a0\u00bb. En archipel, autour de ce texte, on pourra d\u00e9couvrir des t\u00e9moignages d\u2019un travail avec des adolescent\u00b7e\u00b7s sur les mangas dans la banlieue lyonnaise\u00a0; d\u2019un travail dans un lyc\u00e9e agricole\u00a0; dans un internat accueillant des enfants\u00a0; et \u00e9galement une r\u00e9flexion sur le r\u00f4le d\u00e9terminant de la parole po\u00e9tique chez les tr\u00e8s jeunes enfants.<\/p>\n\n\n\n<p>Le second cahier <strong>\u00ab&nbsp;Hier, c\u2019est tout pr\u00e8s d\u2019ici&nbsp;! Ailleurs, c\u2019est tout pr\u00e8s d\u2019aujourd\u2019hui&nbsp;!&nbsp;\u00bb<\/strong> (titre provisoire) interrogera l\u2019actualit\u00e9 du conte et sera centr\u00e9 sur un texte d\u2019In\u00e8s Cazales, ma\u00eetresse de conf\u00e9rences en litt\u00e9rature compar\u00e9e \u00e0 l\u2019Universit\u00e9 Paris Cit\u00e9&nbsp;: <strong>\u00ab&nbsp;Les r\u00e9cits de transmission orale&nbsp;: des nourritures pour aujourd\u2019hui&nbsp;\u00bb.<\/strong><\/p>\n\n\n\n<p>Un troisi\u00e8me cahier devrait s\u2019organiser autour du texte de Gigi Bigot \u00ab&nbsp;<strong>Le conte&nbsp;? Une parole \u00e0 prendre&nbsp;!&nbsp;\u00bb<\/strong> et de son exp\u00e9rience avec l\u2019association ATD Quart Monde. Il sera \u00e9voqu\u00e9 Le pouvoir r\u00e9parateur de la parole symbolique.<\/p>\n\n\n\n<figure class=\"wp-block-image is-resized\"><img loading=\"lazy\" decoding=\"async\" width=\"912\" height=\"588\" src=\"https:\/\/conteurspro.fr\/site\/wp-content\/uploads\/2024\/03\/carnets2.jpg\" alt=\"\" class=\"wp-image-3453\" style=\"width:226px;height:auto\" srcset=\"https:\/\/conteurspro.fr\/site\/wp-content\/uploads\/2024\/03\/carnets2.jpg 912w, https:\/\/conteurspro.fr\/site\/wp-content\/uploads\/2024\/03\/carnets2-300x193.jpg 300w, https:\/\/conteurspro.fr\/site\/wp-content\/uploads\/2024\/03\/carnets2-768x495.jpg 768w\" sizes=\"auto, (max-width: 912px) 100vw, 912px\" \/><\/figure>\n\n\n\n<h1 class=\"wp-block-heading has-medium-font-size\"><strong>N&rsquo;h\u00e9sitez pas \u00e0 nous contacter si ce projet vous int\u00e9resse&#8230;. <a href=\"&#x6d;a&#x69;&#108;t&#x6f;&#58;&#x63;&#x6f;n&#x74;&#97;c&#x74;&#64;&#x63;&#111;n&#x74;&#101;u&#x72;&#115;&#x70;&#114;o&#x2e;&#102;&#x72;\">&#x63;&#111;n&#x74;&#97;c&#x74;&#64;c&#x6f;&#x6e;&#116;&#x65;&#x75;&#114;s&#x70;&#114;o&#x2e;&#102;r<\/a><\/strong><\/h1>\n\n\n\n<p><\/p>\n","protected":false},"excerpt":{"rendered":"<p>\u00e7a commence par un colloque \u00e0 Villeurbanne \u00e0 l&rsquo;automne 2022 et le d\u00e9sir de publier les actes du colloque. Ensuite vient l&rsquo;id\u00e9e de continuer la r\u00e9flexion et les d\u00e9bats en associant d&rsquo;autres sources que les enregistrement tir\u00e9s de cet \u00e9v\u00e9nement. Nous d\u00e9couvrons une mine passionnante d&rsquo;interviews de conteuses, conteurs et enseignant\u00b7es, r\u00e9alis\u00e9s pendant plus de 10 ans par les \u00ab\u00a0potins du conte\u00a0\u00bb, revue lyonnaise. Nous d\u00e9cidons alors de solliciter \u00e9galement des acteurs et des actrices du monde du conte pour qu&rsquo;ils et elles nous partagent leurs exp\u00e9riences. Nous choisissons la forme de cahiers th\u00e9matiques qui seraient disponibles en version num\u00e9rique et \u00e9galement en version papier en co\u00e9dition avec la revue \u00ab la grande oreille \u00bb. Le travail \u00e9ditorial est en cours. Le principe de ces cahiers serait de r\u00e9unir dans un m\u00eame opuscule, un texte th\u00e9orique et des t\u00e9moignages entrant en r\u00e9sonance. Le premier \u00ab\u00a0cahier conte, outils d\u2019\u00e9ducation\u00a0\u00bb dont le titre provisoire est \u00ab\u00a0je vous \u00e9cris d\u2019un pays o\u00f9 l\u2019on se parle\u00a0\u00bb offrirait un texte de Marc Aubaret, ethnologue et initiateur du Centre M\u00e9diterran\u00e9en de Litt\u00e9rature Orale (CMLO)\u00a0: \u00ab\u00a0\u00c9duquer, enseigner avec la litt\u00e9rature orale \/ Histoire d\u2019une r\u00e9sistance\u00a0\u00bb. En archipel, autour de ce texte, on pourra d\u00e9couvrir des t\u00e9moignages d\u2019un travail avec des adolescent\u00b7e\u00b7s sur les mangas dans la banlieue lyonnaise\u00a0; d\u2019un travail dans un lyc\u00e9e agricole\u00a0; dans un internat accueillant des enfants\u00a0; et \u00e9galement une r\u00e9flexion sur le r\u00f4le d\u00e9terminant de la parole po\u00e9tique chez les tr\u00e8s jeunes enfants. Le second cahier \u00ab&nbsp;Hier, c\u2019est tout pr\u00e8s d\u2019ici&nbsp;! Ailleurs, c\u2019est tout pr\u00e8s d\u2019aujourd\u2019hui&nbsp;!&nbsp;\u00bb (titre provisoire) interrogera l\u2019actualit\u00e9 du conte et sera centr\u00e9 sur un texte d\u2019In\u00e8s Cazales, ma\u00eetresse de conf\u00e9rences en litt\u00e9rature compar\u00e9e \u00e0 l\u2019Universit\u00e9 Paris Cit\u00e9&nbsp;: \u00ab&nbsp;Les r\u00e9cits de transmission orale&nbsp;: des nourritures pour aujourd\u2019hui&nbsp;\u00bb. Un troisi\u00e8me cahier devrait s\u2019organiser autour du texte de Gigi Bigot \u00ab&nbsp;Le conte&nbsp;? Une parole \u00e0 prendre&nbsp;!&nbsp;\u00bb et de son exp\u00e9rience avec l\u2019association ATD Quart Monde. Il sera \u00e9voqu\u00e9 Le pouvoir r\u00e9parateur de la parole symbolique. N&rsquo;h\u00e9sitez pas \u00e0 nous contacter si ce projet vous int\u00e9resse&#8230;. &#99;&#x6f;&#x6e;t&#97;&#x63;t&#64;&#x63;&#x6f;n&#116;&#x65;u&#114;&#x73;&#x70;r&#111;&#x2e;f&#114;<\/p>\n","protected":false},"author":4,"featured_media":0,"parent":0,"menu_order":0,"comment_status":"closed","ping_status":"closed","template":"","meta":{"footnotes":""},"class_list":["post-3810","page","type-page","status-publish","hentry"],"_links":{"self":[{"href":"https:\/\/conteurspro.fr\/site\/wp-json\/wp\/v2\/pages\/3810","targetHints":{"allow":["GET"]}}],"collection":[{"href":"https:\/\/conteurspro.fr\/site\/wp-json\/wp\/v2\/pages"}],"about":[{"href":"https:\/\/conteurspro.fr\/site\/wp-json\/wp\/v2\/types\/page"}],"author":[{"embeddable":true,"href":"https:\/\/conteurspro.fr\/site\/wp-json\/wp\/v2\/users\/4"}],"replies":[{"embeddable":true,"href":"https:\/\/conteurspro.fr\/site\/wp-json\/wp\/v2\/comments?post=3810"}],"version-history":[{"count":2,"href":"https:\/\/conteurspro.fr\/site\/wp-json\/wp\/v2\/pages\/3810\/revisions"}],"predecessor-version":[{"id":3816,"href":"https:\/\/conteurspro.fr\/site\/wp-json\/wp\/v2\/pages\/3810\/revisions\/3816"}],"wp:attachment":[{"href":"https:\/\/conteurspro.fr\/site\/wp-json\/wp\/v2\/media?parent=3810"}],"curies":[{"name":"wp","href":"https:\/\/api.w.org\/{rel}","templated":true}]}}