{"id":3876,"date":"2024-12-10T10:35:06","date_gmt":"2024-12-10T09:35:06","guid":{"rendered":"https:\/\/conteurspro.fr\/site\/?page_id=3876"},"modified":"2026-03-08T15:10:44","modified_gmt":"2026-03-08T14:10:44","slug":"commission-international-2","status":"publish","type":"page","link":"https:\/\/conteurspro.fr\/site\/commission-international-2\/","title":{"rendered":"Commission \u00ab\u00a0International\u00a0\u00bb"},"content":{"rendered":"<div class=\"wp-block-image\">\n<figure class=\"aligncenter size-full is-resized\"><img loading=\"lazy\" decoding=\"async\" width=\"595\" height=\"595\" src=\"https:\/\/conteurspro.fr\/site\/wp-content\/uploads\/2025\/08\/pictogramme-02-int10.jpg\" alt=\"\" class=\"wp-image-4699\" style=\"width:405px;height:auto\" srcset=\"https:\/\/conteurspro.fr\/site\/wp-content\/uploads\/2025\/08\/pictogramme-02-int10.jpg 595w, https:\/\/conteurspro.fr\/site\/wp-content\/uploads\/2025\/08\/pictogramme-02-int10-300x300.jpg 300w, https:\/\/conteurspro.fr\/site\/wp-content\/uploads\/2025\/08\/pictogramme-02-int10-150x150.jpg 150w, https:\/\/conteurspro.fr\/site\/wp-content\/uploads\/2025\/08\/pictogramme-02-int10-75x75.jpg 75w\" sizes=\"auto, (max-width: 595px) 100vw, 595px\" \/><\/figure>\n<\/div>\n\n\n<p><strong>Le conte est universel, le conteur et la conteuse aussi.<\/strong> Les peuples qui composent l\u2019humanit\u00e9 ont des cultures diff\u00e9rentes mais ils ont des racines communes qui les unissent. Le conte et les mythes font partie de cette culture commune et de cette universalit\u00e9. La commission \u00ab&nbsp;international&nbsp;\u00bb a pour raison d\u2019\u00eatre de<strong> s\u2019unir pour mieux porter la parole conteuse<\/strong>.<\/p>\n\n\n\n<p>Elle s\u2019est fix\u00e9e pour objectif,<\/p>\n\n\n\n<ul class=\"wp-block-list\">\n<li><strong>de mieux connaitre la situation des conteurs et conteuses professionnel\u00b7les \u00e0 travers le monde.<\/strong><\/li>\n\n\n\n<li><strong>de mieux conna\u00eetre les peuples et cultures de la plan\u00e8te, les mythes et histoires qui s\u2019y rattachent.<\/strong><\/li>\n<\/ul>\n\n\n\n<p><strong>Pour contacter la commission&nbsp;: <\/strong><a href=\"&#x6d;&#x61;&#x69;&#x6c;&#x74;&#x6f;&#x3a;&#x69;&#x6e;&#x74;&#x65;&#x72;&#x6e;&#x61;&#116;&#105;&#111;&#110;&#97;&#108;&#64;&#99;&#111;&#110;&#116;eurspro&#46;&#x66;&#x72;\"><strong>in&#116;&#101;&#114;&#110;&#x61;&#x74;&#x69;&#x6f;&#x6e;al&#64;&#99;&#111;&#110;&#x74;&#x65;&#x75;&#x72;&#x73;pr&#111;&#46;&#102;&#114;<\/strong><\/a><\/p>\n\n\n\n<p><\/p>\n\n\n\n<hr class=\"wp-block-separator has-alpha-channel-opacity\"\/>\n\n\n\n<p><\/p>\n\n\n\n<h1 class=\"wp-block-heading\">Portraits de conteurs et conteuses du monde<\/h1>\n\n\n\n<p>Depuis l\u2019\u00e9t\u00e9 2024, La commission \u00ab&nbsp;international&nbsp;\u00bb r\u00e9alise des portraits de conteurs et conteuses du monde. Les portraits sont publi\u00e9 trimestriellement.<\/p>\n\n\n\n<p>Dernier portrait publi\u00e9 :<\/p>\n\n\n<div class=\"wp-block-image\">\n<figure class=\"aligncenter size-full is-resized\"><a href=\"https:\/\/conteurspro.fr\/site\/wp-content\/uploads\/2026\/03\/portrait-11-espagne.pdf\"><img loading=\"lazy\" decoding=\"async\" width=\"960\" height=\"960\" src=\"https:\/\/conteurspro.fr\/site\/wp-content\/uploads\/2026\/03\/accroche-espagne.jpeg\" alt=\"\" class=\"wp-image-5413\" style=\"width:639px;height:auto\" srcset=\"https:\/\/conteurspro.fr\/site\/wp-content\/uploads\/2026\/03\/accroche-espagne.jpeg 960w, https:\/\/conteurspro.fr\/site\/wp-content\/uploads\/2026\/03\/accroche-espagne-300x300.jpeg 300w, https:\/\/conteurspro.fr\/site\/wp-content\/uploads\/2026\/03\/accroche-espagne-150x150.jpeg 150w, https:\/\/conteurspro.fr\/site\/wp-content\/uploads\/2026\/03\/accroche-espagne-768x768.jpeg 768w, https:\/\/conteurspro.fr\/site\/wp-content\/uploads\/2026\/03\/accroche-espagne-75x75.jpeg 75w\" sizes=\"auto, (max-width: 960px) 100vw, 960px\" \/><\/a><\/figure>\n<\/div>\n\n\n<p><a href=\"https:\/\/conteurspro.fr\/site\/conteurs-et-conteuses-du-monde\/\">Retrouver ici l\u2019ensemble des portraits.<\/a><\/p>\n\n\n\n<p>La <a href=\"https:\/\/lagrandeoreille.fr\">Grande Oreille<\/a> s\u2019associe \u00e0 cette d\u00e9marche. Des articles sur des th\u00e9matiques transversales seront publi\u00e9s dans la revue<\/p>\n\n\n\n<p><\/p>\n\n\n\n<hr class=\"wp-block-separator has-alpha-channel-opacity\"\/>\n\n\n\n<p><\/p>\n\n\n\n<h1 class=\"wp-block-heading\">Acte collectif<\/h1>\n\n\n\n<p><strong>Le 24 septembre 2024,<\/strong> la veille de notre assembl\u00e9e g\u00e9n\u00e9rale, nous organisons sur une demi-journ\u00e9e, une rencontre avec des conteuses de<strong> Cuba et du Qu\u00e9bec. <\/strong>Pour vous inscrire \u00e0 ces &nbsp;\u00e9changes : <strong><a href=\"m&#97;&#105;&#x6c;&#x74;&#x6f;&#x3a;i&#110;&#116;&#101;&#x72;&#x6e;&#x61;ti&#111;&#110;&#x61;&#x6c;&#x40;co&#110;&#116;&#x65;&#x75;&#x72;sp&#114;&#111;&#x2e;&#x66;&#x72;\">&#x69;&#110;t&#x65;&#114;n&#x61;&#116;i&#x6f;&#x6e;&#97;&#x6c;&#x40;&#99;o&#x6e;&#116;e&#x75;&#114;s&#x70;&#x72;&#111;&#x2e;&#x66;&#114;<\/a><\/strong><\/p>\n\n\n\n<p><\/p>\n\n\n\n<hr class=\"wp-block-separator has-alpha-channel-opacity\"\/>\n\n\n\n<p><\/p>\n\n\n\n<h1 class=\"wp-block-heading\"><strong>Un colloque en pr\u00e9paration pour le printemps 2027!<\/strong><\/h1>\n\n\n\n<h2 class=\"wp-block-heading\"><strong>Colloque Afrique de l\u2019 Ouest<\/strong><\/h2>\n\n\n\n<p>Nous travaillons actuellement \u00e0 l\u2019organisation d\u2019un colloque sur l\u2019Afrique de l\u2019Ouest.<\/p>\n\n\n\n<ul class=\"wp-block-list\">\n<li>Le matin : conf\u00e9rence \u2013 Histoires de l\u2019Afrique de l\u2019Ouest, peuples et mythes \u2013 Professeur Aboubakry Lam, historien et professeur \u00e0 l\u2019universit\u00e9 de Dakar.<\/li>\n\n\n\n<li>L\u2019apr\u00e8s midi : Table ronde \u2013 Comment les conteureuses s\u2019emparent de ces mythes, \u00e9pop\u00e9es et contes ? Comment les faire vivre dans notre monde d\u2019aujourd\u2019hui, ici et &nbsp;l\u00e0-bas ? avec comme intervenants pressentis &nbsp;Thierno Diallo, Catherine Ahonkoba, Hassane Kassi Kouyat\u00e9&nbsp;<\/li>\n<\/ul>\n\n\n\n<p><\/p>\n\n\n\n<p><\/p>\n\n\n\n<h2 class=\"wp-block-heading\">Colloque Amazonie de 2022<\/h2>\n\n\n\n<figure class=\"wp-block-image size-full is-resized\"><img loading=\"lazy\" decoding=\"async\" width=\"612\" height=\"408\" src=\"https:\/\/conteurspro.fr\/site\/wp-content\/uploads\/2021\/10\/cid_ii_kuqwx7rm0.png\" alt=\"\" class=\"wp-image-1797\" style=\"width:341px;height:auto\" srcset=\"https:\/\/conteurspro.fr\/site\/wp-content\/uploads\/2021\/10\/cid_ii_kuqwx7rm0.png 612w, https:\/\/conteurspro.fr\/site\/wp-content\/uploads\/2021\/10\/cid_ii_kuqwx7rm0-300x200.png 300w\" sizes=\"auto, (max-width: 612px) 100vw, 612px\" \/><\/figure>\n\n\n\n<p><strong>Des rencontres autour des mythologie de l\u2019Amazonie : Regards crois\u00e9s des conteurs, \u00e9thologies, botanistes, linguistes <\/strong>ont eu lieu&nbsp;Jeudi 23 juin 2022 \u00e0 la Biblioth\u00e8que \u00ab L\u2019heure Joyeuse \u00bb \u00e0 Paris.<\/p>\n","protected":false},"excerpt":{"rendered":"<p>Le conte est universel, le conteur et la conteuse aussi. Les peuples qui composent l\u2019humanit\u00e9 ont des cultures diff\u00e9rentes mais ils ont des racines communes qui les unissent. Le conte et les mythes font partie de cette culture commune et de cette universalit\u00e9. La commission \u00ab&nbsp;international&nbsp;\u00bb a pour raison d\u2019\u00eatre de s\u2019unir pour mieux porter la parole conteuse. Elle s\u2019est fix\u00e9e pour objectif, Pour contacter la commission&nbsp;: &#105;&#x6e;&#x74;&#101;&#x72;&#x6e;a&#x74;&#x69;o&#110;&#x61;l&#64;&#x63;o&#110;&#x74;e&#117;&#x72;s&#112;&#x72;&#x6f;&#46;&#x66;&#x72; Portraits de conteurs et conteuses du monde Depuis l\u2019\u00e9t\u00e9 2024, La commission \u00ab&nbsp;international&nbsp;\u00bb r\u00e9alise des portraits de conteurs et conteuses du monde. Les portraits sont publi\u00e9 trimestriellement. Dernier portrait publi\u00e9 : Retrouver ici l\u2019ensemble des portraits. La Grande Oreille s\u2019associe \u00e0 cette d\u00e9marche. Des articles sur des th\u00e9matiques transversales seront publi\u00e9s dans la revue Acte collectif Le 24 septembre 2024, la veille de notre assembl\u00e9e g\u00e9n\u00e9rale, nous organisons sur une demi-journ\u00e9e, une rencontre avec des conteuses de Cuba et du Qu\u00e9bec. Pour vous inscrire \u00e0 ces &nbsp;\u00e9changes : i&#110;&#116;&#x65;&#x72;&#x6e;a&#116;&#105;&#x6f;&#x6e;&#x61;l&#64;&#99;&#x6f;&#x6e;&#x74;eu&#114;&#115;&#x70;&#x72;&#x6f;&#46;&#102;&#114; Un colloque en pr\u00e9paration pour le printemps 2027! Colloque Afrique de l\u2019 Ouest Nous travaillons actuellement \u00e0 l\u2019organisation d\u2019un colloque sur l\u2019Afrique de l\u2019Ouest. Colloque Amazonie de 2022 Des rencontres autour des mythologie de l\u2019Amazonie : Regards crois\u00e9s des conteurs, \u00e9thologies, botanistes, linguistes ont eu lieu&nbsp;Jeudi 23 juin 2022 \u00e0 la Biblioth\u00e8que \u00ab L\u2019heure Joyeuse \u00bb \u00e0 Paris.<\/p>\n","protected":false},"author":9,"featured_media":0,"parent":0,"menu_order":0,"comment_status":"closed","ping_status":"closed","template":"","meta":{"footnotes":""},"class_list":["post-3876","page","type-page","status-publish","hentry"],"_links":{"self":[{"href":"https:\/\/conteurspro.fr\/site\/wp-json\/wp\/v2\/pages\/3876","targetHints":{"allow":["GET"]}}],"collection":[{"href":"https:\/\/conteurspro.fr\/site\/wp-json\/wp\/v2\/pages"}],"about":[{"href":"https:\/\/conteurspro.fr\/site\/wp-json\/wp\/v2\/types\/page"}],"author":[{"embeddable":true,"href":"https:\/\/conteurspro.fr\/site\/wp-json\/wp\/v2\/users\/9"}],"replies":[{"embeddable":true,"href":"https:\/\/conteurspro.fr\/site\/wp-json\/wp\/v2\/comments?post=3876"}],"version-history":[{"count":23,"href":"https:\/\/conteurspro.fr\/site\/wp-json\/wp\/v2\/pages\/3876\/revisions"}],"predecessor-version":[{"id":5414,"href":"https:\/\/conteurspro.fr\/site\/wp-json\/wp\/v2\/pages\/3876\/revisions\/5414"}],"wp:attachment":[{"href":"https:\/\/conteurspro.fr\/site\/wp-json\/wp\/v2\/media?parent=3876"}],"curies":[{"name":"wp","href":"https:\/\/api.w.org\/{rel}","templated":true}]}}