{"id":4048,"date":"2025-01-15T17:38:05","date_gmt":"2025-01-15T16:38:05","guid":{"rendered":"https:\/\/conteurspro.fr\/site\/?page_id=4048"},"modified":"2025-07-02T16:21:54","modified_gmt":"2025-07-02T14:21:54","slug":"nos-actions","status":"publish","type":"page","link":"https:\/\/conteurspro.fr\/site\/nos-actions\/","title":{"rendered":"Nos actions"},"content":{"rendered":"\n<div class=\"wp-block-group\"><div class=\"wp-block-group__inner-container is-layout-constrained wp-block-group-is-layout-constrained\">\n<figure class=\"wp-block-gallery has-nested-images columns-default is-cropped wp-block-gallery-1 is-layout-flex wp-block-gallery-is-layout-flex\">\n<figure class=\"wp-block-image size-large\"><a href=\"https:\/\/conteurspro.fr\/site\/ressources-autour-du-conte\/\"><img loading=\"lazy\" decoding=\"async\" width=\"1024\" height=\"1024\" data-id=\"4612\" src=\"https:\/\/conteurspro.fr\/site\/wp-content\/uploads\/2025\/07\/ressources-1024x1024.jpg\" alt=\"\" class=\"wp-image-4612\" srcset=\"https:\/\/conteurspro.fr\/site\/wp-content\/uploads\/2025\/07\/ressources-1024x1024.jpg 1024w, https:\/\/conteurspro.fr\/site\/wp-content\/uploads\/2025\/07\/ressources-300x300.jpg 300w, https:\/\/conteurspro.fr\/site\/wp-content\/uploads\/2025\/07\/ressources-150x150.jpg 150w, https:\/\/conteurspro.fr\/site\/wp-content\/uploads\/2025\/07\/ressources-768x768.jpg 768w, https:\/\/conteurspro.fr\/site\/wp-content\/uploads\/2025\/07\/ressources-1536x1536.jpg 1536w, https:\/\/conteurspro.fr\/site\/wp-content\/uploads\/2025\/07\/ressources-1140x1140.jpg 1140w, https:\/\/conteurspro.fr\/site\/wp-content\/uploads\/2025\/07\/ressources-75x75.jpg 75w, https:\/\/conteurspro.fr\/site\/wp-content\/uploads\/2025\/07\/ressources.jpg 1583w\" sizes=\"auto, (max-width: 1024px) 100vw, 1024px\" \/><\/a><\/figure>\n\n\n\n<figure class=\"wp-block-image size-large\"><a href=\"https:\/\/conteurspro.fr\/site\/wp-content\/uploads\/2025\/03\/CHARTE-POUR-UNE-PROGRAMMATION-EQUITABLE-ET-INCLUSIVE-version-avec-logos-1-1.pdf\"><img loading=\"lazy\" decoding=\"async\" width=\"1024\" height=\"1024\" data-id=\"4525\" src=\"https:\/\/conteurspro.fr\/site\/wp-content\/uploads\/2025\/06\/005960-1-1024x1024.jpg\" alt=\"\" class=\"wp-image-4525\" srcset=\"https:\/\/conteurspro.fr\/site\/wp-content\/uploads\/2025\/06\/005960-1-1024x1024.jpg 1024w, https:\/\/conteurspro.fr\/site\/wp-content\/uploads\/2025\/06\/005960-1-300x300.jpg 300w, https:\/\/conteurspro.fr\/site\/wp-content\/uploads\/2025\/06\/005960-1-150x150.jpg 150w, https:\/\/conteurspro.fr\/site\/wp-content\/uploads\/2025\/06\/005960-1-768x768.jpg 768w, https:\/\/conteurspro.fr\/site\/wp-content\/uploads\/2025\/06\/005960-1-1536x1536.jpg 1536w, https:\/\/conteurspro.fr\/site\/wp-content\/uploads\/2025\/06\/005960-1-1140x1140.jpg 1140w, https:\/\/conteurspro.fr\/site\/wp-content\/uploads\/2025\/06\/005960-1-75x75.jpg 75w, https:\/\/conteurspro.fr\/site\/wp-content\/uploads\/2025\/06\/005960-1.jpg 1583w\" sizes=\"auto, (max-width: 1024px) 100vw, 1024px\" \/><\/a><figcaption class=\"wp-element-caption\"><a href=\"https:\/\/conteurspro.fr\/site\/wp-content\/uploads\/2025\/03\/CHARTE-POUR-UNE-PROGRAMMATION-EQUITABLE-ET-INCLUSIVE-version-avec-logos-1-1.pdf\">Pour une programmation \u00e9quitable et inclusive  &#8211; signez la charte !<\/a><\/figcaption><\/figure>\n\n\n\n<figure class=\"wp-block-image size-large\"><a href=\"https:\/\/conteurspro.fr\/site\/commission-memoire-les-videos\/\"><img loading=\"lazy\" decoding=\"async\" width=\"1024\" height=\"1024\" data-id=\"4514\" src=\"https:\/\/conteurspro.fr\/site\/wp-content\/uploads\/2025\/06\/e74310-1024x1024.jpg\" alt=\"\" class=\"wp-image-4514\" srcset=\"https:\/\/conteurspro.fr\/site\/wp-content\/uploads\/2025\/06\/e74310-1024x1024.jpg 1024w, https:\/\/conteurspro.fr\/site\/wp-content\/uploads\/2025\/06\/e74310-300x300.jpg 300w, https:\/\/conteurspro.fr\/site\/wp-content\/uploads\/2025\/06\/e74310-150x150.jpg 150w, https:\/\/conteurspro.fr\/site\/wp-content\/uploads\/2025\/06\/e74310-768x768.jpg 768w, https:\/\/conteurspro.fr\/site\/wp-content\/uploads\/2025\/06\/e74310-1536x1536.jpg 1536w, https:\/\/conteurspro.fr\/site\/wp-content\/uploads\/2025\/06\/e74310-1140x1140.jpg 1140w, https:\/\/conteurspro.fr\/site\/wp-content\/uploads\/2025\/06\/e74310-75x75.jpg 75w, https:\/\/conteurspro.fr\/site\/wp-content\/uploads\/2025\/06\/e74310.jpg 1583w\" sizes=\"auto, (max-width: 1024px) 100vw, 1024px\" \/><\/a><figcaption class=\"wp-element-caption\"><a href=\"https:\/\/conteurspro.fr\/site\/commission-memoire-les-videos\/\">Renouveau du conte : les interviews<\/a><\/figcaption><\/figure>\n\n\n\n<figure class=\"wp-block-image size-large\"><a href=\"https:\/\/conteurspro.fr\/site\/2025\/05\/12\/rendez-vous-le-10-et-11-septembre-2025\/\"><img loading=\"lazy\" decoding=\"async\" width=\"1024\" height=\"1024\" data-id=\"4542\" src=\"https:\/\/conteurspro.fr\/site\/wp-content\/uploads\/2025\/06\/8a4b78-2-1024x1024.jpg\" alt=\"\" class=\"wp-image-4542\" srcset=\"https:\/\/conteurspro.fr\/site\/wp-content\/uploads\/2025\/06\/8a4b78-2-1024x1024.jpg 1024w, https:\/\/conteurspro.fr\/site\/wp-content\/uploads\/2025\/06\/8a4b78-2-300x300.jpg 300w, https:\/\/conteurspro.fr\/site\/wp-content\/uploads\/2025\/06\/8a4b78-2-150x150.jpg 150w, https:\/\/conteurspro.fr\/site\/wp-content\/uploads\/2025\/06\/8a4b78-2-768x768.jpg 768w, https:\/\/conteurspro.fr\/site\/wp-content\/uploads\/2025\/06\/8a4b78-2-1536x1536.jpg 1536w, https:\/\/conteurspro.fr\/site\/wp-content\/uploads\/2025\/06\/8a4b78-2-1140x1140.jpg 1140w, https:\/\/conteurspro.fr\/site\/wp-content\/uploads\/2025\/06\/8a4b78-2-75x75.jpg 75w, https:\/\/conteurspro.fr\/site\/wp-content\/uploads\/2025\/06\/8a4b78-2.jpg 1583w\" sizes=\"auto, (max-width: 1024px) 100vw, 1024px\" \/><\/a><figcaption class=\"wp-element-caption\"><a href=\"https:\/\/conteurspro.fr\/site\/assemblee-generale-2025\/\" data-type=\"page\" data-id=\"4545\">Assembl\u00e9e G\u00e9n\u00e9rale : un temps fort de la vie de l\u2019association Du mardi 9 au jeudi 11 septembre \u2013 Assembl\u00e9e g\u00e9n\u00e9rale \u00e0 Narbonne Plage<br>R\u00e9servez la date !<\/a><\/figcaption><\/figure>\n\n\n\n<figure class=\"wp-block-image size-large\"><a href=\"https:\/\/conteurspro.fr\/site\/2025\/03\/31\/lapacc-sentretient-avec-le-ministere-de-la-culture\/\"><img loading=\"lazy\" decoding=\"async\" width=\"1024\" height=\"1024\" data-id=\"4518\" src=\"https:\/\/conteurspro.fr\/site\/wp-content\/uploads\/2025\/06\/2c9e9f-3-1024x1024.jpg\" alt=\"\" class=\"wp-image-4518\" srcset=\"https:\/\/conteurspro.fr\/site\/wp-content\/uploads\/2025\/06\/2c9e9f-3-1024x1024.jpg 1024w, https:\/\/conteurspro.fr\/site\/wp-content\/uploads\/2025\/06\/2c9e9f-3-300x300.jpg 300w, https:\/\/conteurspro.fr\/site\/wp-content\/uploads\/2025\/06\/2c9e9f-3-150x150.jpg 150w, https:\/\/conteurspro.fr\/site\/wp-content\/uploads\/2025\/06\/2c9e9f-3-768x768.jpg 768w, https:\/\/conteurspro.fr\/site\/wp-content\/uploads\/2025\/06\/2c9e9f-3-1536x1536.jpg 1536w, https:\/\/conteurspro.fr\/site\/wp-content\/uploads\/2025\/06\/2c9e9f-3-1140x1140.jpg 1140w, https:\/\/conteurspro.fr\/site\/wp-content\/uploads\/2025\/06\/2c9e9f-3-75x75.jpg 75w, https:\/\/conteurspro.fr\/site\/wp-content\/uploads\/2025\/06\/2c9e9f-3.jpg 1583w\" sizes=\"auto, (max-width: 1024px) 100vw, 1024px\" \/><\/a><figcaption class=\"wp-element-caption\"><a href=\"https:\/\/conteurspro.fr\/site\/2025\/03\/31\/lapacc-sentretient-avec-le-ministere-de-la-culture\/\">Reconnaissance du conte &#8211; interventions aupr\u00e8s des institutions<\/a><\/figcaption><\/figure>\n\n\n\n<figure class=\"wp-block-image size-large\"><img loading=\"lazy\" decoding=\"async\" width=\"1024\" height=\"1024\" data-id=\"4543\" src=\"https:\/\/conteurspro.fr\/site\/wp-content\/uploads\/2025\/06\/f18352-1-1024x1024.jpg\" alt=\"\" class=\"wp-image-4543\" srcset=\"https:\/\/conteurspro.fr\/site\/wp-content\/uploads\/2025\/06\/f18352-1-1024x1024.jpg 1024w, https:\/\/conteurspro.fr\/site\/wp-content\/uploads\/2025\/06\/f18352-1-300x300.jpg 300w, https:\/\/conteurspro.fr\/site\/wp-content\/uploads\/2025\/06\/f18352-1-150x150.jpg 150w, https:\/\/conteurspro.fr\/site\/wp-content\/uploads\/2025\/06\/f18352-1-768x768.jpg 768w, https:\/\/conteurspro.fr\/site\/wp-content\/uploads\/2025\/06\/f18352-1-1536x1536.jpg 1536w, https:\/\/conteurspro.fr\/site\/wp-content\/uploads\/2025\/06\/f18352-1-1140x1140.jpg 1140w, https:\/\/conteurspro.fr\/site\/wp-content\/uploads\/2025\/06\/f18352-1-75x75.jpg 75w, https:\/\/conteurspro.fr\/site\/wp-content\/uploads\/2025\/06\/f18352-1.jpg 1583w\" sizes=\"auto, (max-width: 1024px) 100vw, 1024px\" \/><figcaption class=\"wp-element-caption\"><a href=\"https:\/\/conteurspro.fr\/site\/2024\/02\/05\/ressources\/\">Colloques Conf\u00e9rences<\/a><\/figcaption><\/figure>\n\n\n\n<figure class=\"wp-block-image size-large\"><a href=\"https:\/\/conteurspro.fr\/site\/mille-et-un-lieux-du-contes\/\"><img loading=\"lazy\" decoding=\"async\" width=\"1024\" height=\"1024\" data-id=\"4524\" src=\"https:\/\/conteurspro.fr\/site\/wp-content\/uploads\/2025\/06\/8a4b78-1-1024x1024.jpg\" alt=\"\" class=\"wp-image-4524\" srcset=\"https:\/\/conteurspro.fr\/site\/wp-content\/uploads\/2025\/06\/8a4b78-1-1024x1024.jpg 1024w, https:\/\/conteurspro.fr\/site\/wp-content\/uploads\/2025\/06\/8a4b78-1-300x300.jpg 300w, https:\/\/conteurspro.fr\/site\/wp-content\/uploads\/2025\/06\/8a4b78-1-150x150.jpg 150w, https:\/\/conteurspro.fr\/site\/wp-content\/uploads\/2025\/06\/8a4b78-1-768x768.jpg 768w, https:\/\/conteurspro.fr\/site\/wp-content\/uploads\/2025\/06\/8a4b78-1-1536x1536.jpg 1536w, https:\/\/conteurspro.fr\/site\/wp-content\/uploads\/2025\/06\/8a4b78-1-1140x1140.jpg 1140w, https:\/\/conteurspro.fr\/site\/wp-content\/uploads\/2025\/06\/8a4b78-1-75x75.jpg 75w, https:\/\/conteurspro.fr\/site\/wp-content\/uploads\/2025\/06\/8a4b78-1.jpg 1583w\" sizes=\"auto, (max-width: 1024px) 100vw, 1024px\" \/><\/a><figcaption class=\"wp-element-caption\"><a href=\"https:\/\/conteurspro.fr\/site\/mille-et-un-lieux-du-contes\/\">Mille et un lieux du conte<\/a><\/figcaption><\/figure>\n\n\n\n<figure class=\"wp-block-image size-large\"><img loading=\"lazy\" decoding=\"async\" width=\"1024\" height=\"1024\" data-id=\"4523\" src=\"https:\/\/conteurspro.fr\/site\/wp-content\/uploads\/2025\/06\/007d7c-1024x1024.jpg\" alt=\"\" class=\"wp-image-4523\" srcset=\"https:\/\/conteurspro.fr\/site\/wp-content\/uploads\/2025\/06\/007d7c-1024x1024.jpg 1024w, https:\/\/conteurspro.fr\/site\/wp-content\/uploads\/2025\/06\/007d7c-300x300.jpg 300w, https:\/\/conteurspro.fr\/site\/wp-content\/uploads\/2025\/06\/007d7c-150x150.jpg 150w, https:\/\/conteurspro.fr\/site\/wp-content\/uploads\/2025\/06\/007d7c-768x768.jpg 768w, https:\/\/conteurspro.fr\/site\/wp-content\/uploads\/2025\/06\/007d7c-1536x1536.jpg 1536w, https:\/\/conteurspro.fr\/site\/wp-content\/uploads\/2025\/06\/007d7c-1140x1140.jpg 1140w, https:\/\/conteurspro.fr\/site\/wp-content\/uploads\/2025\/06\/007d7c-75x75.jpg 75w, https:\/\/conteurspro.fr\/site\/wp-content\/uploads\/2025\/06\/007d7c.jpg 1583w\" sizes=\"auto, (max-width: 1024px) 100vw, 1024px\" \/><figcaption class=\"wp-element-caption\">\u00c9changes autour du r\u00e9pertoire<\/figcaption><\/figure>\n\n\n\n<figure class=\"wp-block-image size-large\"><a href=\"https:\/\/conteurspro.fr\/site\/commission-le-conte-outil-deducation\/\"><img loading=\"lazy\" decoding=\"async\" width=\"1024\" height=\"1024\" data-id=\"4515\" src=\"https:\/\/conteurspro.fr\/site\/wp-content\/uploads\/2025\/06\/fbcdb3-1024x1024.jpg\" alt=\"\" class=\"wp-image-4515\" srcset=\"https:\/\/conteurspro.fr\/site\/wp-content\/uploads\/2025\/06\/fbcdb3-1024x1024.jpg 1024w, https:\/\/conteurspro.fr\/site\/wp-content\/uploads\/2025\/06\/fbcdb3-300x300.jpg 300w, https:\/\/conteurspro.fr\/site\/wp-content\/uploads\/2025\/06\/fbcdb3-150x150.jpg 150w, https:\/\/conteurspro.fr\/site\/wp-content\/uploads\/2025\/06\/fbcdb3-768x768.jpg 768w, https:\/\/conteurspro.fr\/site\/wp-content\/uploads\/2025\/06\/fbcdb3-1536x1536.jpg 1536w, https:\/\/conteurspro.fr\/site\/wp-content\/uploads\/2025\/06\/fbcdb3-1140x1140.jpg 1140w, https:\/\/conteurspro.fr\/site\/wp-content\/uploads\/2025\/06\/fbcdb3-75x75.jpg 75w, https:\/\/conteurspro.fr\/site\/wp-content\/uploads\/2025\/06\/fbcdb3.jpg 1583w\" sizes=\"auto, (max-width: 1024px) 100vw, 1024px\" \/><\/a><figcaption class=\"wp-element-caption\"><a href=\"https:\/\/conteurspro.fr\/site\/commission-le-conte-outil-deducation\/\">Contes et \u00e9ducation &#8211; T\u00e9moigner et r\u00e9fl\u00e9chir<\/a><\/figcaption><\/figure>\n\n\n\n<figure class=\"wp-block-image size-large\"><a href=\"https:\/\/conteurspro.fr\/site\/wp-content\/uploads\/2020\/09\/FEMMES_INVISIBLES-article-Grande-Oreille-fevrier-2020.pdf\"><img loading=\"lazy\" decoding=\"async\" width=\"1024\" height=\"1024\" data-id=\"4509\" src=\"https:\/\/conteurspro.fr\/site\/wp-content\/uploads\/2025\/06\/65064a-1024x1024.jpg\" alt=\"\" class=\"wp-image-4509\" srcset=\"https:\/\/conteurspro.fr\/site\/wp-content\/uploads\/2025\/06\/65064a-1024x1024.jpg 1024w, https:\/\/conteurspro.fr\/site\/wp-content\/uploads\/2025\/06\/65064a-300x300.jpg 300w, https:\/\/conteurspro.fr\/site\/wp-content\/uploads\/2025\/06\/65064a-150x150.jpg 150w, https:\/\/conteurspro.fr\/site\/wp-content\/uploads\/2025\/06\/65064a-768x768.jpg 768w, https:\/\/conteurspro.fr\/site\/wp-content\/uploads\/2025\/06\/65064a-1536x1536.jpg 1536w, https:\/\/conteurspro.fr\/site\/wp-content\/uploads\/2025\/06\/65064a-1140x1140.jpg 1140w, https:\/\/conteurspro.fr\/site\/wp-content\/uploads\/2025\/06\/65064a-75x75.jpg 75w, https:\/\/conteurspro.fr\/site\/wp-content\/uploads\/2025\/06\/65064a.jpg 1583w\" sizes=\"auto, (max-width: 1024px) 100vw, 1024px\" \/><\/a><figcaption class=\"wp-element-caption\"><a href=\"https:\/\/conteurspro.fr\/site\/wp-content\/uploads\/2020\/09\/FEMMES_INVISIBLES-article-Grande-Oreille-fevrier-2020.pdf\"> Mise en lumi\u00e8re des femmes invisibilis\u00e9es<br>Conteuses, anthropologues, collecteuses, folkloristes (En collaboration avec la revue \u00ab\u00a0La grande Oreille\u00a0\u00bb)<\/a><\/figcaption><\/figure>\n\n\n\n<figure class=\"wp-block-image size-large\"><img loading=\"lazy\" decoding=\"async\" width=\"1024\" height=\"602\" data-id=\"1295\" src=\"https:\/\/conteurspro.fr\/site\/wp-content\/uploads\/2020\/10\/ag-et-ac-apacc-criel-2020-30-bis-1024x602.jpg\" alt=\"\" class=\"wp-image-1295\" srcset=\"https:\/\/conteurspro.fr\/site\/wp-content\/uploads\/2020\/10\/ag-et-ac-apacc-criel-2020-30-bis-1024x602.jpg 1024w, https:\/\/conteurspro.fr\/site\/wp-content\/uploads\/2020\/10\/ag-et-ac-apacc-criel-2020-30-bis-300x176.jpg 300w, https:\/\/conteurspro.fr\/site\/wp-content\/uploads\/2020\/10\/ag-et-ac-apacc-criel-2020-30-bis-768x452.jpg 768w, https:\/\/conteurspro.fr\/site\/wp-content\/uploads\/2020\/10\/ag-et-ac-apacc-criel-2020-30-bis-1536x904.jpg 1536w, https:\/\/conteurspro.fr\/site\/wp-content\/uploads\/2020\/10\/ag-et-ac-apacc-criel-2020-30-bis-2048x1205.jpg 2048w\" sizes=\"auto, (max-width: 1024px) 100vw, 1024px\" \/><\/figure>\n\n\n\n<figure class=\"wp-block-image size-large\"><a href=\"https:\/\/conteurspro.fr\/site\/actes-collectifs-3\/\"><img loading=\"lazy\" decoding=\"async\" width=\"1024\" height=\"1024\" data-id=\"4510\" src=\"https:\/\/conteurspro.fr\/site\/wp-content\/uploads\/2025\/06\/f18352-1024x1024.jpg\" alt=\"\" class=\"wp-image-4510\" srcset=\"https:\/\/conteurspro.fr\/site\/wp-content\/uploads\/2025\/06\/f18352-1024x1024.jpg 1024w, https:\/\/conteurspro.fr\/site\/wp-content\/uploads\/2025\/06\/f18352-300x300.jpg 300w, https:\/\/conteurspro.fr\/site\/wp-content\/uploads\/2025\/06\/f18352-150x150.jpg 150w, https:\/\/conteurspro.fr\/site\/wp-content\/uploads\/2025\/06\/f18352-768x768.jpg 768w, https:\/\/conteurspro.fr\/site\/wp-content\/uploads\/2025\/06\/f18352-1536x1536.jpg 1536w, https:\/\/conteurspro.fr\/site\/wp-content\/uploads\/2025\/06\/f18352-1140x1140.jpg 1140w, https:\/\/conteurspro.fr\/site\/wp-content\/uploads\/2025\/06\/f18352-75x75.jpg 75w, https:\/\/conteurspro.fr\/site\/wp-content\/uploads\/2025\/06\/f18352.jpg 1583w\" sizes=\"auto, (max-width: 1024px) 100vw, 1024px\" \/><\/a><figcaption class=\"wp-element-caption\"><a href=\"https:\/\/conteurspro.fr\/site\/actes-collectifs-3\/\">Actes collectifs<\/a> &#8211;<a href=\"https:\/\/conteurspro.fr\/site\/actes-collectifs-3\/\"> Echanges de pratiques<\/a><\/figcaption><\/figure>\n\n\n\n<figure class=\"wp-block-image size-large\"><a href=\"https:\/\/conteurspro.fr\/site\/flash\/\"><img loading=\"lazy\" decoding=\"async\" width=\"1024\" height=\"1024\" data-id=\"4508\" src=\"https:\/\/conteurspro.fr\/site\/wp-content\/uploads\/2025\/06\/8a4b78-1024x1024.jpg\" alt=\"\" class=\"wp-image-4508\" srcset=\"https:\/\/conteurspro.fr\/site\/wp-content\/uploads\/2025\/06\/8a4b78-1024x1024.jpg 1024w, https:\/\/conteurspro.fr\/site\/wp-content\/uploads\/2025\/06\/8a4b78-300x300.jpg 300w, https:\/\/conteurspro.fr\/site\/wp-content\/uploads\/2025\/06\/8a4b78-150x150.jpg 150w, https:\/\/conteurspro.fr\/site\/wp-content\/uploads\/2025\/06\/8a4b78-768x768.jpg 768w, https:\/\/conteurspro.fr\/site\/wp-content\/uploads\/2025\/06\/8a4b78-1536x1536.jpg 1536w, https:\/\/conteurspro.fr\/site\/wp-content\/uploads\/2025\/06\/8a4b78-1140x1140.jpg 1140w, https:\/\/conteurspro.fr\/site\/wp-content\/uploads\/2025\/06\/8a4b78-75x75.jpg 75w, https:\/\/conteurspro.fr\/site\/wp-content\/uploads\/2025\/06\/8a4b78.jpg 1583w\" sizes=\"auto, (max-width: 1024px) 100vw, 1024px\" \/><\/a><figcaption class=\"wp-element-caption\"><a href=\"https:\/\/conteurspro.fr\/site\/flash\/\">Le flash info : pour \u00eatre informer des nouvelles actions de l&rsquo;Apacc<\/a><\/figcaption><\/figure>\n\n\n\n<figure class=\"wp-block-image size-large\"><img loading=\"lazy\" decoding=\"async\" width=\"1024\" height=\"1024\" data-id=\"4507\" src=\"https:\/\/conteurspro.fr\/site\/wp-content\/uploads\/2025\/06\/2c9e9f-2-1024x1024.jpg\" alt=\"\" class=\"wp-image-4507\" srcset=\"https:\/\/conteurspro.fr\/site\/wp-content\/uploads\/2025\/06\/2c9e9f-2-1024x1024.jpg 1024w, https:\/\/conteurspro.fr\/site\/wp-content\/uploads\/2025\/06\/2c9e9f-2-300x300.jpg 300w, https:\/\/conteurspro.fr\/site\/wp-content\/uploads\/2025\/06\/2c9e9f-2-150x150.jpg 150w, https:\/\/conteurspro.fr\/site\/wp-content\/uploads\/2025\/06\/2c9e9f-2-768x768.jpg 768w, https:\/\/conteurspro.fr\/site\/wp-content\/uploads\/2025\/06\/2c9e9f-2-1536x1536.jpg 1536w, https:\/\/conteurspro.fr\/site\/wp-content\/uploads\/2025\/06\/2c9e9f-2-1140x1140.jpg 1140w, https:\/\/conteurspro.fr\/site\/wp-content\/uploads\/2025\/06\/2c9e9f-2-75x75.jpg 75w, https:\/\/conteurspro.fr\/site\/wp-content\/uploads\/2025\/06\/2c9e9f-2.jpg 1583w\" sizes=\"auto, (max-width: 1024px) 100vw, 1024px\" \/><figcaption class=\"wp-element-caption\">Soutien aux jeunes artistes<\/figcaption><\/figure>\n\n\n\n<figure class=\"wp-block-image size-full\"><a href=\"https:\/\/conteurspro.fr\/site\/wp-content\/uploads\/2024\/05\/RNCAP-Fiche-bonne-pratique-tarif-minimal-du-cachet.pdf\"><img loading=\"lazy\" decoding=\"async\" width=\"1583\" height=\"1583\" data-id=\"4520\" src=\"https:\/\/conteurspro.fr\/site\/wp-content\/uploads\/2025\/06\/fbcdb3-1.jpg\" alt=\"\" class=\"wp-image-4520\" srcset=\"https:\/\/conteurspro.fr\/site\/wp-content\/uploads\/2025\/06\/fbcdb3-1.jpg 1583w, https:\/\/conteurspro.fr\/site\/wp-content\/uploads\/2025\/06\/fbcdb3-1-300x300.jpg 300w, https:\/\/conteurspro.fr\/site\/wp-content\/uploads\/2025\/06\/fbcdb3-1-1024x1024.jpg 1024w, https:\/\/conteurspro.fr\/site\/wp-content\/uploads\/2025\/06\/fbcdb3-1-150x150.jpg 150w, https:\/\/conteurspro.fr\/site\/wp-content\/uploads\/2025\/06\/fbcdb3-1-768x768.jpg 768w, https:\/\/conteurspro.fr\/site\/wp-content\/uploads\/2025\/06\/fbcdb3-1-1536x1536.jpg 1536w, https:\/\/conteurspro.fr\/site\/wp-content\/uploads\/2025\/06\/fbcdb3-1-1140x1140.jpg 1140w, https:\/\/conteurspro.fr\/site\/wp-content\/uploads\/2025\/06\/fbcdb3-1-75x75.jpg 75w\" sizes=\"auto, (max-width: 1583px) 100vw, 1583px\" \/><\/a><figcaption class=\"wp-element-caption\"><a href=\"https:\/\/conteurspro.fr\/site\/wp-content\/uploads\/2024\/05\/RNCAP-Fiche-bonne-pratique-tarif-minimal-du-cachet.pdf\">Bonnes pratiques &#8211; Tarifs minimaux <\/a><\/figcaption><\/figure>\n<\/figure>\n<\/div><\/div>\n\n\n\n<p><\/p>\n","protected":false},"excerpt":{"rendered":"","protected":false},"author":4,"featured_media":0,"parent":0,"menu_order":0,"comment_status":"closed","ping_status":"closed","template":"","meta":{"footnotes":""},"class_list":["post-4048","page","type-page","status-publish","hentry"],"_links":{"self":[{"href":"https:\/\/conteurspro.fr\/site\/wp-json\/wp\/v2\/pages\/4048","targetHints":{"allow":["GET"]}}],"collection":[{"href":"https:\/\/conteurspro.fr\/site\/wp-json\/wp\/v2\/pages"}],"about":[{"href":"https:\/\/conteurspro.fr\/site\/wp-json\/wp\/v2\/types\/page"}],"author":[{"embeddable":true,"href":"https:\/\/conteurspro.fr\/site\/wp-json\/wp\/v2\/users\/4"}],"replies":[{"embeddable":true,"href":"https:\/\/conteurspro.fr\/site\/wp-json\/wp\/v2\/comments?post=4048"}],"version-history":[{"count":26,"href":"https:\/\/conteurspro.fr\/site\/wp-json\/wp\/v2\/pages\/4048\/revisions"}],"predecessor-version":[{"id":4614,"href":"https:\/\/conteurspro.fr\/site\/wp-json\/wp\/v2\/pages\/4048\/revisions\/4614"}],"wp:attachment":[{"href":"https:\/\/conteurspro.fr\/site\/wp-json\/wp\/v2\/media?parent=4048"}],"curies":[{"name":"wp","href":"https:\/\/api.w.org\/{rel}","templated":true}]}}