{"id":4060,"date":"2025-01-15T18:20:22","date_gmt":"2025-01-15T17:20:22","guid":{"rendered":"https:\/\/conteurspro.fr\/site\/?page_id=4060"},"modified":"2026-01-21T16:57:14","modified_gmt":"2026-01-21T15:57:14","slug":"quand-le-conte-renaissait","status":"publish","type":"page","link":"https:\/\/conteurspro.fr\/site\/quand-le-conte-renaissait\/","title":{"rendered":"Quand le conte renaissait !"},"content":{"rendered":"\n<p>Retour sur le Renouveau du conte en France<\/p>\n\n\n\n<figure class=\"wp-block-image size-large is-resized\"><img loading=\"lazy\" decoding=\"async\" width=\"1024\" height=\"643\" src=\"https:\/\/conteurspro.fr\/site\/wp-content\/uploads\/2024\/02\/renouveau4-1024x643.jpg\" alt=\"\" class=\"wp-image-3305\" style=\"width:545px;height:auto\" srcset=\"https:\/\/conteurspro.fr\/site\/wp-content\/uploads\/2024\/02\/renouveau4-1024x643.jpg 1024w, https:\/\/conteurspro.fr\/site\/wp-content\/uploads\/2024\/02\/renouveau4-300x188.jpg 300w, https:\/\/conteurspro.fr\/site\/wp-content\/uploads\/2024\/02\/renouveau4-768x482.jpg 768w, https:\/\/conteurspro.fr\/site\/wp-content\/uploads\/2024\/02\/renouveau4-1140x715.jpg 1140w, https:\/\/conteurspro.fr\/site\/wp-content\/uploads\/2024\/02\/renouveau4.jpg 1426w\" sizes=\"auto, (max-width: 1024px) 100vw, 1024px\" \/><\/figure>\n\n\n\n<p>La Commission M\u00e9moire de l\u2019APACC a document\u00e9 l\u2019historique du \u00ab\u00a0Renouveau du conte en France\u00a0\u00bb (1970\/1987)\u00a0par une s\u00e9rie d\u2019entretiens film\u00e9s des conteurs et conteuses professionnel.les de cette \u00e9poque. Cette \u00e9norme et passionnant travail r\u00e9alis\u00e9 aux quatre coins de la France est enfin accessible. Il devrait inspirer les conteurs et les conteuses d&rsquo;aujourd&rsquo;hui et fournir mati\u00e8re \u00e0 r\u00e9fl\u00e9chir aux chercheurs et aux chercheuses, par la diversit\u00e9 des exp\u00e9riences et des chemins que l&rsquo;on d\u00e9couvre \u00e0 travers les nombreux interviews r\u00e9alis\u00e9s.<\/p>\n\n\n\n<p>Un teaser ludique et po\u00e9tique introduit le sujet et invite \u00e0 \u00e9couter la cinquantaine de vid\u00e9os r\u00e9alis\u00e9es&nbsp;:<a> <\/a>\u00ab&nbsp;Le Conte nous parle de sa vie depuis le d\u00e9but des temps jusqu\u2019\u00e0 son \u00ab&nbsp;Renouveau ! \u00bb<\/p>\n\n\n\n<p><a href=\"https:\/\/conteurspro.fr\/site\/commission-memoire-les-videos\/\">Pour voir le <strong>teaser de la commission M\u00e9moire, <\/strong>cliquez ici<\/a><\/p>\n\n\n\n<p>Dur\u00e9e: 2,51 mn.<\/p>\n\n\n\n<p>Production Apacc 2024. R\u00e9alisation : H\u00e9l\u00e8ne Butaeye et Samuel Lebrun, en collaboration avec les membres de la Commission M\u00e9moire Apacc. Voix off : Samuel Lebrun.<\/p>\n\n\n\n<p><a href=\"https:\/\/conteurspro.fr\/site\/commission-memoire-les-videos\/\">Voir l&rsquo;ensemble des vid\u00e9os<\/a><\/p>\n","protected":false},"excerpt":{"rendered":"<p>Retour sur le Renouveau du conte en France La Commission M\u00e9moire de l\u2019APACC a document\u00e9 l\u2019historique du \u00ab\u00a0Renouveau du conte en France\u00a0\u00bb (1970\/1987)\u00a0par une s\u00e9rie d\u2019entretiens film\u00e9s des conteurs et conteuses professionnel.les de cette \u00e9poque. Cette \u00e9norme et passionnant travail r\u00e9alis\u00e9 aux quatre coins de la France est enfin accessible. Il devrait inspirer les conteurs et les conteuses d&rsquo;aujourd&rsquo;hui et fournir mati\u00e8re \u00e0 r\u00e9fl\u00e9chir aux chercheurs et aux chercheuses, par la diversit\u00e9 des exp\u00e9riences et des chemins que l&rsquo;on d\u00e9couvre \u00e0 travers les nombreux interviews r\u00e9alis\u00e9s. Un teaser ludique et po\u00e9tique introduit le sujet et invite \u00e0 \u00e9couter la cinquantaine de vid\u00e9os r\u00e9alis\u00e9es&nbsp;: \u00ab&nbsp;Le Conte nous parle de sa vie depuis le d\u00e9but des temps jusqu\u2019\u00e0 son \u00ab&nbsp;Renouveau ! \u00bb Pour voir le teaser de la commission M\u00e9moire, cliquez ici Dur\u00e9e: 2,51 mn. Production Apacc 2024. R\u00e9alisation : H\u00e9l\u00e8ne Butaeye et Samuel Lebrun, en collaboration avec les membres de la Commission M\u00e9moire Apacc. Voix off : Samuel Lebrun. Voir l&rsquo;ensemble des vid\u00e9os<\/p>\n","protected":false},"author":4,"featured_media":0,"parent":0,"menu_order":0,"comment_status":"closed","ping_status":"closed","template":"","meta":{"footnotes":""},"class_list":["post-4060","page","type-page","status-publish","hentry"],"_links":{"self":[{"href":"https:\/\/conteurspro.fr\/site\/wp-json\/wp\/v2\/pages\/4060","targetHints":{"allow":["GET"]}}],"collection":[{"href":"https:\/\/conteurspro.fr\/site\/wp-json\/wp\/v2\/pages"}],"about":[{"href":"https:\/\/conteurspro.fr\/site\/wp-json\/wp\/v2\/types\/page"}],"author":[{"embeddable":true,"href":"https:\/\/conteurspro.fr\/site\/wp-json\/wp\/v2\/users\/4"}],"replies":[{"embeddable":true,"href":"https:\/\/conteurspro.fr\/site\/wp-json\/wp\/v2\/comments?post=4060"}],"version-history":[{"count":2,"href":"https:\/\/conteurspro.fr\/site\/wp-json\/wp\/v2\/pages\/4060\/revisions"}],"predecessor-version":[{"id":5273,"href":"https:\/\/conteurspro.fr\/site\/wp-json\/wp\/v2\/pages\/4060\/revisions\/5273"}],"wp:attachment":[{"href":"https:\/\/conteurspro.fr\/site\/wp-json\/wp\/v2\/media?parent=4060"}],"curies":[{"name":"wp","href":"https:\/\/api.w.org\/{rel}","templated":true}]}}