{"id":4088,"date":"2025-01-16T19:36:58","date_gmt":"2025-01-16T18:36:58","guid":{"rendered":"https:\/\/conteurspro.fr\/site\/?page_id=4088"},"modified":"2025-04-28T15:40:37","modified_gmt":"2025-04-28T13:40:37","slug":"ressources-autour-du-conte","status":"publish","type":"page","link":"https:\/\/conteurspro.fr\/site\/ressources-autour-du-conte\/","title":{"rendered":"Ressources autour du conte"},"content":{"rendered":"\n<div class=\"wp-block-media-text is-stacked-on-mobile\"><figure class=\"wp-block-media-text__media\"><img loading=\"lazy\" decoding=\"async\" width=\"640\" height=\"640\" src=\"https:\/\/conteurspro.fr\/site\/wp-content\/uploads\/2025\/01\/superwoman-5709443_640.png\" alt=\"\" class=\"wp-image-4092 size-full\" srcset=\"https:\/\/conteurspro.fr\/site\/wp-content\/uploads\/2025\/01\/superwoman-5709443_640.png 640w, https:\/\/conteurspro.fr\/site\/wp-content\/uploads\/2025\/01\/superwoman-5709443_640-300x300.png 300w, https:\/\/conteurspro.fr\/site\/wp-content\/uploads\/2025\/01\/superwoman-5709443_640-150x150.png 150w, https:\/\/conteurspro.fr\/site\/wp-content\/uploads\/2025\/01\/superwoman-5709443_640-75x75.png 75w\" sizes=\"auto, (max-width: 640px) 100vw, 640px\" \/><\/figure><div class=\"wp-block-media-text__content\">\n<p><\/p>\n\n\n\n<p><\/p>\n\n\n\n<h2 class=\"wp-block-heading\"><strong>Et si je testais mon r\u00e9pertoire ?<\/strong><\/h2>\n\n\n\n<p>Vous connaissez le \u00ab\u00a0test de Bechdel\u00a0\u00bb ? Il s&rsquo;agit de quelques questions qui visent \u00e0 mettre en \u00e9vidence la sous-repr\u00e9sentation des personnages f\u00e9minins dans les fictions. Et si on l&rsquo;appliquait au conte ? C&rsquo;est parti !!<\/p>\n\n\n\n<p><a href=\"https:\/\/conteurspro.fr\/site\/2020\/05\/28\/et-si-je-testais-mon-repertoire-de-contes\/\">Pour en savoir plus, cliquez-ici<\/a><\/p>\n\n\n\n<p><\/p>\n\n\n\n<p><\/p>\n\n\n\n<p><\/p>\n<\/div><\/div>\n\n\n\n<hr class=\"wp-block-separator has-alpha-channel-opacity\"\/>\n\n\n\n<h2 class=\"wp-block-heading\"><\/h2>\n\n\n\n<div class=\"wp-block-media-text has-media-on-the-right is-stacked-on-mobile\"><div class=\"wp-block-media-text__content\">\n<h2 class=\"wp-block-heading\"><strong>Des outils conte et \u00e9ducation<\/strong><\/h2>\n\n\n\n<p>Un document qui recense les ressources (articles, bibliographies, comptes rendus, vid\u00e9os, actions&#8230;) ayant pour sujet le conte et l&rsquo;\u00e9ducation.<\/p>\n\n\n\n<p><a href=\"https:\/\/conteurspro.fr\/site\/2021\/11\/16\/un-premier-listing-des-ressources-conte-et-education\/\">Pour en savoir plus, cliquez-ici<\/a><\/p>\n\n\n\n<p><\/p>\n\n\n\n<p><\/p>\n\n\n\n<p><\/p>\n\n\n\n<p><\/p>\n<\/div><figure class=\"wp-block-media-text__media\"><img loading=\"lazy\" decoding=\"async\" width=\"640\" height=\"640\" src=\"https:\/\/conteurspro.fr\/site\/wp-content\/uploads\/2021\/11\/talk-7647863_640.png\" alt=\"\" class=\"wp-image-3261 size-full\" srcset=\"https:\/\/conteurspro.fr\/site\/wp-content\/uploads\/2021\/11\/talk-7647863_640.png 640w, https:\/\/conteurspro.fr\/site\/wp-content\/uploads\/2021\/11\/talk-7647863_640-300x300.png 300w, https:\/\/conteurspro.fr\/site\/wp-content\/uploads\/2021\/11\/talk-7647863_640-150x150.png 150w, https:\/\/conteurspro.fr\/site\/wp-content\/uploads\/2021\/11\/talk-7647863_640-75x75.png 75w\" sizes=\"auto, (max-width: 640px) 100vw, 640px\" \/><\/figure><\/div>\n\n\n\n<hr class=\"wp-block-separator has-alpha-channel-opacity\"\/>\n\n\n\n<p><\/p>\n\n\n\n<div class=\"wp-block-media-text is-stacked-on-mobile\"><figure class=\"wp-block-media-text__media\"><img loading=\"lazy\" decoding=\"async\" width=\"210\" height=\"141\" src=\"https:\/\/conteurspro.fr\/site\/wp-content\/uploads\/2025\/01\/suzy-platiel.jpg\" alt=\"\" class=\"wp-image-4094 size-full\"\/><\/figure><div class=\"wp-block-media-text__content\">\n<h2 class=\"wp-block-heading\"><strong>Le travail de Suzy Platiel<\/strong><\/h2>\n\n\n\n<p>Pour d\u00e9couvrir ou approfondir votre connaissance du travail de l&rsquo;\u00e9thnolinguiste Suzy Platiel (initatrice des cercles d&rsquo;enfants conteurs en France), <a href=\"https:\/\/conteurspro.fr\/site\/2024\/03\/11\/ressources-autour-du-travail-de-suzy-platiel\/\">c&rsquo;est par ici !<\/a><\/p>\n<\/div><\/div>\n\n\n\n<hr class=\"wp-block-separator has-alpha-channel-opacity\"\/>\n\n\n\n<div class=\"wp-block-media-text has-media-on-the-right is-stacked-on-mobile\"><div class=\"wp-block-media-text__content\">\n<h2 class=\"wp-block-heading\"><strong>Sur l&rsquo;oralit\u00e9 inclusive<\/strong><\/h2>\n\n\n\n<p>Ecoutez la conf\u00e9rence d&rsquo;Eliane Viennot, invit\u00e9e par la commission Egalit\u00e9 et d\u00e9couvrez le manuel pour tout savoir sur l&rsquo;\u00e9criture inclusive ! <\/p>\n\n\n\n<p><a href=\"https:\/\/conteurspro.fr\/site\/2025\/02\/06\/sur-loralite-inclusive\/\">Pour en savoir plus, cliquez-ici. <\/a><\/p>\n<\/div><figure class=\"wp-block-media-text__media\"><img loading=\"lazy\" decoding=\"async\" width=\"640\" height=\"640\" src=\"https:\/\/conteurspro.fr\/site\/wp-content\/uploads\/2025\/02\/man-2660414_640.jpg\" alt=\"\" class=\"wp-image-4221 size-full\" srcset=\"https:\/\/conteurspro.fr\/site\/wp-content\/uploads\/2025\/02\/man-2660414_640.jpg 640w, https:\/\/conteurspro.fr\/site\/wp-content\/uploads\/2025\/02\/man-2660414_640-300x300.jpg 300w, https:\/\/conteurspro.fr\/site\/wp-content\/uploads\/2025\/02\/man-2660414_640-150x150.jpg 150w, https:\/\/conteurspro.fr\/site\/wp-content\/uploads\/2025\/02\/man-2660414_640-75x75.jpg 75w\" sizes=\"auto, (max-width: 640px) 100vw, 640px\" \/><\/figure><\/div>\n\n\n\n<hr class=\"wp-block-separator has-alpha-channel-opacity\"\/>\n\n\n\n<div class=\"wp-block-media-text is-stacked-on-mobile\"><figure class=\"wp-block-media-text__media\"><img loading=\"lazy\" decoding=\"async\" width=\"545\" height=\"363\" src=\"https:\/\/conteurspro.fr\/site\/wp-content\/uploads\/2020\/11\/photo-maquette.jpg\" alt=\"\" class=\"wp-image-1391 size-full\" srcset=\"https:\/\/conteurspro.fr\/site\/wp-content\/uploads\/2020\/11\/photo-maquette.jpg 545w, https:\/\/conteurspro.fr\/site\/wp-content\/uploads\/2020\/11\/photo-maquette-300x200.jpg 300w\" sizes=\"auto, (max-width: 545px) 100vw, 545px\" \/><\/figure><div class=\"wp-block-media-text__content\">\n<h2 class=\"wp-block-heading\"><strong>Quel lieu pour le conte ?<\/strong><\/h2>\n\n\n\n<p>Quel est donc cet espace artistique et technique qui accueille l\u2019art du conte ?<\/p>\n\n\n\n<p>La commission \u00ab\u00a0Quel lieu pour le conte\u00a0\u00bb a r\u00e9alis\u00e9 une base de programme architectural pour construire le lieu id\u00e9al !!<\/p>\n\n\n\n<p><a href=\"https:\/\/conteurspro.fr\/site\/commission-quel-lieu-pour-le-conte\/\">Pour en savoir plus, cliquez-ici.<\/a><\/p>\n<\/div><\/div>\n\n\n\n<hr class=\"wp-block-separator has-alpha-channel-opacity\"\/>\n\n\n\n<div class=\"wp-block-media-text has-media-on-the-right is-stacked-on-mobile\"><div class=\"wp-block-media-text__content\">\n<h2 class=\"wp-block-heading\"><strong>51 interviews des conteurs et conteuses du Renouveau<\/strong><\/h2>\n\n\n\n<p>La commission m\u00e9moire a interview\u00e9 une cinquantaine de conteuses et conteurs ayant v\u00e9cu le \u00ab\u00a0Renouveau\u00a0\u00bb du conte entre 1970 et 1987, d\u00e9couvrez les <a href=\"https:\/\/conteurspro.fr\/site\/commission-memoire-les-videos\/\">en cliquant-ici.<\/a> <\/p>\n<\/div><figure class=\"wp-block-media-text__media\"><img loading=\"lazy\" decoding=\"async\" width=\"1024\" height=\"643\" src=\"https:\/\/conteurspro.fr\/site\/wp-content\/uploads\/2024\/02\/renouveau4-1024x643.jpg\" alt=\"\" class=\"wp-image-3305 size-full\" srcset=\"https:\/\/conteurspro.fr\/site\/wp-content\/uploads\/2024\/02\/renouveau4-1024x643.jpg 1024w, https:\/\/conteurspro.fr\/site\/wp-content\/uploads\/2024\/02\/renouveau4-300x188.jpg 300w, https:\/\/conteurspro.fr\/site\/wp-content\/uploads\/2024\/02\/renouveau4-768x482.jpg 768w, https:\/\/conteurspro.fr\/site\/wp-content\/uploads\/2024\/02\/renouveau4-1140x715.jpg 1140w, https:\/\/conteurspro.fr\/site\/wp-content\/uploads\/2024\/02\/renouveau4.jpg 1426w\" sizes=\"auto, (max-width: 1024px) 100vw, 1024px\" \/><\/figure><\/div>\n\n\n\n<hr class=\"wp-block-separator has-alpha-channel-opacity\"\/>\n\n\n\n<div class=\"wp-block-media-text is-stacked-on-mobile\"><figure class=\"wp-block-media-text__media\"><img loading=\"lazy\" decoding=\"async\" width=\"640\" height=\"419\" src=\"https:\/\/conteurspro.fr\/site\/wp-content\/uploads\/2025\/04\/piggy-bank-970340_640.jpg\" alt=\"\" class=\"wp-image-4422 size-full\" srcset=\"https:\/\/conteurspro.fr\/site\/wp-content\/uploads\/2025\/04\/piggy-bank-970340_640.jpg 640w, https:\/\/conteurspro.fr\/site\/wp-content\/uploads\/2025\/04\/piggy-bank-970340_640-300x196.jpg 300w\" sizes=\"auto, (max-width: 640px) 100vw, 640px\" \/><\/figure><div class=\"wp-block-media-text__content\">\n<p>Quel tarif minimum appliquer pour une repr\u00e9sentation de spectacle ? Quelles sont les sp\u00e9cificit\u00e9s et probl\u00e9matiques du statut d&rsquo;ariste d&rsquo;auto-entrepreneur ? La commission SEL et le RNCAP ont r\u00e9dig\u00e9 des fiches pour vous !<\/p>\n\n\n\n<p><a href=\"https:\/\/conteurspro.fr\/site\/les-fiches-pratiques-de-la-commission-sel\/\" target=\"_blank\" rel=\"noreferrer noopener\">Pour en savoir plus, cliquez-ici.<\/a><\/p>\n<\/div><\/div>\n\n\n\n<p><\/p>\n","protected":false},"excerpt":{"rendered":"<p>Et si je testais mon r\u00e9pertoire ? Vous connaissez le \u00ab\u00a0test de Bechdel\u00a0\u00bb ? Il s&rsquo;agit de quelques questions qui visent \u00e0 mettre en \u00e9vidence la sous-repr\u00e9sentation des personnages f\u00e9minins dans les fictions. Et si on l&rsquo;appliquait au conte ? C&rsquo;est parti !! Pour en savoir plus, cliquez-ici Des outils conte et \u00e9ducation Un document qui recense les ressources (articles, bibliographies, comptes rendus, vid\u00e9os, actions&#8230;) ayant pour sujet le conte et l&rsquo;\u00e9ducation. Pour en savoir plus, cliquez-ici Le travail de Suzy Platiel Pour d\u00e9couvrir ou approfondir votre connaissance du travail de l&rsquo;\u00e9thnolinguiste Suzy Platiel (initatrice des cercles d&rsquo;enfants conteurs en France), c&rsquo;est par ici ! Sur l&rsquo;oralit\u00e9 inclusive Ecoutez la conf\u00e9rence d&rsquo;Eliane Viennot, invit\u00e9e par la commission Egalit\u00e9 et d\u00e9couvrez le manuel pour tout savoir sur l&rsquo;\u00e9criture inclusive ! Pour en savoir plus, cliquez-ici. Quel lieu pour le conte ? Quel est donc cet espace artistique et technique qui accueille l\u2019art du conte ? La commission \u00ab\u00a0Quel lieu pour le conte\u00a0\u00bb a r\u00e9alis\u00e9 une base de programme architectural pour construire le lieu id\u00e9al !! Pour en savoir plus, cliquez-ici. 51 interviews des conteurs et conteuses du Renouveau La commission m\u00e9moire a interview\u00e9 une cinquantaine de conteuses et conteurs ayant v\u00e9cu le \u00ab\u00a0Renouveau\u00a0\u00bb du conte entre 1970 et 1987, d\u00e9couvrez les en cliquant-ici. Quel tarif minimum appliquer pour une repr\u00e9sentation de spectacle ? Quelles sont les sp\u00e9cificit\u00e9s et probl\u00e9matiques du statut d&rsquo;ariste d&rsquo;auto-entrepreneur ? La commission SEL et le RNCAP ont r\u00e9dig\u00e9 des fiches pour vous ! Pour en savoir plus, cliquez-ici.<\/p>\n","protected":false},"author":23,"featured_media":4224,"parent":0,"menu_order":0,"comment_status":"closed","ping_status":"closed","template":"","meta":{"footnotes":""},"class_list":["post-4088","page","type-page","status-publish","has-post-thumbnail","hentry"],"_links":{"self":[{"href":"https:\/\/conteurspro.fr\/site\/wp-json\/wp\/v2\/pages\/4088","targetHints":{"allow":["GET"]}}],"collection":[{"href":"https:\/\/conteurspro.fr\/site\/wp-json\/wp\/v2\/pages"}],"about":[{"href":"https:\/\/conteurspro.fr\/site\/wp-json\/wp\/v2\/types\/page"}],"author":[{"embeddable":true,"href":"https:\/\/conteurspro.fr\/site\/wp-json\/wp\/v2\/users\/23"}],"replies":[{"embeddable":true,"href":"https:\/\/conteurspro.fr\/site\/wp-json\/wp\/v2\/comments?post=4088"}],"version-history":[{"count":12,"href":"https:\/\/conteurspro.fr\/site\/wp-json\/wp\/v2\/pages\/4088\/revisions"}],"predecessor-version":[{"id":4767,"href":"https:\/\/conteurspro.fr\/site\/wp-json\/wp\/v2\/pages\/4088\/revisions\/4767"}],"wp:featuredmedia":[{"embeddable":true,"href":"https:\/\/conteurspro.fr\/site\/wp-json\/wp\/v2\/media\/4224"}],"wp:attachment":[{"href":"https:\/\/conteurspro.fr\/site\/wp-json\/wp\/v2\/media?parent=4088"}],"curies":[{"name":"wp","href":"https:\/\/api.w.org\/{rel}","templated":true}]}}