{"id":4419,"date":"2025-04-28T15:34:48","date_gmt":"2025-04-28T13:34:48","guid":{"rendered":"https:\/\/conteurspro.fr\/site\/?page_id=4419"},"modified":"2026-01-26T11:40:42","modified_gmt":"2026-01-26T10:40:42","slug":"les-fiches-pratiques-de-la-commission-sel","status":"publish","type":"page","link":"https:\/\/conteurspro.fr\/site\/les-fiches-pratiques-de-la-commission-sel\/","title":{"rendered":"Les fiches pratiques de la commission Legislation"},"content":{"rendered":"\n<p>La commissions Solidarit\u00e9 Entraide et Legislation travaille, en collaboration avec le RNCAP, \u00e0 la r\u00e9alisation de fiches pratiques pour r\u00e9pondre aux questions que les professionnel-les du conte se posent. <\/p>\n\n\n\n<p><\/p>\n\n\n\n<p><\/p>\n\n\n\n<p><\/p>\n\n\n\n<h2 class=\"wp-block-heading\"><a href=\"https:\/\/conteurspro.fr\/site\/wp-content\/uploads\/2024\/05\/RNCAP-Fiche-bonne-pratique-tarif-minimal-du-cachet.pdf\">Quel tarif minimal appliquer \u00e0 une repr\u00e9sentation ? <\/a><\/h2>\n\n\n\n<div data-wp-interactive=\"core\/file\" class=\"wp-block-file\"><object data-wp-bind--hidden=\"!state.hasPdfPreview\" hidden class=\"wp-block-file__embed\" data=\"https:\/\/conteurspro.fr\/site\/wp-content\/uploads\/2024\/05\/RNCAP-Fiche-bonne-pratique-tarif-minimal-du-cachet.pdf\" type=\"application\/pdf\" style=\"width:100%;height:600px\" aria-label=\"Contenu embarqu\u00e9 RNCAP-Fiche-bonne-pratique-tarif-minimal-du-cachet.\"><\/object><a id=\"wp-block-file--media-7d386935-e9b0-4ede-958c-bc4d85cf40cc\" href=\"https:\/\/conteurspro.fr\/site\/wp-content\/uploads\/2024\/05\/RNCAP-Fiche-bonne-pratique-tarif-minimal-du-cachet.pdf\">RNCAP-Fiche-bonne-pratique-tarif-minimal-du-cachet<\/a><a href=\"https:\/\/conteurspro.fr\/site\/wp-content\/uploads\/2024\/05\/RNCAP-Fiche-bonne-pratique-tarif-minimal-du-cachet.pdf\" class=\"wp-block-file__button wp-element-button\" download aria-describedby=\"wp-block-file--media-7d386935-e9b0-4ede-958c-bc4d85cf40cc\">T\u00e9l\u00e9charger<\/a><\/div>\n\n\n\n<hr class=\"wp-block-separator has-alpha-channel-opacity\"\/>\n\n\n\n<h2 class=\"wp-block-heading\"><a href=\"https:\/\/conteurspro.fr\/site\/wp-content\/uploads\/2024\/05\/RNCAP-Fiche-bonne-pratique-artiste-auto-entrepreneur.pdf\">Des questions sur le statut d&rsquo;artiste auto-entrepreneur ?<\/a><\/h2>\n\n\n\n<div data-wp-interactive=\"core\/file\" class=\"wp-block-file\"><object data-wp-bind--hidden=\"!state.hasPdfPreview\" hidden class=\"wp-block-file__embed\" data=\"https:\/\/conteurspro.fr\/site\/wp-content\/uploads\/2026\/01\/FICHE-ArtisteConteur-et-microEntreprise-attention-danger-_VF10_2025-PDF.pdf\" type=\"application\/pdf\" style=\"width:100%;height:600px\" aria-label=\"Contenu embarqu\u00e9 FICHE-ArtisteConteur-et-microEntreprise-attention-danger-_VF10_2025-PDF.\"><\/object><a id=\"wp-block-file--media-5f50da36-2afd-43e2-9341-961287a614e8\" href=\"https:\/\/conteurspro.fr\/site\/wp-content\/uploads\/2026\/01\/FICHE-ArtisteConteur-et-microEntreprise-attention-danger-_VF10_2025-PDF.pdf\">FICHE-ArtisteConteur-et-microEntreprise-attention-danger-_VF10_2025-PDF<\/a><a href=\"https:\/\/conteurspro.fr\/site\/wp-content\/uploads\/2026\/01\/FICHE-ArtisteConteur-et-microEntreprise-attention-danger-_VF10_2025-PDF.pdf\" class=\"wp-block-file__button wp-element-button\" download aria-describedby=\"wp-block-file--media-5f50da36-2afd-43e2-9341-961287a614e8\">T\u00e9l\u00e9charger<\/a><\/div>\n\n\n\n<hr class=\"wp-block-separator has-alpha-channel-opacity\"\/>\n\n\n\n<h2 class=\"wp-block-heading\"><a href=\"https:\/\/conteurspro.fr\/site\/wp-content\/uploads\/2026\/01\/Fiche-RNCAP-APACC-Cadre-legal-pour-la-declaration-dactivite-professionnelle-1.pdf\">Quel cadre l\u00e9gal pour employer un artiste ?<\/a><\/h2>\n\n\n\n<div data-wp-interactive=\"core\/file\" class=\"wp-block-file\"><object data-wp-bind--hidden=\"!state.hasPdfPreview\" hidden class=\"wp-block-file__embed\" data=\"https:\/\/conteurspro.fr\/site\/wp-content\/uploads\/2026\/01\/Fiche-RNCAP-APACC-Cadre-legal-pour-la-declaration-dactivite-professionnelle-1.pdf\" type=\"application\/pdf\" style=\"width:100%;height:600px\" aria-label=\"Contenu embarqu\u00e9 Fiche-RNCAP-APACC-Cadre-legal-pour-la-declaration-dactivite-professionnelle-1.\"><\/object><a id=\"wp-block-file--media-ade22b76-ddd7-47a1-8f5d-4b16f18aa538\" href=\"https:\/\/conteurspro.fr\/site\/wp-content\/uploads\/2026\/01\/Fiche-RNCAP-APACC-Cadre-legal-pour-la-declaration-dactivite-professionnelle-1.pdf\">Fiche-RNCAP-APACC-Cadre-legal-pour-la-declaration-dactivite-professionnelle-1<\/a><a href=\"https:\/\/conteurspro.fr\/site\/wp-content\/uploads\/2026\/01\/Fiche-RNCAP-APACC-Cadre-legal-pour-la-declaration-dactivite-professionnelle-1.pdf\" class=\"wp-block-file__button wp-element-button\" download aria-describedby=\"wp-block-file--media-ade22b76-ddd7-47a1-8f5d-4b16f18aa538\">T\u00e9l\u00e9charger<\/a><\/div>\n\n\n\n<p><\/p>\n","protected":false},"excerpt":{"rendered":"<p>La commissions Solidarit\u00e9 Entraide et Legislation travaille, en collaboration avec le RNCAP, \u00e0 la r\u00e9alisation de fiches pratiques pour r\u00e9pondre aux questions que les professionnel-les du conte se posent. Quel tarif minimal appliquer \u00e0 une repr\u00e9sentation ? Des questions sur le statut d&rsquo;artiste auto-entrepreneur ? Quel cadre l\u00e9gal pour employer un artiste ?<\/p>\n","protected":false},"author":23,"featured_media":0,"parent":0,"menu_order":0,"comment_status":"closed","ping_status":"closed","template":"","meta":{"footnotes":""},"class_list":["post-4419","page","type-page","status-publish","hentry"],"_links":{"self":[{"href":"https:\/\/conteurspro.fr\/site\/wp-json\/wp\/v2\/pages\/4419","targetHints":{"allow":["GET"]}}],"collection":[{"href":"https:\/\/conteurspro.fr\/site\/wp-json\/wp\/v2\/pages"}],"about":[{"href":"https:\/\/conteurspro.fr\/site\/wp-json\/wp\/v2\/types\/page"}],"author":[{"embeddable":true,"href":"https:\/\/conteurspro.fr\/site\/wp-json\/wp\/v2\/users\/23"}],"replies":[{"embeddable":true,"href":"https:\/\/conteurspro.fr\/site\/wp-json\/wp\/v2\/comments?post=4419"}],"version-history":[{"count":11,"href":"https:\/\/conteurspro.fr\/site\/wp-json\/wp\/v2\/pages\/4419\/revisions"}],"predecessor-version":[{"id":5293,"href":"https:\/\/conteurspro.fr\/site\/wp-json\/wp\/v2\/pages\/4419\/revisions\/5293"}],"wp:attachment":[{"href":"https:\/\/conteurspro.fr\/site\/wp-json\/wp\/v2\/media?parent=4419"}],"curies":[{"name":"wp","href":"https:\/\/api.w.org\/{rel}","templated":true}]}}