{"id":4545,"date":"2025-06-06T23:31:37","date_gmt":"2025-06-06T21:31:37","guid":{"rendered":"https:\/\/conteurspro.fr\/site\/?page_id=4545"},"modified":"2025-06-07T01:31:04","modified_gmt":"2025-06-06T23:31:04","slug":"assemblee-generale-2025","status":"publish","type":"page","link":"https:\/\/conteurspro.fr\/site\/assemblee-generale-2025\/","title":{"rendered":"Assembl\u00e9e G\u00e9n\u00e9rale 2025"},"content":{"rendered":"\n<p><strong>9-10-11 Septembre<\/strong><\/p>\n\n\n\n<figure class=\"wp-block-image size-large\"><img loading=\"lazy\" decoding=\"async\" width=\"1024\" height=\"444\" src=\"https:\/\/conteurspro.fr\/site\/wp-content\/uploads\/2025\/06\/batiments-1024x444.jpg\" alt=\"\" class=\"wp-image-4546\" srcset=\"https:\/\/conteurspro.fr\/site\/wp-content\/uploads\/2025\/06\/batiments-1024x444.jpg 1024w, https:\/\/conteurspro.fr\/site\/wp-content\/uploads\/2025\/06\/batiments-300x130.jpg 300w, https:\/\/conteurspro.fr\/site\/wp-content\/uploads\/2025\/06\/batiments-768x333.jpg 768w, https:\/\/conteurspro.fr\/site\/wp-content\/uploads\/2025\/06\/batiments-1140x495.jpg 1140w, https:\/\/conteurspro.fr\/site\/wp-content\/uploads\/2025\/06\/batiments.jpg 1194w\" sizes=\"auto, (max-width: 1024px) 100vw, 1024px\" \/><\/figure>\n\n\n\n<p>Centre de Vacances AVEA S\u00e9jours NRB<br>Bel Horizon, Chemin de la falaise, 11100 Narbonne-Plage<\/p>\n\n\n\n<p>L\u2019AG est un temps l\u00e9gal et indispensable au bon fonctionnement d\u00e9mocratique de l\u2019association et \u00e0 sa dynamique mais elle est aussi un moment riche d\u2019\u00e9changes entre les adh\u00e9rent\u00b7es venant de tout le territoire.<\/p>\n\n\n\n<p>Les \u00e9changes et d\u00e9bats alterneront avec les temps de bilans et pr\u00e9visions d\u2019activit\u00e9s ainsi que les \u00e9lections des instances de gestion et de gouvernance.<\/p>\n\n\n\n<p>On y vote, on y d\u00e9bat et \u00e9labore, on y chante, on y pense, on y danse\u2026..<\/p>\n\n\n\n<figure class=\"wp-block-gallery has-nested-images columns-default is-cropped wp-block-gallery-1 is-layout-flex wp-block-gallery-is-layout-flex\">\n<figure class=\"wp-block-image size-large\"><img loading=\"lazy\" decoding=\"async\" width=\"1024\" height=\"504\" data-id=\"4564\" src=\"https:\/\/conteurspro.fr\/site\/wp-content\/uploads\/2025\/05\/on-y-elabore-1-1024x504.jpg\" alt=\"\" class=\"wp-image-4564\" srcset=\"https:\/\/conteurspro.fr\/site\/wp-content\/uploads\/2025\/05\/on-y-elabore-1-1024x504.jpg 1024w, https:\/\/conteurspro.fr\/site\/wp-content\/uploads\/2025\/05\/on-y-elabore-1-300x148.jpg 300w, https:\/\/conteurspro.fr\/site\/wp-content\/uploads\/2025\/05\/on-y-elabore-1-768x378.jpg 768w, https:\/\/conteurspro.fr\/site\/wp-content\/uploads\/2025\/05\/on-y-elabore-1-1536x757.jpg 1536w, https:\/\/conteurspro.fr\/site\/wp-content\/uploads\/2025\/05\/on-y-elabore-1-2048x1009.jpg 2048w, https:\/\/conteurspro.fr\/site\/wp-content\/uploads\/2025\/05\/on-y-elabore-1-1140x562.jpg 1140w\" sizes=\"auto, (max-width: 1024px) 100vw, 1024px\" \/><\/figure>\n\n\n\n<figure class=\"wp-block-image size-large\"><img loading=\"lazy\" decoding=\"async\" width=\"1024\" height=\"479\" data-id=\"4563\" src=\"https:\/\/conteurspro.fr\/site\/wp-content\/uploads\/2025\/05\/on-y-cause-1-1024x479.jpg\" alt=\"\" class=\"wp-image-4563\" srcset=\"https:\/\/conteurspro.fr\/site\/wp-content\/uploads\/2025\/05\/on-y-cause-1-1024x479.jpg 1024w, https:\/\/conteurspro.fr\/site\/wp-content\/uploads\/2025\/05\/on-y-cause-1-300x140.jpg 300w, https:\/\/conteurspro.fr\/site\/wp-content\/uploads\/2025\/05\/on-y-cause-1-768x359.jpg 768w, https:\/\/conteurspro.fr\/site\/wp-content\/uploads\/2025\/05\/on-y-cause-1-1536x718.jpg 1536w, https:\/\/conteurspro.fr\/site\/wp-content\/uploads\/2025\/05\/on-y-cause-1-2048x958.jpg 2048w, https:\/\/conteurspro.fr\/site\/wp-content\/uploads\/2025\/05\/on-y-cause-1-1140x533.jpg 1140w\" sizes=\"auto, (max-width: 1024px) 100vw, 1024px\" \/><\/figure>\n\n\n\n<figure class=\"wp-block-image size-large\"><img loading=\"lazy\" decoding=\"async\" width=\"1024\" height=\"529\" data-id=\"4562\" src=\"https:\/\/conteurspro.fr\/site\/wp-content\/uploads\/2025\/05\/on-y-veille-1-1024x529.jpg\" alt=\"\" class=\"wp-image-4562\" srcset=\"https:\/\/conteurspro.fr\/site\/wp-content\/uploads\/2025\/05\/on-y-veille-1-1024x529.jpg 1024w, https:\/\/conteurspro.fr\/site\/wp-content\/uploads\/2025\/05\/on-y-veille-1-300x155.jpg 300w, https:\/\/conteurspro.fr\/site\/wp-content\/uploads\/2025\/05\/on-y-veille-1-768x397.jpg 768w, https:\/\/conteurspro.fr\/site\/wp-content\/uploads\/2025\/05\/on-y-veille-1-1536x794.jpg 1536w, https:\/\/conteurspro.fr\/site\/wp-content\/uploads\/2025\/05\/on-y-veille-1-2048x1059.jpg 2048w, https:\/\/conteurspro.fr\/site\/wp-content\/uploads\/2025\/05\/on-y-veille-1-1140x589.jpg 1140w\" sizes=\"auto, (max-width: 1024px) 100vw, 1024px\" \/><\/figure>\n\n\n\n<figure class=\"wp-block-image size-large\"><img loading=\"lazy\" decoding=\"async\" width=\"1024\" height=\"576\" data-id=\"4561\" src=\"https:\/\/conteurspro.fr\/site\/wp-content\/uploads\/2025\/05\/on-y-danse-1-1024x576.jpg\" alt=\"\" class=\"wp-image-4561\" srcset=\"https:\/\/conteurspro.fr\/site\/wp-content\/uploads\/2025\/05\/on-y-danse-1-1024x576.jpg 1024w, https:\/\/conteurspro.fr\/site\/wp-content\/uploads\/2025\/05\/on-y-danse-1-300x169.jpg 300w, https:\/\/conteurspro.fr\/site\/wp-content\/uploads\/2025\/05\/on-y-danse-1-768x432.jpg 768w, https:\/\/conteurspro.fr\/site\/wp-content\/uploads\/2025\/05\/on-y-danse-1-1536x864.jpg 1536w, https:\/\/conteurspro.fr\/site\/wp-content\/uploads\/2025\/05\/on-y-danse-1-1140x641.jpg 1140w, https:\/\/conteurspro.fr\/site\/wp-content\/uploads\/2025\/05\/on-y-danse-1.jpg 1920w\" sizes=\"auto, (max-width: 1024px) 100vw, 1024px\" \/><\/figure>\n\n\n\n<figure class=\"wp-block-image size-large\"><img loading=\"lazy\" decoding=\"async\" width=\"1024\" height=\"576\" data-id=\"4559\" src=\"https:\/\/conteurspro.fr\/site\/wp-content\/uploads\/2025\/05\/on-y-chante-1024x576.jpg\" alt=\"\" class=\"wp-image-4559\" srcset=\"https:\/\/conteurspro.fr\/site\/wp-content\/uploads\/2025\/05\/on-y-chante-1024x576.jpg 1024w, https:\/\/conteurspro.fr\/site\/wp-content\/uploads\/2025\/05\/on-y-chante-300x169.jpg 300w, https:\/\/conteurspro.fr\/site\/wp-content\/uploads\/2025\/05\/on-y-chante-768x432.jpg 768w, https:\/\/conteurspro.fr\/site\/wp-content\/uploads\/2025\/05\/on-y-chante-1536x864.jpg 1536w, https:\/\/conteurspro.fr\/site\/wp-content\/uploads\/2025\/05\/on-y-chante-1140x641.jpg 1140w, https:\/\/conteurspro.fr\/site\/wp-content\/uploads\/2025\/05\/on-y-chante.jpg 1920w\" sizes=\"auto, (max-width: 1024px) 100vw, 1024px\" \/><\/figure>\n\n\n\n<figure class=\"wp-block-image size-large\"><img loading=\"lazy\" decoding=\"async\" width=\"1024\" height=\"504\" data-id=\"4555\" src=\"https:\/\/conteurspro.fr\/site\/wp-content\/uploads\/2025\/05\/on-y-pense-AG2024-1024x504.jpg\" alt=\"\" class=\"wp-image-4555\" srcset=\"https:\/\/conteurspro.fr\/site\/wp-content\/uploads\/2025\/05\/on-y-pense-AG2024-1024x504.jpg 1024w, https:\/\/conteurspro.fr\/site\/wp-content\/uploads\/2025\/05\/on-y-pense-AG2024-300x148.jpg 300w, https:\/\/conteurspro.fr\/site\/wp-content\/uploads\/2025\/05\/on-y-pense-AG2024-768x378.jpg 768w, https:\/\/conteurspro.fr\/site\/wp-content\/uploads\/2025\/05\/on-y-pense-AG2024-1536x757.jpg 1536w, https:\/\/conteurspro.fr\/site\/wp-content\/uploads\/2025\/05\/on-y-pense-AG2024-2048x1009.jpg 2048w, https:\/\/conteurspro.fr\/site\/wp-content\/uploads\/2025\/05\/on-y-pense-AG2024-1140x562.jpg 1140w\" sizes=\"auto, (max-width: 1024px) 100vw, 1024px\" \/><\/figure>\n\n\n\n<figure class=\"wp-block-image size-large\"><img loading=\"lazy\" decoding=\"async\" width=\"1024\" height=\"576\" data-id=\"4553\" src=\"https:\/\/conteurspro.fr\/site\/wp-content\/uploads\/2025\/05\/on-y-danse-1024x576.jpg\" alt=\"\" class=\"wp-image-4553\" srcset=\"https:\/\/conteurspro.fr\/site\/wp-content\/uploads\/2025\/05\/on-y-danse-1024x576.jpg 1024w, https:\/\/conteurspro.fr\/site\/wp-content\/uploads\/2025\/05\/on-y-danse-300x169.jpg 300w, https:\/\/conteurspro.fr\/site\/wp-content\/uploads\/2025\/05\/on-y-danse-768x432.jpg 768w, https:\/\/conteurspro.fr\/site\/wp-content\/uploads\/2025\/05\/on-y-danse-1536x864.jpg 1536w, https:\/\/conteurspro.fr\/site\/wp-content\/uploads\/2025\/05\/on-y-danse-1140x641.jpg 1140w, https:\/\/conteurspro.fr\/site\/wp-content\/uploads\/2025\/05\/on-y-danse.jpg 1920w\" sizes=\"auto, (max-width: 1024px) 100vw, 1024px\" \/><\/figure>\n<\/figure>\n","protected":false},"excerpt":{"rendered":"<p>9-10-11 Septembre Centre de Vacances AVEA S\u00e9jours NRBBel Horizon, Chemin de la falaise, 11100 Narbonne-Plage L\u2019AG est un temps l\u00e9gal et indispensable au bon fonctionnement d\u00e9mocratique de l\u2019association et \u00e0 sa dynamique mais elle est aussi un moment riche d\u2019\u00e9changes entre les adh\u00e9rent\u00b7es venant de tout le territoire. Les \u00e9changes et d\u00e9bats alterneront avec les temps de bilans et pr\u00e9visions d\u2019activit\u00e9s ainsi que les \u00e9lections des instances de gestion et de gouvernance. On y vote, on y d\u00e9bat et \u00e9labore, on y chante, on y pense, on y danse\u2026..<\/p>\n","protected":false},"author":4,"featured_media":0,"parent":0,"menu_order":0,"comment_status":"closed","ping_status":"closed","template":"","meta":{"footnotes":""},"class_list":["post-4545","page","type-page","status-publish","hentry"],"_links":{"self":[{"href":"https:\/\/conteurspro.fr\/site\/wp-json\/wp\/v2\/pages\/4545","targetHints":{"allow":["GET"]}}],"collection":[{"href":"https:\/\/conteurspro.fr\/site\/wp-json\/wp\/v2\/pages"}],"about":[{"href":"https:\/\/conteurspro.fr\/site\/wp-json\/wp\/v2\/types\/page"}],"author":[{"embeddable":true,"href":"https:\/\/conteurspro.fr\/site\/wp-json\/wp\/v2\/users\/4"}],"replies":[{"embeddable":true,"href":"https:\/\/conteurspro.fr\/site\/wp-json\/wp\/v2\/comments?post=4545"}],"version-history":[{"count":4,"href":"https:\/\/conteurspro.fr\/site\/wp-json\/wp\/v2\/pages\/4545\/revisions"}],"predecessor-version":[{"id":4570,"href":"https:\/\/conteurspro.fr\/site\/wp-json\/wp\/v2\/pages\/4545\/revisions\/4570"}],"wp:attachment":[{"href":"https:\/\/conteurspro.fr\/site\/wp-json\/wp\/v2\/media?parent=4545"}],"curies":[{"name":"wp","href":"https:\/\/api.w.org\/{rel}","templated":true}]}}