{"id":4588,"date":"2025-06-18T21:35:21","date_gmt":"2025-06-18T19:35:21","guid":{"rendered":"https:\/\/conteurspro.fr\/site\/?page_id=4588"},"modified":"2025-06-18T21:35:22","modified_gmt":"2025-06-18T19:35:22","slug":"la-charte-pour-une-programmation-inclusive-et-equitable","status":"publish","type":"page","link":"https:\/\/conteurspro.fr\/site\/la-charte-pour-une-programmation-inclusive-et-equitable\/","title":{"rendered":"La charte pour une programmation inclusive et \u00e9quitable"},"content":{"rendered":"\n<p>Chers-\u00e8res acteurs, actrices du champ des arts du conte et de la parole, et de la culture, vous avez l&rsquo;habitude de programmer des conteurs, des conteuses dans le cadre de votre activit\u00e9 ; ou\/et vous concevez, soutenez, accompagnez, participez \u00e0 une programmation annuelle ou un temps fort autour<br>des arts de la parole ; nous vous invitons \u00e0 b\u00e2tir avec nous, une <strong>repr\u00e9sentation inclusive et paritaire des artistes du conte en France<\/strong>.<br>Pour cela nous vous partageons le fruit de notre travail, une \u00ab <strong>Charte pour une programmation \u00e9quitable et inclusive<\/strong> \u00bb pour que chaque artiste dispose des m\u00eames chances.<br>Nous souhaitons que cet engagement soit joyeux et collectif, et qu\u2019il puisse s\u2019acter dor\u00e9navant dans le<br>monde du conte qui nous est si pr\u00e9cieux.<br>Aussi <strong>nous vous invitons \u00e0 signer cette charte<\/strong>, \u00e0 la diffuser \u00e0 toutes les personnes de votre \u00e9quipe<br>souhaitant s\u2019y associer. Nous esp\u00e9rons que cette charte nous permettra de discuter ensemble des mesures concr\u00e8tes \u00e0 mettre en \u0153uvre sur le terrain.<\/p>\n\n\n\n<p><\/p>\n\n\n\n<div class=\"wp-block-buttons is-layout-flex wp-block-buttons-is-layout-flex\">\n<div class=\"wp-block-button\"><a class=\"wp-block-button__link wp-element-button\" href=\"https:\/\/conteurspro.fr\/site\/wp-content\/uploads\/2025\/03\/CHARTE-POUR-UNE-PROGRAMMATION-EQUITABLE-ET-INCLUSIVE-version-avec-logos-1-1.pdf\">Lire la charte<\/a><\/div>\n<\/div>\n\n\n\n<div class=\"wp-block-buttons is-layout-flex wp-block-buttons-is-layout-flex\">\n<div class=\"wp-block-button\"><a class=\"wp-block-button__link wp-element-button\" href=\"https:\/\/framaforms.org\/charte-pour-une-programmation-equitable-et-inclusive-1738588138\">Signez la charte<\/a><\/div>\n<\/div>\n\n\n\n<p><\/p>\n\n\n\n<div data-wp-interactive=\"core\/file\" class=\"wp-block-file\"><object data-wp-bind--hidden=\"!state.hasPdfPreview\" hidden class=\"wp-block-file__embed\" data=\"https:\/\/conteurspro.fr\/site\/wp-content\/uploads\/2025\/03\/CHARTE-POUR-UNE-PROGRAMMATION-EQUITABLE-ET-INCLUSIVE-version-avec-logos-1-1.pdf\" type=\"application\/pdf\" style=\"width:100%;height:600px\" aria-label=\"Contenu embarqu\u00e9 CHARTE POUR UNE PROGRAMMATION \u00c9QUITABLE ET INCLUSIVE version avec logos (1) (1).\"><\/object><a id=\"wp-block-file--media-7e4cb52f-5d40-443a-a304-3179be4f2628\" href=\"https:\/\/conteurspro.fr\/site\/wp-content\/uploads\/2025\/03\/CHARTE-POUR-UNE-PROGRAMMATION-EQUITABLE-ET-INCLUSIVE-version-avec-logos-1-1.pdf\">CHARTE POUR UNE PROGRAMMATION \u00c9QUITABLE ET INCLUSIVE version avec logos (1) (1)<\/a><a href=\"https:\/\/conteurspro.fr\/site\/wp-content\/uploads\/2025\/03\/CHARTE-POUR-UNE-PROGRAMMATION-EQUITABLE-ET-INCLUSIVE-version-avec-logos-1-1.pdf\" class=\"wp-block-file__button wp-element-button\" download aria-describedby=\"wp-block-file--media-7e4cb52f-5d40-443a-a304-3179be4f2628\">T\u00e9l\u00e9charger<\/a><\/div>\n","protected":false},"excerpt":{"rendered":"<p>Chers-\u00e8res acteurs, actrices du champ des arts du conte et de la parole, et de la culture, vous avez l&rsquo;habitude de programmer des conteurs, des conteuses dans le cadre de votre activit\u00e9 ; ou\/et vous concevez, soutenez, accompagnez, participez \u00e0 une programmation annuelle ou un temps fort autourdes arts de la parole ; nous vous invitons \u00e0 b\u00e2tir avec nous, une repr\u00e9sentation inclusive et paritaire des artistes du conte en France.Pour cela nous vous partageons le fruit de notre travail, une \u00ab Charte pour une programmation \u00e9quitable et inclusive \u00bb pour que chaque artiste dispose des m\u00eames chances.Nous souhaitons que cet engagement soit joyeux et collectif, et qu\u2019il puisse s\u2019acter dor\u00e9navant dans lemonde du conte qui nous est si pr\u00e9cieux.Aussi nous vous invitons \u00e0 signer cette charte, \u00e0 la diffuser \u00e0 toutes les personnes de votre \u00e9quipesouhaitant s\u2019y associer. Nous esp\u00e9rons que cette charte nous permettra de discuter ensemble des mesures concr\u00e8tes \u00e0 mettre en \u0153uvre sur le terrain.<\/p>\n","protected":false},"author":23,"featured_media":0,"parent":0,"menu_order":0,"comment_status":"closed","ping_status":"closed","template":"","meta":{"footnotes":""},"class_list":["post-4588","page","type-page","status-publish","hentry"],"_links":{"self":[{"href":"https:\/\/conteurspro.fr\/site\/wp-json\/wp\/v2\/pages\/4588","targetHints":{"allow":["GET"]}}],"collection":[{"href":"https:\/\/conteurspro.fr\/site\/wp-json\/wp\/v2\/pages"}],"about":[{"href":"https:\/\/conteurspro.fr\/site\/wp-json\/wp\/v2\/types\/page"}],"author":[{"embeddable":true,"href":"https:\/\/conteurspro.fr\/site\/wp-json\/wp\/v2\/users\/23"}],"replies":[{"embeddable":true,"href":"https:\/\/conteurspro.fr\/site\/wp-json\/wp\/v2\/comments?post=4588"}],"version-history":[{"count":1,"href":"https:\/\/conteurspro.fr\/site\/wp-json\/wp\/v2\/pages\/4588\/revisions"}],"predecessor-version":[{"id":4589,"href":"https:\/\/conteurspro.fr\/site\/wp-json\/wp\/v2\/pages\/4588\/revisions\/4589"}],"wp:attachment":[{"href":"https:\/\/conteurspro.fr\/site\/wp-json\/wp\/v2\/media?parent=4588"}],"curies":[{"name":"wp","href":"https:\/\/api.w.org\/{rel}","templated":true}]}}