{"id":4617,"date":"2025-07-23T18:29:19","date_gmt":"2025-07-23T16:29:19","guid":{"rendered":"https:\/\/conteurspro.fr\/site\/?page_id=4617"},"modified":"2026-02-18T19:30:01","modified_gmt":"2026-02-18T18:30:01","slug":"jadhere-pour-la-premiere-fois","status":"publish","type":"page","link":"https:\/\/conteurspro.fr\/site\/jadhere-pour-la-premiere-fois\/","title":{"rendered":"J&rsquo;adh\u00e8re pour la premi\u00e8re fois"},"content":{"rendered":"\n<h2 class=\"wp-block-heading\">Mode d&#8217;emploi pour adh\u00e9rer<\/h2>\n\n\n\n<p>Vous devez t\u00e9l\u00e9charger les quatre documents ci-dessous, les signer et nous les renvoyer \u00e0 l&rsquo;adresse<strong>&nbsp;:&nbsp;<\/strong><\/p>\n\n\n\n<p>Anne Leviel, 14 le H\u00e9ron &nbsp;Cendr\u00e9, 80 260 Frechencourt ou par mail <a href=\"&#x6d;&#x61;&#x69;&#x6c;&#116;&#111;&#58;ad&#x68;&#x65;&#x73;&#x69;&#x6f;&#110;&#115;&#64;co&#x6e;&#x74;&#x65;&#x75;&#x72;&#115;&#112;&#114;o&#46;&#x66;&#x72;\">&#x61;&#100;h&#x65;&#x73;&#105;o&#x6e;&#x73;&#64;c&#x6f;&#x6e;&#116;e&#x75;&#x72;&#115;p&#x72;&#111;&#46;f&#x72;<\/a><\/p>\n\n\n\n<p>Dans le formulaire que vous devez remplir, vous d\u00e9clarez sur l&rsquo;honneur \u00eatre conteur ou conteuse professionnel\u00b7le.<\/p>\n\n\n\n<p>1 &#8211;&nbsp;<a href=\"https:\/\/conteurspro.fr\/site\/wp-content\/uploads\/2026\/02\/statuts-Apacc-sans-signature.pdf\">Les statuts de l&rsquo;association<\/a><\/p>\n\n\n\n<p>2 &#8211; <a href=\"https:\/\/conteurspro.fr\/site\/wp-content\/uploads\/2022\/10\/Manifeste-bonne-version-des-artistes-professionnels\u00b7les-conteurs-conteuses-14-10-2022.pdf\">Manifeste pour la d\u00e9fense du salariat des artistes professionnel-les conteuses et conteurs<\/a><\/p>\n\n\n\n<p>3- <a href=\"https:\/\/conteurspro.fr\/site\/wp-content\/uploads\/2020\/10\/definition-de-l-art-du-conteur-ou-de-la-conteuse.pdf\">La d\u00e9finition de l&rsquo;art de la conteuse et du conteur<\/a><\/p>\n\n\n\n<p>3 &#8211;<a href=\"https:\/\/conteurspro.fr\/site\/wp-content\/uploads\/2025\/07\/Formulaire-adhesion-a-jour.odt\"><\/a><a href=\"https:\/\/conteurspro.fr\/site\/wp-content\/uploads\/2026\/02\/Formulaire-adhesion-a-jour-18-fevrier-2026.odt\">Formulaire d&rsquo;adh\u00e9sion<\/a><\/p>\n\n\n\n<p><\/p>\n\n\n\n<p>La cotisation est fix\u00e9e par l&rsquo;Assembl\u00e9e g\u00e9n\u00e9rale, <strong>valable de septembre \u00e0 septembre.<\/strong><br>Possibilit\u00e9 de r\u00e9gler en 3 ch\u00e8ques ou 12 pr\u00e9l\u00e8vements automatiques<\/p>\n\n\n\n<p><\/p>\n\n\n\n<p><\/p>\n\n\n\n<h3 class=\"wp-block-heading has-text-align-center\">Montants des adh\u00e9sions en 2025 <\/h3>\n\n\n\n<p class=\"has-text-align-center\">(Ces tarifs seront soumis au vote en assembl\u00e9e g\u00e9n\u00e9rale en septembre)<\/p>\n\n\n\n<p>De septembre \u00e0 septembre &#8211; Assembl\u00e9e g\u00e9n\u00e9rale suivante incluse<\/p>\n\n\n\n<ul class=\"wp-block-list\">\n<li>Tarif normal :  7 euros par mois &#8211; 84 euros annuels<\/li>\n\n\n\n<li>Tarif r\u00e9duit  : 5 euros par mois &#8211; 60 euros annuels<\/li>\n\n\n\n<li>Tarif de soutien : 10 euros par mois &#8211; 120 euros annuels<\/li>\n<\/ul>\n\n\n\n<p>Nouvelle adh\u00e9sion en cours d&rsquo;ann\u00e9e : 7 euros par mois au pro-rata des mois restants jusqu&rsquo;\u00e0 septembre<\/p>\n\n\n\n<p><\/p>\n\n\n\n<h3 class=\"wp-block-heading has-text-align-center\">R\u00e8glement de l&rsquo;adh\u00e9sion<\/h3>\n\n\n\n<ul class=\"wp-block-list\">\n<li><strong>Par ch\u00e8que \u00e0 envoyer \u00e0 l&rsquo;adresse : <\/strong><\/li>\n<\/ul>\n\n\n\n<p>A l&rsquo;ordre de l&rsquo;APACC &#8211; Mentionnez derri\u00e8re le ch\u00e8que \u00ab\u00a0Adh\u00e9sion 2025-2026\u00a0\u00bb<\/p>\n\n\n\n<p> Anne Leviel, 14 le H\u00e9ron Cendr\u00e9, 80260 Frechencourt<\/p>\n\n\n\n<p>Paiement en plusieurs fois possible.<\/p>\n\n\n\n<p><\/p>\n\n\n\n<ul class=\"wp-block-list\">\n<li><strong>Par virement <\/strong>(annuel ou mensuel)<\/li>\n<\/ul>\n\n\n\n<p>APACC &#8211; Cr\u00e9dit coop\u00e9ratif<\/p>\n\n\n\n<p><strong>IBAN<\/strong> FR76 4255 9100 0008 0133 8744 066 &#8211; <strong>BIC&nbsp;:<\/strong> C C O P F R P P X X X<\/p>\n","protected":false},"excerpt":{"rendered":"<p>Mode d&#8217;emploi pour adh\u00e9rer Vous devez t\u00e9l\u00e9charger les quatre documents ci-dessous, les signer et nous les renvoyer \u00e0 l&rsquo;adresse&nbsp;:&nbsp; Anne Leviel, 14 le H\u00e9ron &nbsp;Cendr\u00e9, 80 260 Frechencourt ou par mail &#x61;&#x64;&#x68;&#x65;&#x73;&#x69;&#x6f;&#110;&#115;&#64;&#99;&#111;nteu&#x72;&#x73;&#x70;&#x72;&#x6f;&#x2e;&#x66;&#x72; Dans le formulaire que vous devez remplir, vous d\u00e9clarez sur l&rsquo;honneur \u00eatre conteur ou conteuse professionnel\u00b7le. 1 &#8211;&nbsp;Les statuts de l&rsquo;association 2 &#8211; Manifeste pour la d\u00e9fense du salariat des artistes professionnel-les conteuses et conteurs 3- La d\u00e9finition de l&rsquo;art de la conteuse et du conteur 3 &#8211;Formulaire d&rsquo;adh\u00e9sion La cotisation est fix\u00e9e par l&rsquo;Assembl\u00e9e g\u00e9n\u00e9rale, valable de septembre \u00e0 septembre.Possibilit\u00e9 de r\u00e9gler en 3 ch\u00e8ques ou 12 pr\u00e9l\u00e8vements automatiques Montants des adh\u00e9sions en 2025 (Ces tarifs seront soumis au vote en assembl\u00e9e g\u00e9n\u00e9rale en septembre) De septembre \u00e0 septembre &#8211; Assembl\u00e9e g\u00e9n\u00e9rale suivante incluse Nouvelle adh\u00e9sion en cours d&rsquo;ann\u00e9e : 7 euros par mois au pro-rata des mois restants jusqu&rsquo;\u00e0 septembre R\u00e8glement de l&rsquo;adh\u00e9sion A l&rsquo;ordre de l&rsquo;APACC &#8211; Mentionnez derri\u00e8re le ch\u00e8que \u00ab\u00a0Adh\u00e9sion 2025-2026\u00a0\u00bb Anne Leviel, 14 le H\u00e9ron Cendr\u00e9, 80260 Frechencourt Paiement en plusieurs fois possible. APACC &#8211; Cr\u00e9dit coop\u00e9ratif IBAN FR76 4255 9100 0008 0133 8744 066 &#8211; BIC&nbsp;: C C O P F R P P X X X<\/p>\n","protected":false},"author":23,"featured_media":0,"parent":0,"menu_order":0,"comment_status":"closed","ping_status":"closed","template":"","meta":{"footnotes":""},"class_list":["post-4617","page","type-page","status-publish","hentry"],"_links":{"self":[{"href":"https:\/\/conteurspro.fr\/site\/wp-json\/wp\/v2\/pages\/4617","targetHints":{"allow":["GET"]}}],"collection":[{"href":"https:\/\/conteurspro.fr\/site\/wp-json\/wp\/v2\/pages"}],"about":[{"href":"https:\/\/conteurspro.fr\/site\/wp-json\/wp\/v2\/types\/page"}],"author":[{"embeddable":true,"href":"https:\/\/conteurspro.fr\/site\/wp-json\/wp\/v2\/users\/23"}],"replies":[{"embeddable":true,"href":"https:\/\/conteurspro.fr\/site\/wp-json\/wp\/v2\/comments?post=4617"}],"version-history":[{"count":19,"href":"https:\/\/conteurspro.fr\/site\/wp-json\/wp\/v2\/pages\/4617\/revisions"}],"predecessor-version":[{"id":5355,"href":"https:\/\/conteurspro.fr\/site\/wp-json\/wp\/v2\/pages\/4617\/revisions\/5355"}],"wp:attachment":[{"href":"https:\/\/conteurspro.fr\/site\/wp-json\/wp\/v2\/media?parent=4617"}],"curies":[{"name":"wp","href":"https:\/\/api.w.org\/{rel}","templated":true}]}}