{"id":4897,"date":"2025-11-24T09:40:03","date_gmt":"2025-11-24T08:40:03","guid":{"rendered":"https:\/\/conteurspro.fr\/site\/?page_id=4897"},"modified":"2025-11-24T09:40:04","modified_gmt":"2025-11-24T08:40:04","slug":"partage-doutils-pour-un-langage-inclusif-et-egalitaire","status":"publish","type":"page","link":"https:\/\/conteurspro.fr\/site\/partage-doutils-pour-un-langage-inclusif-et-egalitaire\/","title":{"rendered":"Partage d&rsquo;outils pour un langage inclusif et \u00e9galitaire"},"content":{"rendered":"\n<p><\/p>\n\n\n<div class=\"wp-block-image\">\n<figure class=\"alignleft\"><img loading=\"lazy\" decoding=\"async\" width=\"300\" height=\"300\" src=\"https:\/\/conteurspro.fr\/site\/wp-content\/uploads\/2023\/10\/cute-3045126_1280-300x300.jpg\" alt=\"\" class=\"wp-image-2932\" srcset=\"https:\/\/conteurspro.fr\/site\/wp-content\/uploads\/2023\/10\/cute-3045126_1280-300x300.jpg 300w, https:\/\/conteurspro.fr\/site\/wp-content\/uploads\/2023\/10\/cute-3045126_1280-1024x1024.jpg 1024w, https:\/\/conteurspro.fr\/site\/wp-content\/uploads\/2023\/10\/cute-3045126_1280-150x150.jpg 150w, https:\/\/conteurspro.fr\/site\/wp-content\/uploads\/2023\/10\/cute-3045126_1280-768x768.jpg 768w, https:\/\/conteurspro.fr\/site\/wp-content\/uploads\/2023\/10\/cute-3045126_1280.jpg 1280w\" sizes=\"auto, (max-width: 300px) 100vw, 300px\" \/><\/figure>\n<\/div>\n\n\n<p><\/p>\n\n\n\n<p>Nous poursuivons notre exploration joyeuse et stimulante autour de <strong>\u00ab\u00a0conte et oralit\u00e9 inclusive\u00a0\u00bb. <\/strong>&nbsp;Apr\u00e8s<span lang=\"fr-FR\">&nbsp;<span style=\"color: #3366ff;\"><a style=\"color: #3366ff;\" href=\"https:\/\/conteurspro.fr\/site\/wp-content\/uploads\/2023\/12\/CR-oralite-inclusive-19-mars-2021-Lyon.pdf\">les \u00e9changes et la pratique<\/a><\/span> qui ont eu lieu&nbsp; <strong>en 2021<\/strong>, <\/span>nous avons mis en commun nos r\u00e9pertoires et nos r\u00e9flexions \/propositions en exp\u00e9rimentant <span lang=\"fr-FR\">une parole inclusive et \u00e9galitaire lors d&rsquo;un Acte Collectif en <strong>janvier 2024<\/strong> dont voici<span style=\"color: #0000ff;\"> <a style=\"color: #0000ff;\" href=\"https:\/\/conteurspro.fr\/site\/wp-content\/uploads\/2024\/03\/Synthese-CR-inclusif-janvier-2024-2.pdf\">la synth\u00e8se<\/a>.<\/span><\/span><\/p>\n\n\n\n<h3 class=\"wp-block-heading\">&nbsp;<\/h3>\n\n\n\n<h3 class=\"wp-block-heading\"><strong>A propos d&rsquo;oralit\u00e9 inclusive<\/strong><\/h3>\n\n\n<div class=\"wp-block-image\">\n<figure class=\"alignleft\"><img loading=\"lazy\" decoding=\"async\" width=\"300\" height=\"190\" src=\"https:\/\/conteurspro.fr\/site\/wp-content\/uploads\/2021\/09\/2021-09-06-eliane-viennot-a-lapacc-2-300x190.jpg\" alt=\"\" class=\"wp-image-1735\" srcset=\"https:\/\/conteurspro.fr\/site\/wp-content\/uploads\/2021\/09\/2021-09-06-eliane-viennot-a-lapacc-2-300x190.jpg 300w, https:\/\/conteurspro.fr\/site\/wp-content\/uploads\/2021\/09\/2021-09-06-eliane-viennot-a-lapacc-2-1024x647.jpg 1024w, https:\/\/conteurspro.fr\/site\/wp-content\/uploads\/2021\/09\/2021-09-06-eliane-viennot-a-lapacc-2-768x485.jpg 768w, https:\/\/conteurspro.fr\/site\/wp-content\/uploads\/2021\/09\/2021-09-06-eliane-viennot-a-lapacc-2-1536x971.jpg 1536w, https:\/\/conteurspro.fr\/site\/wp-content\/uploads\/2021\/09\/2021-09-06-eliane-viennot-a-lapacc-2-2048x1294.jpg 2048w\" sizes=\"auto, (max-width: 300px) 100vw, 300px\" \/><\/figure>\n<\/div>\n\n\n<p> Nous avons eu la chance de recevoir <strong>Eliane Viennot <\/strong>pour une conf\u00e9rence intitul\u00e9e<strong> \u00ab\u00a0S&rsquo;exprimer en toute \u00e9galit\u00e9 : vieille langue, nouveaux usages\u00a0\u00bb&nbsp; <\/strong>suivie d&rsquo;une discussion.<strong><br><\/strong>Vous trouverez <span style=\"color: #ff6600;\"><a style=\"color: #ff6600;\" href=\"https:\/\/www.conteurspro.fr\/viennot.m4a\">ici <\/a><\/span><strong>l&rsquo;enregistrement complet de la conf\u00e9rence<\/strong>, instructive et passionnante ! Bonne \u00e9coute&#8230; Casque ou enceintes recommand\u00e9es pour ce fichier son.<br>Voici une courte biographie accompagn\u00e9e de quelques \u00e9clats embl\u00e9matiques de sa conf\u00e9rence pour l&rsquo;APACC :&nbsp; <span style=\"color: #3366ff;\"><a style=\"color: #3366ff;\" href=\"https:\/\/conteurspro.fr\/site\/wp-content\/uploads\/2021\/09\/Eliane-Viennot-a-lAPACC-le-6-septembre-2021.pdf\">Eliane Viennot \u00e0 l&rsquo;APACC le 6 septembre 2021<\/a><\/span><\/p>\n\n\n\n<p>Nous vous invitons \u00e0 d\u00e9couvrir :<\/p>\n\n\n\n<p><strong>un<\/strong><span style=\"color: #3366ff;\"> manuel d&rsquo;oralit\u00e9 inclusive<\/span> fait par la commission \u00e9galit\u00e9<\/p>\n\n\n\n<p>un <strong>outil pratique, simple et gratuit<\/strong> consultable et imprimable en ligne : <span style=\"color: #3366ff;\"><a style=\"color: #3366ff;\" href=\"https:\/\/wiki.solidaritesjeunesses.org\/files\/EcriturE_file_1626704117312_manuel_ecriture-2021-1.pdf\">le <\/a><a style=\"color: #3366ff;\" href=\"https:\/\/conteurspro.fr\/site\/wp-content\/uploads\/2020\/10\/ecritureinclusive.jpg\">Manuel d&rsquo;\u00e9criture inclusive \u00e9dit\u00e9 par Mots-cl\u00e9s, pdf en libre acc\u00e8s.<\/a><\/span><\/p>\n\n\n\n<hr class=\"wp-block-separator has-alpha-channel-opacity\"\/>\n\n\n\n<h3 class=\"wp-block-heading\"><strong>D\u00e9masquons nos r\u00e9pertoires :<\/strong><\/h3>\n\n\n<div class=\"wp-block-image\">\n<figure class=\"alignleft\"><img loading=\"lazy\" decoding=\"async\" width=\"300\" height=\"148\" src=\"https:\/\/conteurspro.fr\/site\/wp-content\/uploads\/2020\/05\/101492188_972926403167218_642268911227633664_o-300x148.jpg\" alt=\"\" class=\"wp-image-1081\" srcset=\"https:\/\/conteurspro.fr\/site\/wp-content\/uploads\/2020\/05\/101492188_972926403167218_642268911227633664_o-300x148.jpg 300w, https:\/\/conteurspro.fr\/site\/wp-content\/uploads\/2020\/05\/101492188_972926403167218_642268911227633664_o-768x378.jpg 768w, https:\/\/conteurspro.fr\/site\/wp-content\/uploads\/2020\/05\/101492188_972926403167218_642268911227633664_o.jpg 960w\" sizes=\"auto, (max-width: 300px) 100vw, 300px\" \/><\/figure>\n<\/div>\n\n\n<p><strong>Et si je testais mon r\u00e9pertoire de contes ?<\/strong><br>\u00ab\u00a0Il \u00e9tait une fois un roi qui avait douze fils\u2026\u00a0\u00bb<br>\u00c7a commence bien, mais\u2026 o\u00f9 est la reine ? O\u00f9 sont les s\u0153urs ?<br>Qu\u2019en est-il des filles, des gar\u00e7ons, des fils, des filles, des h\u00e9ros et h\u00e9ro\u00efnes dans nos histoires ?<br><strong>Aurai-je des surprises ? Chiche !<\/strong><br>Premi\u00e8re question : je pr\u00e9pare une racont\u00e9e d&rsquo;une heure. OK. Au bout de combien de temps appara\u00eet une premi\u00e8re femme et dans quel r\u00f4le ?<br><strong>Pour aller plus loin :<\/strong> Et si je faisais<span style=\"color: #3366ff;\"><a style=\"color: #3366ff;\" href=\"https:\/\/fr.wikipedia.org\/wiki\/Test_de_Mako_Mori\"> le test de Mako Mori<\/a> <\/span>? Il s\u2019inspire du <span style=\"color: #3366ff;\"><a style=\"color: #3366ff;\" href=\"https:\/\/fr.wikipedia.org\/wiki\/Test_de_Bechdel\">test de Bechdel<\/a> <\/span>qui permet de mettre en \u00e9vidence l&rsquo;\u00e9ventuelle sur-repr\u00e9sentation des protagonistes masculins ou la sous-repr\u00e9sentation de personnages f\u00e9minins dans une \u0153uvre de fiction.<br><strong>On y va, c\u2019est tr\u00e8s simple :<\/strong><br>1. Le conte doit avoir au moins un personnage f\u00e9minin ;<br>2. Ce personnage a son propre arc narratif ;<br>3. Cet arc ne consiste pas \u00e0 \u00eatre le faire-valoir d&rsquo;un personnage masculin.<br>Si l\u2019\u0153uvre cont\u00e9e v\u00e9rifie ces trois crit\u00e8res, le test est dit r\u00e9ussi.<br>Si ce n&rsquo;est pas le cas, cela peut indiquer que l\u2019\u0153uvre est centr\u00e9e sur des figures masculines, voire correspond au \u201csyndrome de la Schtroumpfette\u201d.<br>Pr\u00e9cision : cette proposition reste celle d&rsquo;un auto-questionnement, il n&rsquo;y a pas d&rsquo;attente de r\u00e9ponse. Des conteuses de la Commission Egalit\u00e9&nbsp; on&nbsp; fait le test entre elles, sur leurs histoires et r\u00e9pertoires : ouf !<\/p>\n","protected":false},"excerpt":{"rendered":"<p>Nous poursuivons notre exploration joyeuse et stimulante autour de \u00ab\u00a0conte et oralit\u00e9 inclusive\u00a0\u00bb. &nbsp;Apr\u00e8s&nbsp;les \u00e9changes et la pratique qui ont eu lieu&nbsp; en 2021, nous avons mis en commun nos r\u00e9pertoires et nos r\u00e9flexions \/propositions en exp\u00e9rimentant une parole inclusive et \u00e9galitaire lors d&rsquo;un Acte Collectif en janvier 2024 dont voici la synth\u00e8se. &nbsp; A propos d&rsquo;oralit\u00e9 inclusive Nous avons eu la chance de recevoir Eliane Viennot pour une conf\u00e9rence intitul\u00e9e \u00ab\u00a0S&rsquo;exprimer en toute \u00e9galit\u00e9 : vieille langue, nouveaux usages\u00a0\u00bb&nbsp; suivie d&rsquo;une discussion.Vous trouverez ici l&rsquo;enregistrement complet de la conf\u00e9rence, instructive et passionnante ! Bonne \u00e9coute&#8230; Casque ou enceintes recommand\u00e9es pour ce fichier son.Voici une courte biographie accompagn\u00e9e de quelques \u00e9clats embl\u00e9matiques de sa conf\u00e9rence pour l&rsquo;APACC :&nbsp; Eliane Viennot \u00e0 l&rsquo;APACC le 6 septembre 2021 Nous vous invitons \u00e0 d\u00e9couvrir : un manuel d&rsquo;oralit\u00e9 inclusive fait par la commission \u00e9galit\u00e9 un outil pratique, simple et gratuit consultable et imprimable en ligne : le Manuel d&rsquo;\u00e9criture inclusive \u00e9dit\u00e9 par Mots-cl\u00e9s, pdf en libre acc\u00e8s. D\u00e9masquons nos r\u00e9pertoires : Et si je testais mon r\u00e9pertoire de contes ?\u00ab\u00a0Il \u00e9tait une fois un roi qui avait douze fils\u2026\u00a0\u00bb\u00c7a commence bien, mais\u2026 o\u00f9 est la reine ? O\u00f9 sont les s\u0153urs ?Qu\u2019en est-il des filles, des gar\u00e7ons, des fils, des filles, des h\u00e9ros et h\u00e9ro\u00efnes dans nos histoires ?Aurai-je des surprises ? Chiche !Premi\u00e8re question : je pr\u00e9pare une racont\u00e9e d&rsquo;une heure. OK. Au bout de combien de temps appara\u00eet une premi\u00e8re femme et dans quel r\u00f4le ?Pour aller plus loin : Et si je faisais le test de Mako Mori ? Il s\u2019inspire du test de Bechdel qui permet de mettre en \u00e9vidence l&rsquo;\u00e9ventuelle sur-repr\u00e9sentation des protagonistes masculins ou la sous-repr\u00e9sentation de personnages f\u00e9minins dans une \u0153uvre de fiction.On y va, c\u2019est tr\u00e8s simple :1. Le conte doit avoir au moins un personnage f\u00e9minin ;2. Ce personnage a son propre arc narratif ;3. Cet arc ne consiste pas \u00e0 \u00eatre le faire-valoir d&rsquo;un personnage masculin.Si l\u2019\u0153uvre cont\u00e9e v\u00e9rifie ces trois crit\u00e8res, le test est dit r\u00e9ussi.Si ce n&rsquo;est pas le cas, cela peut indiquer que l\u2019\u0153uvre est centr\u00e9e sur des figures masculines, voire correspond au \u201csyndrome de la Schtroumpfette\u201d.Pr\u00e9cision : cette proposition reste celle d&rsquo;un auto-questionnement, il n&rsquo;y a pas d&rsquo;attente de r\u00e9ponse. Des conteuses de la Commission Egalit\u00e9&nbsp; on&nbsp; fait le test entre elles, sur leurs histoires et r\u00e9pertoires : ouf !<\/p>\n","protected":false},"author":23,"featured_media":0,"parent":0,"menu_order":0,"comment_status":"closed","ping_status":"closed","template":"","meta":{"footnotes":""},"class_list":["post-4897","page","type-page","status-publish","hentry"],"_links":{"self":[{"href":"https:\/\/conteurspro.fr\/site\/wp-json\/wp\/v2\/pages\/4897","targetHints":{"allow":["GET"]}}],"collection":[{"href":"https:\/\/conteurspro.fr\/site\/wp-json\/wp\/v2\/pages"}],"about":[{"href":"https:\/\/conteurspro.fr\/site\/wp-json\/wp\/v2\/types\/page"}],"author":[{"embeddable":true,"href":"https:\/\/conteurspro.fr\/site\/wp-json\/wp\/v2\/users\/23"}],"replies":[{"embeddable":true,"href":"https:\/\/conteurspro.fr\/site\/wp-json\/wp\/v2\/comments?post=4897"}],"version-history":[{"count":1,"href":"https:\/\/conteurspro.fr\/site\/wp-json\/wp\/v2\/pages\/4897\/revisions"}],"predecessor-version":[{"id":4898,"href":"https:\/\/conteurspro.fr\/site\/wp-json\/wp\/v2\/pages\/4897\/revisions\/4898"}],"wp:attachment":[{"href":"https:\/\/conteurspro.fr\/site\/wp-json\/wp\/v2\/media?parent=4897"}],"curies":[{"name":"wp","href":"https:\/\/api.w.org\/{rel}","templated":true}]}}