{"id":4901,"date":"2025-11-24T09:48:55","date_gmt":"2025-11-24T08:48:55","guid":{"rendered":"https:\/\/conteurspro.fr\/site\/?page_id=4901"},"modified":"2025-11-24T09:48:55","modified_gmt":"2025-11-24T08:48:55","slug":"ressources-de-la-commission-egalite","status":"publish","type":"page","link":"https:\/\/conteurspro.fr\/site\/ressources-de-la-commission-egalite\/","title":{"rendered":"Ressources de la commission Egalit\u00e9"},"content":{"rendered":"<div class=\"wp-block-image\">\n<figure class=\"alignleft\"><img decoding=\"async\" src=\"https:\/\/conteurspro.fr\/site\/wp-content\/uploads\/2023\/12\/Groupe-de-travail-2-e1703372621343.jpg\" alt=\"\"\/><\/figure>\n<\/div>\n\n\n<p><strong>&nbsp;<\/strong><\/p>\n\n\n\n<p><strong>Comptes-rendus des autres actions de la commission \u00e9galit\u00e9 : Enqu\u00eate <\/strong><span style=\"color: #3366ff;\"><a style=\"color: #3366ff;\" href=\"http:\/\/conteurspro.fr\/site\/pdf\/10_etudes-colloques\/Etude_Parite_Marion_Firecka_2013.pdf\">Parit\u00e9 hommes femmes dans le conte en 2013&nbsp;<\/a><\/span> commandit\u00e9e par le Mouvement H\/Fet l&rsquo;APAC aupr\u00e8s de Marion Firecka, sociologue.&nbsp; &nbsp; La r\u00e9partition H\/F a \u00e9t\u00e9 \u00e9valu\u00e9e \u00e0 partir de 50 programmations de festivals et de lieux de diffusion de contes.Des extraits de cette enqu\u00eate ont \u00e9t\u00e9 publi\u00e9s dans le Rapport du Haut-Commissariat \u00e0 l&rsquo;Egalit\u00e9 :<\/p>\n\n\n\n<p><a href=\"http:\/\/www.haut-conseil-egalite.gouv.fr\/IMG\/pdf\/hce_rapport_inegalites_dans_les_arts_et_la_culture_20180216_vlight.pdf\"><span style=\"color: #3366ff;\">Egalit\u00e9 dans la culture: le temps de l&rsquo;action\u00a0\u00bb<\/span><strong>,<\/strong> <strong><span style=\"color: #000000;\">2018<\/span><\/strong><\/a><\/p>\n\n\n\n<p><strong>Conf\u00e9rence&nbsp; &nbsp;<\/strong><span style=\"color: #3366ff;\"><a style=\"color: #3366ff;\" href=\"https:\/\/conteurspro.fr\/site\/pdf\/egalite\/201703-Les-anthropologues-ont-ils-mauvais-genre-JL-Le-Quellec.pdf\">Construction des identit\u00e9s sexu\u00e9es dans les soci\u00e9t\u00e9s, mythes et r\u00e9alit\u00e9s : regard d\u2019un anthropologue<\/a><\/span> avec<strong> Jean-Lo\u00efc le Quellec<\/strong> <strong>2017 <\/strong>Texte compl\u00e9mentaire :<span style=\"color: #3366ff;\"> <a style=\"color: #3366ff;\" href=\"https:\/\/conteurspro.fr\/site\/pdf\/egalite\/Liste-femmes_anthropologues.pdf\">Liste des femmes anthropologues<\/a><\/span><\/p>\n\n\n\n<p><strong>Colloques&nbsp; &nbsp; &nbsp; &nbsp; &nbsp; &nbsp; &nbsp; &nbsp; &nbsp; &nbsp; &nbsp; &nbsp; &nbsp; &nbsp; &nbsp; &nbsp; &nbsp; &nbsp; &nbsp; &nbsp; &nbsp; &nbsp; &nbsp; &nbsp; &nbsp; &nbsp; &nbsp; &nbsp; &nbsp; &nbsp; &nbsp; &nbsp; &nbsp; &nbsp; &nbsp; &nbsp; &nbsp; &nbsp; &nbsp; &nbsp; &nbsp; &nbsp; &nbsp; &nbsp; &nbsp; &nbsp; &nbsp; &nbsp; &nbsp; &nbsp; &nbsp; &nbsp; &nbsp; &nbsp; &nbsp; &nbsp; &nbsp; &nbsp; &nbsp; &nbsp; &nbsp; &nbsp; &nbsp; &nbsp; &nbsp; &nbsp; &nbsp; &nbsp; &nbsp; &nbsp; &nbsp; &nbsp; &nbsp; &nbsp;<\/strong><\/p>\n\n\n\n<p><span style=\"color: #3366ff;\"><a style=\"color: #3366ff;\" href=\"http:\/\/conteurspro.fr\/site\/pdf\/10_etudes-colloques\/2011_Colloque_femme_dans_le_conte_et_la_femme_conteuse.pdf\">La femme conteuse et la femme dans le conte<\/a> <\/span><strong style=\"font-size: revert; color: initial;\">2011<\/strong><\/p>\n\n\n\n<p><span style=\"color: #3366ff;\"><a style=\"color: #3366ff;\" href=\"https:\/\/conteurspro.fr\/site\/wp-content\/uploads\/2019\/11\/Actes-du-colloque-2013.pdf\">La femme conteuse et la femme dans le conte\/2<\/a><\/span><strong> 2013&nbsp; &nbsp; &nbsp; &nbsp; &nbsp;&nbsp;<\/strong><br><span style=\"color: #3366ff;\"><a style=\"color: #3366ff;\" href=\"http:\/\/conteurspro.fr\/site\/pdf\/10_etudes-colloques\/Heros_Heroines.pdf\">H\u00e9ros h\u00e9ro\u00efnes distribution des r\u00f4les<\/a> <\/span><strong>2014<\/strong><\/p>\n\n\n\n<p><strong>Journ\u00e9es de r\u00e9flexions&nbsp; &nbsp; &nbsp; &nbsp; &nbsp; &nbsp; &nbsp; &nbsp; &nbsp; &nbsp; &nbsp; &nbsp; &nbsp; &nbsp; &nbsp; &nbsp; &nbsp; &nbsp; &nbsp; &nbsp; &nbsp; &nbsp; &nbsp; &nbsp; &nbsp; &nbsp; &nbsp; &nbsp; &nbsp; &nbsp; &nbsp; &nbsp; &nbsp; &nbsp; &nbsp; &nbsp; &nbsp; &nbsp; &nbsp; &nbsp; &nbsp; &nbsp; &nbsp; &nbsp; &nbsp; &nbsp; &nbsp; &nbsp; &nbsp; &nbsp; &nbsp; &nbsp; &nbsp; &nbsp; &nbsp; &nbsp; &nbsp; &nbsp; <\/strong><\/p>\n\n\n\n<p><span style=\"color: #3366ff;\"><a style=\"color: #3366ff;\" href=\"https:\/\/conteurspro.fr\/site\/pdf\/egalite\/CR-du-19-septembre-16.pdf\">St\u00e9r\u00e9otypes- masculin\/f\u00e9minin dans nos contes : transmission ou d\u00e9tournement ?<\/a>&nbsp;<\/span> <strong>2016<br><\/strong><a href=\"https:\/\/conteurspro.fr\/site\/pdf\/egalite\/CR-role-des-peres-dans-les-contes.pdf\"><span style=\"color: #3366ff;\">Le r\u00f4le des p\u00e8res dans les contes<\/span><\/a> <strong>2017<br><\/strong>En interne<strong> : <\/strong><a href=\"https:\/\/conteurspro.fr\/site\/pdf\/egalite\/CR-Reunion-Apac-place-des-hommes-et-femmes-Apac.pdf\"><span style=\"color: #3366ff;\">Parit\u00e9 homme\/femme au sien de l\u2019Apacc<\/span> <\/a><strong>2017<\/strong><\/p>\n\n\n\n<p><strong>Formations th\u00e9oriques et pratiques&nbsp; <\/strong><\/p>\n\n\n\n<p><strong>Une <\/strong><span style=\"color: #0000ff;\"><a style=\"color: #0000ff;\" href=\"https:\/\/solstice.coop\/formations\/catalogue\/204-femmes-et-violences-comprendre-accueillir-orienter\/\">formation VHSS<\/a> <\/span><strong>contre les Violences et Harc\u00e8lements Sexistes et Sexuels, avec Fran\u00e7oise Mar, formatrice&nbsp;<span lang=\"zxx\">avec des adh\u00e9rent.e.s de l&rsquo;APACC et du RNCAP 2024<\/span><\/strong><\/p>\n\n\n\n<p><strong>Partage d&rsquo;outils de construction de l&rsquo;\u00e9galit\u00e9 femme\/homme dans les m\u00e9tiers du spectacle et du conte<\/strong>&nbsp;pour porteur.s.es de projets artistiques et culturels avec <strong>Anne Van Hyfthe<\/strong> , formatrice en autod\u00e9fense \u00e9motionnelle et verbale, artiste, intervenante artistique et directrice de la compagnie Sans titre production, co-fondatrice du mouvement interr\u00e9gional HF. Le travail est \u00e0 la fois intime et politique, toujours respectueux. C&rsquo;est de \u00ab\u00a0l&#8217;empuissancement\u00a0\u00bb, comme elle le dit si joliment.<br><span style=\"color: #3366ff;\"><a style=\"color: #3366ff;\" href=\"https:\/\/conteurspro.fr\/site\/pdf\/egalite\/Presentation-formation-Anne-Morel.pdf\">Pr\u00e9sentation de la formation<\/a> \/ <a style=\"color: #3366ff;\" href=\"https:\/\/conteurspro.fr\/site\/pdf\/egalite\/Technique-de-liberation-emotionnelle.pdf\">Technique de lib\u00e9ration \u00e9motionnelle \/<\/a><\/span><u><\/u><a href=\"https:\/\/conteurspro.fr\/site\/wp-content\/uploads\/2021\/02\/ressenti-atelier-anne-morel-van-hyfte-janvier-2021.pdf\"><span style=\"color: #3366ff;\">Ressenti participant\u00b7e\u00b7s janvier<\/span> <span style=\"color: #000000;\"><strong>2021.<\/strong><\/span>&nbsp;<\/a><br><a href=\"https:\/\/conteurspro.fr\/site\/wp-content\/uploads\/2019\/11\/Ressenti-participants-workshop-juillet-2019.pdf\"><span style=\"color: #3366ff;\">Ressenti participant.e.s workshop juillet&nbsp;<\/span><\/a> <strong>2019&nbsp; &nbsp; &nbsp; &nbsp; &nbsp; &nbsp; &nbsp; &nbsp; &nbsp; &nbsp; &nbsp; &nbsp; &nbsp; &nbsp; &nbsp; &nbsp; &nbsp; &nbsp; &nbsp; &nbsp; &nbsp; &nbsp; &nbsp; &nbsp; &nbsp; &nbsp; &nbsp; &nbsp; &nbsp; &nbsp; &nbsp; &nbsp; &nbsp; &nbsp; &nbsp; &nbsp; &nbsp; &nbsp; &nbsp; &nbsp; &nbsp; &nbsp; &nbsp; &nbsp; &nbsp; &nbsp; <\/strong><\/p>\n\n\n\n<p><u><span style=\"color: #3366ff;\"><a style=\"color: #3366ff;\" href=\"https:\/\/conteurspro.fr\/site\/pdf\/egalite\/CR-workshop(1).pdf\">CR <\/a><\/span>et <\/u><span style=\"color: #3366ff;\"><a style=\"color: #3366ff;\" href=\"https:\/\/conteurspro.fr\/site\/pdf\/egalite\/Impressions-participant.e.s-workshop.pdf\">Impressions des participant.e.s<\/a> <\/span><strong>2018<\/strong><\/p>\n\n\n\n<p><u><span style=\"color: #3366ff;\">CR<\/span> <strong>2015<\/strong><\/u><\/p>\n\n\n\n<p><strong>Et aussi <\/strong>Les Echos des <span style=\"color: #3366ff;\"><a style=\"color: #3366ff;\" href=\"https:\/\/conteurspro.fr\/site\/pdf\/egalite\/journee-matrimoine-ile_de_france-2017.pdf\">Journ\u00e9es du Matrimoine<\/a><\/span> <strong>2017<\/strong><\/p>\n\n\n\n<p>La Rencontre <strong>2017<\/strong> au Village du off en Avignon <em>: <\/em><span style=\"color: #3366ff;\"><a style=\"color: #3366ff;\" href=\"https:\/\/conteurspro.fr\/site\/pdf\/egalite\/Contribution-Elena-Suzat-Avignon%2014%20%20juillet.pdf\">Lire la <\/a><a style=\"color: #3366ff;\" href=\"https:\/\/conteurspro.fr\/site\/pdf\/egalite\/Contribution-Elena-Suzat-Avignon%2014%20%20juillet.pdf\">contribution d\u2019El\u00e8na Suzat, sociologue<\/a><\/span><\/p>\n","protected":false},"excerpt":{"rendered":"<p>&nbsp; Comptes-rendus des autres actions de la commission \u00e9galit\u00e9 : Enqu\u00eate Parit\u00e9 hommes femmes dans le conte en 2013&nbsp; commandit\u00e9e par le Mouvement H\/Fet l&rsquo;APAC aupr\u00e8s de Marion Firecka, sociologue.&nbsp; &nbsp; La r\u00e9partition H\/F a \u00e9t\u00e9 \u00e9valu\u00e9e \u00e0 partir de 50 programmations de festivals et de lieux de diffusion de contes.Des extraits de cette enqu\u00eate ont \u00e9t\u00e9 publi\u00e9s dans le Rapport du Haut-Commissariat \u00e0 l&rsquo;Egalit\u00e9 : Egalit\u00e9 dans la culture: le temps de l&rsquo;action\u00a0\u00bb, 2018 Conf\u00e9rence&nbsp; &nbsp;Construction des identit\u00e9s sexu\u00e9es dans les soci\u00e9t\u00e9s, mythes et r\u00e9alit\u00e9s : regard d\u2019un anthropologue avec Jean-Lo\u00efc le Quellec 2017 Texte compl\u00e9mentaire : Liste des femmes anthropologues Colloques&nbsp; &nbsp; &nbsp; &nbsp; &nbsp; &nbsp; &nbsp; &nbsp; &nbsp; &nbsp; &nbsp; &nbsp; &nbsp; &nbsp; &nbsp; &nbsp; &nbsp; &nbsp; &nbsp; &nbsp; &nbsp; &nbsp; &nbsp; &nbsp; &nbsp; &nbsp; &nbsp; &nbsp; &nbsp; &nbsp; &nbsp; &nbsp; &nbsp; &nbsp; &nbsp; &nbsp; &nbsp; &nbsp; &nbsp; &nbsp; &nbsp; &nbsp; &nbsp; &nbsp; &nbsp; &nbsp; &nbsp; &nbsp; &nbsp; &nbsp; &nbsp; &nbsp; &nbsp; &nbsp; &nbsp; &nbsp; &nbsp; &nbsp; &nbsp; &nbsp; &nbsp; &nbsp; &nbsp; &nbsp; &nbsp; &nbsp; &nbsp; &nbsp; &nbsp; &nbsp; &nbsp; &nbsp; &nbsp; &nbsp; La femme conteuse et la femme dans le conte 2011 La femme conteuse et la femme dans le conte\/2 2013&nbsp; &nbsp; &nbsp; &nbsp; &nbsp;&nbsp;H\u00e9ros h\u00e9ro\u00efnes distribution des r\u00f4les 2014 Journ\u00e9es de r\u00e9flexions&nbsp; &nbsp; &nbsp; &nbsp; &nbsp; &nbsp; &nbsp; &nbsp; &nbsp; &nbsp; &nbsp; &nbsp; &nbsp; &nbsp; &nbsp; &nbsp; &nbsp; &nbsp; &nbsp; &nbsp; &nbsp; &nbsp; &nbsp; &nbsp; &nbsp; &nbsp; &nbsp; &nbsp; &nbsp; &nbsp; &nbsp; &nbsp; &nbsp; &nbsp; &nbsp; &nbsp; &nbsp; &nbsp; &nbsp; &nbsp; &nbsp; &nbsp; &nbsp; &nbsp; &nbsp; &nbsp; &nbsp; &nbsp; &nbsp; &nbsp; &nbsp; &nbsp; &nbsp; &nbsp; &nbsp; &nbsp; &nbsp; &nbsp; St\u00e9r\u00e9otypes- masculin\/f\u00e9minin dans nos contes : transmission ou d\u00e9tournement ?&nbsp; 2016Le r\u00f4le des p\u00e8res dans les contes 2017En interne : Parit\u00e9 homme\/femme au sien de l\u2019Apacc 2017 Formations th\u00e9oriques et pratiques&nbsp; Une formation VHSS contre les Violences et Harc\u00e8lements Sexistes et Sexuels, avec Fran\u00e7oise Mar, formatrice&nbsp;avec des adh\u00e9rent.e.s de l&rsquo;APACC et du RNCAP 2024 Partage d&rsquo;outils de construction de l&rsquo;\u00e9galit\u00e9 femme\/homme dans les m\u00e9tiers du spectacle et du conte&nbsp;pour porteur.s.es de projets artistiques et culturels avec Anne Van Hyfthe , formatrice en autod\u00e9fense \u00e9motionnelle et verbale, artiste, intervenante artistique et directrice de la compagnie Sans titre production, co-fondatrice du mouvement interr\u00e9gional HF. Le travail est \u00e0 la fois intime et politique, toujours respectueux. C&rsquo;est de \u00ab\u00a0l&#8217;empuissancement\u00a0\u00bb, comme elle le dit si joliment.Pr\u00e9sentation de la formation \/ Technique de lib\u00e9ration \u00e9motionnelle \/Ressenti participant\u00b7e\u00b7s janvier 2021.&nbsp;Ressenti participant.e.s workshop juillet&nbsp; 2019&nbsp; &nbsp; &nbsp; &nbsp; &nbsp; &nbsp; &nbsp; &nbsp; &nbsp; &nbsp; &nbsp; &nbsp; &nbsp; &nbsp; &nbsp; &nbsp; &nbsp; &nbsp; &nbsp; &nbsp; &nbsp; &nbsp; &nbsp; &nbsp; &nbsp; &nbsp; &nbsp; &nbsp; &nbsp; &nbsp; &nbsp; &nbsp; &nbsp; &nbsp; &nbsp; &nbsp; &nbsp; &nbsp; &nbsp; &nbsp; &nbsp; &nbsp; &nbsp; &nbsp; &nbsp; &nbsp; CR et Impressions des participant.e.s 2018 CR 2015 Et aussi Les Echos des Journ\u00e9es du Matrimoine 2017 La Rencontre 2017 au Village du off en Avignon : Lire la contribution d\u2019El\u00e8na Suzat, sociologue<\/p>\n","protected":false},"author":23,"featured_media":0,"parent":0,"menu_order":0,"comment_status":"closed","ping_status":"closed","template":"","meta":{"footnotes":""},"class_list":["post-4901","page","type-page","status-publish","hentry"],"_links":{"self":[{"href":"https:\/\/conteurspro.fr\/site\/wp-json\/wp\/v2\/pages\/4901","targetHints":{"allow":["GET"]}}],"collection":[{"href":"https:\/\/conteurspro.fr\/site\/wp-json\/wp\/v2\/pages"}],"about":[{"href":"https:\/\/conteurspro.fr\/site\/wp-json\/wp\/v2\/types\/page"}],"author":[{"embeddable":true,"href":"https:\/\/conteurspro.fr\/site\/wp-json\/wp\/v2\/users\/23"}],"replies":[{"embeddable":true,"href":"https:\/\/conteurspro.fr\/site\/wp-json\/wp\/v2\/comments?post=4901"}],"version-history":[{"count":1,"href":"https:\/\/conteurspro.fr\/site\/wp-json\/wp\/v2\/pages\/4901\/revisions"}],"predecessor-version":[{"id":4902,"href":"https:\/\/conteurspro.fr\/site\/wp-json\/wp\/v2\/pages\/4901\/revisions\/4902"}],"wp:attachment":[{"href":"https:\/\/conteurspro.fr\/site\/wp-json\/wp\/v2\/media?parent=4901"}],"curies":[{"name":"wp","href":"https:\/\/api.w.org\/{rel}","templated":true}]}}