{"id":4905,"date":"2025-11-24T10:04:16","date_gmt":"2025-11-24T09:04:16","guid":{"rendered":"https:\/\/conteurspro.fr\/site\/?page_id=4905"},"modified":"2026-01-29T15:59:20","modified_gmt":"2026-01-29T14:59:20","slug":"agenda-de-la-commission-egalite","status":"publish","type":"page","link":"https:\/\/conteurspro.fr\/site\/agenda-de-la-commission-egalite\/","title":{"rendered":"Agenda de la commission Egalit\u00e9"},"content":{"rendered":"\n<p><\/p>\n\n\n\n<h2 class=\"wp-block-heading\"><strong>Lundi 2 mars 2026 &#8211; Acte collectif \u00e0 Lyon<\/strong><\/h2>\n\n\n\n<p><strong> \u00ab\u00a0Partage de r\u00e9pertoire f\u00e9ministe et\/ou d&#8217;empouvoirement\u00a0\u00bb&nbsp;le 02 mars 2026 \u00e0 Lyon<\/strong>. Le r\u00e9pertoire f\u00e9ministe et\/ou d&#8217;empouvoirement f\u00e9minin est tr\u00e8s demand\u00e9 aujourd&rsquo;hui, mais celui-ci peine \u00e0 circuler dans l&rsquo;oralit\u00e9. <strong>Au programme :&nbsp;<\/strong>discussions et partages de ressources et d\u2019exp\u00e9riences, mais surtout du temps pour se raconter et se tramer des histoires, sans autre enjeu que le plaisir et le partage. Que vous soyez f\u00e9ministe convaincu-e-s ou simplement curieux-se, n\u2019h\u00e9sitez pas \u00e0 apporter votre contribution et partager ce bout de chemin avec nous !<\/p>\n\n\n\n<p>Info et r\u00e9servation : <a href=\"&#x6d;&#x61;&#x69;&#108;&#116;o:&#x65;&#x67;&#x61;&#x6c;&#105;&#116;e&#64;&#x63;&#x6f;&#x6e;&#116;&#101;&#117;rs&#x70;&#x72;&#x6f;&#46;&#102;r\">&#x65;g&#x61;&#108;&#x69;&#x74;e&#x40;&#99;&#x6f;&#x6e;t&#x65;&#117;&#x72;&#x73;p&#x72;&#111;&#x2e;&#x66;r<\/a> <\/p>\n\n\n\n<p>Tarif : Gratuit pour les adh\u00e9rent-es \u00e0 l&rsquo;APACC \/ 15 euros pour les non adh\u00e9rent-es<\/p>\n\n\n\n<p>Complet.<\/p>\n","protected":false},"excerpt":{"rendered":"<p>Lundi 2 mars 2026 &#8211; Acte collectif \u00e0 Lyon \u00ab\u00a0Partage de r\u00e9pertoire f\u00e9ministe et\/ou d&#8217;empouvoirement\u00a0\u00bb&nbsp;le 02 mars 2026 \u00e0 Lyon. Le r\u00e9pertoire f\u00e9ministe et\/ou d&#8217;empouvoirement f\u00e9minin est tr\u00e8s demand\u00e9 aujourd&rsquo;hui, mais celui-ci peine \u00e0 circuler dans l&rsquo;oralit\u00e9. Au programme :&nbsp;discussions et partages de ressources et d\u2019exp\u00e9riences, mais surtout du temps pour se raconter et se tramer des histoires, sans autre enjeu que le plaisir et le partage. Que vous soyez f\u00e9ministe convaincu-e-s ou simplement curieux-se, n\u2019h\u00e9sitez pas \u00e0 apporter votre contribution et partager ce bout de chemin avec nous ! Info et r\u00e9servation : &#101;&#x67;a&#108;&#x69;&#116;&#x65;&#64;&#99;&#x6f;n&#x74;&#x65;&#117;&#x72;s&#112;&#x72;o&#x2e;&#x66;&#114; Tarif : Gratuit pour les adh\u00e9rent-es \u00e0 l&rsquo;APACC \/ 15 euros pour les non adh\u00e9rent-es Complet.<\/p>\n","protected":false},"author":23,"featured_media":0,"parent":0,"menu_order":0,"comment_status":"closed","ping_status":"closed","template":"","meta":{"footnotes":""},"class_list":["post-4905","page","type-page","status-publish","hentry"],"_links":{"self":[{"href":"https:\/\/conteurspro.fr\/site\/wp-json\/wp\/v2\/pages\/4905","targetHints":{"allow":["GET"]}}],"collection":[{"href":"https:\/\/conteurspro.fr\/site\/wp-json\/wp\/v2\/pages"}],"about":[{"href":"https:\/\/conteurspro.fr\/site\/wp-json\/wp\/v2\/types\/page"}],"author":[{"embeddable":true,"href":"https:\/\/conteurspro.fr\/site\/wp-json\/wp\/v2\/users\/23"}],"replies":[{"embeddable":true,"href":"https:\/\/conteurspro.fr\/site\/wp-json\/wp\/v2\/comments?post=4905"}],"version-history":[{"count":3,"href":"https:\/\/conteurspro.fr\/site\/wp-json\/wp\/v2\/pages\/4905\/revisions"}],"predecessor-version":[{"id":5333,"href":"https:\/\/conteurspro.fr\/site\/wp-json\/wp\/v2\/pages\/4905\/revisions\/5333"}],"wp:attachment":[{"href":"https:\/\/conteurspro.fr\/site\/wp-json\/wp\/v2\/media?parent=4905"}],"curies":[{"name":"wp","href":"https:\/\/api.w.org\/{rel}","templated":true}]}}