{"id":4916,"date":"2025-11-24T16:53:23","date_gmt":"2025-11-24T15:53:23","guid":{"rendered":"https:\/\/conteurspro.fr\/site\/?page_id=4916"},"modified":"2026-03-12T18:26:17","modified_gmt":"2026-03-12T17:26:17","slug":"oralite-inclusive-2","status":"publish","type":"page","link":"https:\/\/conteurspro.fr\/site\/oralite-inclusive-2\/","title":{"rendered":"Oralit\u00e9 inclusive"},"content":{"rendered":"\n<p>Pour commencer, qu&rsquo;est ce que l&rsquo;oralit\u00e9 inclusive ? Pourquoi ? Comment ?<\/p>\n\n\n\n<p>Voici un petit guide r\u00e9alis\u00e9 par la commission Egalit\u00e9 de l&rsquo;APACC : <\/p>\n\n\n\n<div data-wp-interactive=\"core\/file\" class=\"wp-block-file\"><object data-wp-bind--hidden=\"!state.hasPdfPreview\" hidden class=\"wp-block-file__embed\" data=\"https:\/\/conteurspro.fr\/site\/wp-content\/uploads\/2025\/11\/Loralite-inclusive-1.pdf\" type=\"application\/pdf\" style=\"width:100%;height:600px\" aria-label=\"Contenu embarqu\u00e9 L&apos;oralit\u00e9 inclusive (1).\"><\/object><a id=\"wp-block-file--media-7ec394c7-8822-4e61-a9b3-fd5f8f2fcf0b\" href=\"https:\/\/conteurspro.fr\/site\/wp-content\/uploads\/2025\/11\/Loralite-inclusive-1.pdf\">L&rsquo;oralit\u00e9 inclusive (1)<\/a><a href=\"https:\/\/conteurspro.fr\/site\/wp-content\/uploads\/2025\/11\/Loralite-inclusive-1.pdf\" class=\"wp-block-file__button wp-element-button\" download aria-describedby=\"wp-block-file--media-7ec394c7-8822-4e61-a9b3-fd5f8f2fcf0b\">T\u00e9l\u00e9charger<\/a><\/div>\n\n\n\n<p><\/p>\n\n\n\n<h2 class=\"wp-block-heading\">Les Labos oralit\u00e9 inclusive<\/h2>\n\n\n\n<p>Les \u00ab\u00a0Labos\u00a0\u00bb sont des rendez-vous r\u00e9guliers en visio. Ce sont des moments d\u2019\u00e9changes autour d\u2019un conte choisi pour \u00e9voquer les st\u00e9r\u00e9otypes sexistes et motifs probl\u00e9matiques. Le but est de r\u00e9fl\u00e9chir ensemble et de se partager nos id\u00e9es pour modifier ces passages afin de permettre au conte de se d\u00e9ployer dans toute sa beaut\u00e9 et son intemporelle modernit\u00e9. <\/p>\n\n\n\n<p>Nous avons travaill\u00e9 autour de&nbsp;La belle au Bois Dormant, Blanche Neige, la jeune fille sans mains, la fille soldat. Un carnet a \u00e9t\u00e9 r\u00e9alis\u00e9 avec les comptes rendus de ces s\u00e9ances, le voici ci-dessous !<\/p>\n\n\n\n<p>A venir : Jean de l&rsquo;Ours, contes courts (Nasreddine..)<\/p>\n\n\n\n<p>Date du prochain labo : <a href=\"https:\/\/conteurspro.fr\/site\/agenda-de-la-commission-egalite\/\">cliquez-ici<\/a><\/p>\n\n\n\n<h2 class=\"wp-block-heading\">Les CARNETS DES LABOS<\/h2>\n\n\n\n<div data-wp-interactive=\"core\/file\" class=\"wp-block-file\"><object data-wp-bind--hidden=\"!state.hasPdfPreview\" hidden class=\"wp-block-file__embed\" data=\"https:\/\/conteurspro.fr\/site\/wp-content\/uploads\/2025\/12\/Laboratoires-doralite-inclusive-2025.pdf\" type=\"application\/pdf\" style=\"width:100%;height:600px\" aria-label=\"Contenu embarqu\u00e9 Laboratoires d&apos;oralit\u00e9 inclusive 2025.\"><\/object><a id=\"wp-block-file--media-ed344646-7638-4a38-a97c-4d561f3e265a\" href=\"https:\/\/conteurspro.fr\/site\/wp-content\/uploads\/2025\/12\/Laboratoires-doralite-inclusive-2025.pdf\">Laboratoires d&rsquo;oralit\u00e9 inclusive 2025<\/a><a href=\"https:\/\/conteurspro.fr\/site\/wp-content\/uploads\/2025\/12\/Laboratoires-doralite-inclusive-2025.pdf\" class=\"wp-block-file__button wp-element-button\" download aria-describedby=\"wp-block-file--media-ed344646-7638-4a38-a97c-4d561f3e265a\">T\u00e9l\u00e9charger<\/a><\/div>\n\n\n\n<hr class=\"wp-block-separator has-alpha-channel-opacity\"\/>\n\n\n\n<h2 class=\"wp-block-heading\">R\u00e9pertoire d&rsquo;histoires f\u00e9ministes partiel et collaboratif<\/h2>\n\n\n\n<p>Un acte collectif consacr\u00e9 au partage du r\u00e9pertoire f\u00e9ministe et\/ou d&#8217;empouvoirement f\u00e9minin s&rsquo;est d\u00e9roul\u00e9 \u00e0 Lyon le 2 mars 2026. <\/p>\n\n\n\n<p>Afin de permettre une meilleure circulation de ce type de r\u00e9cits, vous trouverez ci-dessous une liste<br>des histoires qui ont \u00e9t\u00e9 racont\u00e9es pendant cette journ\u00e9e. Petite pr\u00e9cision qui a son importance : la vision du f\u00e9minisme et de l&#8217;empouvoirement pouvant varier selon les personnes, les histoires de cette liste ne sont en aucun cas estampill\u00e9es comme \u00e9tant \u00ab f\u00e9ministes par nature \u00bb. Il est \u00e0 ajouter \u00e0 cela, que les sources qui figurent ci-dessous sont souvent diff\u00e9rentes des versions personnelles aux conteuses et conteurs qui ont \u00e9t\u00e9 propos\u00e9es pendant cette journ\u00e9e.<\/p>\n\n\n\n<div data-wp-interactive=\"core\/file\" class=\"wp-block-file\"><object data-wp-bind--hidden=\"!state.hasPdfPreview\" hidden class=\"wp-block-file__embed\" data=\"https:\/\/conteurspro.fr\/site\/wp-content\/uploads\/2026\/03\/CR-AC-2-mars-Partage-de-repertoire-feministe.pdf\" type=\"application\/pdf\" style=\"width:100%;height:600px\" aria-label=\"Contenu embarqu\u00e9 CR AC 2 mars Partage de r\u00e9pertoire f\u00e9ministe.\"><\/object><a id=\"wp-block-file--media-802436c3-c0aa-47d9-9221-ba1b57d0c0a0\" href=\"https:\/\/conteurspro.fr\/site\/wp-content\/uploads\/2026\/03\/CR-AC-2-mars-Partage-de-repertoire-feministe.pdf\">CR AC 2 mars Partage de r\u00e9pertoire f\u00e9ministe<\/a><a href=\"https:\/\/conteurspro.fr\/site\/wp-content\/uploads\/2026\/03\/CR-AC-2-mars-Partage-de-repertoire-feministe.pdf\" class=\"wp-block-file__button wp-element-button\" download aria-describedby=\"wp-block-file--media-802436c3-c0aa-47d9-9221-ba1b57d0c0a0\">T\u00e9l\u00e9charger<\/a><\/div>\n","protected":false},"excerpt":{"rendered":"<p>Pour commencer, qu&rsquo;est ce que l&rsquo;oralit\u00e9 inclusive ? Pourquoi ? Comment ? Voici un petit guide r\u00e9alis\u00e9 par la commission Egalit\u00e9 de l&rsquo;APACC : Les Labos oralit\u00e9 inclusive Les \u00ab\u00a0Labos\u00a0\u00bb sont des rendez-vous r\u00e9guliers en visio. Ce sont des moments d\u2019\u00e9changes autour d\u2019un conte choisi pour \u00e9voquer les st\u00e9r\u00e9otypes sexistes et motifs probl\u00e9matiques. Le but est de r\u00e9fl\u00e9chir ensemble et de se partager nos id\u00e9es pour modifier ces passages afin de permettre au conte de se d\u00e9ployer dans toute sa beaut\u00e9 et son intemporelle modernit\u00e9. Nous avons travaill\u00e9 autour de&nbsp;La belle au Bois Dormant, Blanche Neige, la jeune fille sans mains, la fille soldat. Un carnet a \u00e9t\u00e9 r\u00e9alis\u00e9 avec les comptes rendus de ces s\u00e9ances, le voici ci-dessous ! A venir : Jean de l&rsquo;Ours, contes courts (Nasreddine..) Date du prochain labo : cliquez-ici Les CARNETS DES LABOS R\u00e9pertoire d&rsquo;histoires f\u00e9ministes partiel et collaboratif Un acte collectif consacr\u00e9 au partage du r\u00e9pertoire f\u00e9ministe et\/ou d&#8217;empouvoirement f\u00e9minin s&rsquo;est d\u00e9roul\u00e9 \u00e0 Lyon le 2 mars 2026. Afin de permettre une meilleure circulation de ce type de r\u00e9cits, vous trouverez ci-dessous une listedes histoires qui ont \u00e9t\u00e9 racont\u00e9es pendant cette journ\u00e9e. Petite pr\u00e9cision qui a son importance : la vision du f\u00e9minisme et de l&#8217;empouvoirement pouvant varier selon les personnes, les histoires de cette liste ne sont en aucun cas estampill\u00e9es comme \u00e9tant \u00ab f\u00e9ministes par nature \u00bb. Il est \u00e0 ajouter \u00e0 cela, que les sources qui figurent ci-dessous sont souvent diff\u00e9rentes des versions personnelles aux conteuses et conteurs qui ont \u00e9t\u00e9 propos\u00e9es pendant cette journ\u00e9e.<\/p>\n","protected":false},"author":23,"featured_media":0,"parent":0,"menu_order":0,"comment_status":"closed","ping_status":"closed","template":"","meta":{"footnotes":""},"class_list":["post-4916","page","type-page","status-publish","hentry"],"_links":{"self":[{"href":"https:\/\/conteurspro.fr\/site\/wp-json\/wp\/v2\/pages\/4916","targetHints":{"allow":["GET"]}}],"collection":[{"href":"https:\/\/conteurspro.fr\/site\/wp-json\/wp\/v2\/pages"}],"about":[{"href":"https:\/\/conteurspro.fr\/site\/wp-json\/wp\/v2\/types\/page"}],"author":[{"embeddable":true,"href":"https:\/\/conteurspro.fr\/site\/wp-json\/wp\/v2\/users\/23"}],"replies":[{"embeddable":true,"href":"https:\/\/conteurspro.fr\/site\/wp-json\/wp\/v2\/comments?post=4916"}],"version-history":[{"count":5,"href":"https:\/\/conteurspro.fr\/site\/wp-json\/wp\/v2\/pages\/4916\/revisions"}],"predecessor-version":[{"id":5428,"href":"https:\/\/conteurspro.fr\/site\/wp-json\/wp\/v2\/pages\/4916\/revisions\/5428"}],"wp:attachment":[{"href":"https:\/\/conteurspro.fr\/site\/wp-json\/wp\/v2\/media?parent=4916"}],"curies":[{"name":"wp","href":"https:\/\/api.w.org\/{rel}","templated":true}]}}