{"id":4971,"date":"2025-12-08T17:25:51","date_gmt":"2025-12-08T16:25:51","guid":{"rendered":"https:\/\/conteurspro.fr\/site\/?page_id=4971"},"modified":"2025-12-08T18:17:19","modified_gmt":"2025-12-08T17:17:19","slug":"conte-et-nouveaux-recits","status":"publish","type":"page","link":"https:\/\/conteurspro.fr\/site\/conte-et-nouveaux-recits\/","title":{"rendered":"Conte et \u00ab\u00a0Nouveaux R\u00e9cits\u00a0\u00bb"},"content":{"rendered":"\n<p>Les m\u00e9dias et les associations de lutte pour le climat nous incitent \u00e0 changer nos habitudes, \u00e0 consommer moins, \u00e0 limiter notre impact carbone dans l\u2019objectif d\u2019\u00e9viter une catastrophe, un effondrement. Ces invitations r\u00e9sonnent parfois comme des injonctions qui peuvent d\u00e9moraliser et d\u00e9mobiliser. Ce qui mobilise en revanche c&rsquo;est le r\u00e9cit d&rsquo;un futur d\u00e9sirable, un futur dans lequel nous serons plus libres, en bonne sant\u00e9, un monde dans lequel nos liens seront resserr\u00e9s. Les mouvements \u00e9cologistes, f\u00e9ministes et militants actuels appellent \u00e0 cr\u00e9er des \u00ab\u00a0Nouveaux R\u00e9cits\u00a0\u00bb.<\/p>\n\n\n\n<p>Comment nous donner envie de vivre dans un futur plus d\u00e9mocratique et plus \u00e9cologique ? Comment faire pour travailler les imaginaires qui le rendent possible ? Le conte a-t-il sa place dans la diffusion de ces r\u00e9cits ? Peut-il faire exister des r\u00e9alit\u00e9s inspirantes (un monde sans argent, un monde o\u00f9 le vivant a la parole, un monde sans assignation de genre et o\u00f9 l&rsquo;humain fait partie int\u00e9grante de la Nature&#8230;) ?<\/p>\n\n\n\n<p><em>\u00ab Peut-\u00eatre que le conte r\u00e9alise surtout la fonction d&rsquo;espoir et non pas de fuite. La suspension des contraintes ordinaires aide les gens \u00e0 retrouver l&rsquo;optimisme et \u00e0 alimenter l&rsquo;imagination avec de l&rsquo;\u00e9nergie pour atteindre des objectifs. <\/em>\u00bb Idries Shah, World Tales, Londres, 1979<\/p>\n\n\n\n<ul class=\"wp-block-list\">\n<li><strong>Date : Mardi 6 janvier 2026 de 10h \u00e0 17h<\/strong><\/li>\n\n\n\n<li><strong>Lieu : Roman sur Is\u00e8re (Dr\u00f4me 26)<\/strong><\/li>\n\n\n\n<li>Gratuit pour les adh\u00e9rent-es \/ Non adh\u00e9rents : 15euros<\/li>\n\n\n\n<li>Proposant-e-s : L\u00e9one L. , Fran\u00e7ois M. et Oph\u00e9lie M.<\/li>\n\n\n\n<li>Inscription et infos:\u00a0<a href=\"m&#97;&#105;&#108;&#x74;&#x6f;&#x3a;le&#111;&#110;&#x65;&#x2e;&#x6c;&#x65;co&#110;&#116;&#x65;&#x40;&#x67;&#x6d;a&#105;&#108;&#46;&#x63;&#x6f;&#x6d;\">&#x6c;&#101;&#111;n&#x65;&#x2e;&#108;e&#x63;&#x6f;&#110;te&#x40;&#103;&#109;a&#x69;&#x6c;&#46;c&#x6f;&#x6d;<\/a><\/li>\n<\/ul>\n","protected":false},"excerpt":{"rendered":"<p>Les m\u00e9dias et les associations de lutte pour le climat nous incitent \u00e0 changer nos habitudes, \u00e0 consommer moins, \u00e0 limiter notre impact carbone dans l\u2019objectif d\u2019\u00e9viter une catastrophe, un effondrement. Ces invitations r\u00e9sonnent parfois comme des injonctions qui peuvent d\u00e9moraliser et d\u00e9mobiliser. Ce qui mobilise en revanche c&rsquo;est le r\u00e9cit d&rsquo;un futur d\u00e9sirable, un futur dans lequel nous serons plus libres, en bonne sant\u00e9, un monde dans lequel nos liens seront resserr\u00e9s. Les mouvements \u00e9cologistes, f\u00e9ministes et militants actuels appellent \u00e0 cr\u00e9er des \u00ab\u00a0Nouveaux R\u00e9cits\u00a0\u00bb. Comment nous donner envie de vivre dans un futur plus d\u00e9mocratique et plus \u00e9cologique ? Comment faire pour travailler les imaginaires qui le rendent possible ? Le conte a-t-il sa place dans la diffusion de ces r\u00e9cits ? Peut-il faire exister des r\u00e9alit\u00e9s inspirantes (un monde sans argent, un monde o\u00f9 le vivant a la parole, un monde sans assignation de genre et o\u00f9 l&rsquo;humain fait partie int\u00e9grante de la Nature&#8230;) ? \u00ab Peut-\u00eatre que le conte r\u00e9alise surtout la fonction d&rsquo;espoir et non pas de fuite. La suspension des contraintes ordinaires aide les gens \u00e0 retrouver l&rsquo;optimisme et \u00e0 alimenter l&rsquo;imagination avec de l&rsquo;\u00e9nergie pour atteindre des objectifs. \u00bb Idries Shah, World Tales, Londres, 1979<\/p>\n","protected":false},"author":23,"featured_media":4992,"parent":0,"menu_order":0,"comment_status":"closed","ping_status":"closed","template":"","meta":{"footnotes":""},"class_list":["post-4971","page","type-page","status-publish","has-post-thumbnail","hentry"],"_links":{"self":[{"href":"https:\/\/conteurspro.fr\/site\/wp-json\/wp\/v2\/pages\/4971","targetHints":{"allow":["GET"]}}],"collection":[{"href":"https:\/\/conteurspro.fr\/site\/wp-json\/wp\/v2\/pages"}],"about":[{"href":"https:\/\/conteurspro.fr\/site\/wp-json\/wp\/v2\/types\/page"}],"author":[{"embeddable":true,"href":"https:\/\/conteurspro.fr\/site\/wp-json\/wp\/v2\/users\/23"}],"replies":[{"embeddable":true,"href":"https:\/\/conteurspro.fr\/site\/wp-json\/wp\/v2\/comments?post=4971"}],"version-history":[{"count":1,"href":"https:\/\/conteurspro.fr\/site\/wp-json\/wp\/v2\/pages\/4971\/revisions"}],"predecessor-version":[{"id":4972,"href":"https:\/\/conteurspro.fr\/site\/wp-json\/wp\/v2\/pages\/4971\/revisions\/4972"}],"wp:featuredmedia":[{"embeddable":true,"href":"https:\/\/conteurspro.fr\/site\/wp-json\/wp\/v2\/media\/4992"}],"wp:attachment":[{"href":"https:\/\/conteurspro.fr\/site\/wp-json\/wp\/v2\/media?parent=4971"}],"curies":[{"name":"wp","href":"https:\/\/api.w.org\/{rel}","templated":true}]}}