{"id":4975,"date":"2025-12-08T17:30:24","date_gmt":"2025-12-08T16:30:24","guid":{"rendered":"https:\/\/conteurspro.fr\/site\/?page_id=4975"},"modified":"2026-01-13T15:55:23","modified_gmt":"2026-01-13T14:55:23","slug":"fiscalite-des-intermittents","status":"publish","type":"page","link":"https:\/\/conteurspro.fr\/site\/fiscalite-des-intermittents\/","title":{"rendered":"Intermittent-e-s, comment fonctionnent les frais r\u00e9els ?"},"content":{"rendered":"\n<p><\/p>\n\n\n\n<p>Nos emplois contribuent d\u00e9j\u00e0 largement \u00e0 l\u2019effort collectif et mutualiste alors que certaines de nos charges, de nos frais ne sont pas, peu ou bien mal soutenus. La baisse g\u00e9n\u00e9rale des subventions et par ricochet du nombre de contrats (voir Pass-culture, etc..) pr\u00e9carise nos emplois et atteint le pouvoir d\u2019achat des intermittents-es.<\/p>\n\n\n\n<p>Un rem\u00e8de ? OUI, les Frais R\u00e9els ou la D\u00e9claration Contr\u00f4l\u00e9e. A partir du r\u00e9f\u00e9rentiel de la SFA-CGT spectacle nous passerons en revue les cat\u00e9gories de frais susceptibles de figurer dans notre d\u00e9claration fiscale.<\/p>\n\n\n\n<p>Comment pr\u00e9parer sa d\u00e9claration d\u2019imp\u00f4ts ? Les bons gestes, les bonnes pratiques, ce qui est \u00e0 \u00e9viter. Encadrement l\u00e9gal de la d\u00e9claration des frais r\u00e9els pour les m\u00e9tiers du spectacle. Un r\u00e9f\u00e9rentiel sera transmis en PDF<\/p>\n\n\n\n<ul class=\"wp-block-list\">\n<li><strong>EN VISIO.<\/strong><\/li>\n\n\n\n<li><strong>Une premi\u00e8re demi-journ\u00e9e pr\u00e9vue le mercredi 18 mars (au lieu du 27 janvier comme annonc\u00e9 pr\u00e9c\u00e9demment) de 14h \u00e0 17h.<\/strong>&nbsp;Une 2<sup>\u00e8me<\/sup>&nbsp;demi- journ\u00e9e sera mise en place \u00e0 partir des besoins et demandes ayant \u00e9merg\u00e9.<\/li>\n\n\n\n<li>Gratuit pour les adh\u00e9rent-es \/ Non adh\u00e9rent-es : 15euros<\/li>\n\n\n\n<li>Le lien sera transmis aux inscrits.<\/li>\n\n\n\n<li>Proposante : Nathalie K.<\/li>\n\n\n\n<li>Inscription et infos :&nbsp;<a href=\"&#x6d;&#x61;&#x69;&#x6c;&#116;&#111;&#58;&#110;atd&#x65;&#x73;&#x62;&#x6f;&#x69;&#115;&#49;&#64;gma&#x69;&#x6c;&#x2e;&#x63;&#x6f;&#109;\">n&#97;&#x74;&#x64;&#x65;s&#98;&#111;&#x69;&#x73;1&#64;&#103;&#x6d;&#x61;il&#46;&#x63;&#x6f;&#x6d;<\/a><\/li>\n<\/ul>\n","protected":false},"excerpt":{"rendered":"<p>Nos emplois contribuent d\u00e9j\u00e0 largement \u00e0 l\u2019effort collectif et mutualiste alors que certaines de nos charges, de nos frais ne sont pas, peu ou bien mal soutenus. La baisse g\u00e9n\u00e9rale des subventions et par ricochet du nombre de contrats (voir Pass-culture, etc..) pr\u00e9carise nos emplois et atteint le pouvoir d\u2019achat des intermittents-es. Un rem\u00e8de ? OUI, les Frais R\u00e9els ou la D\u00e9claration Contr\u00f4l\u00e9e. A partir du r\u00e9f\u00e9rentiel de la SFA-CGT spectacle nous passerons en revue les cat\u00e9gories de frais susceptibles de figurer dans notre d\u00e9claration fiscale. Comment pr\u00e9parer sa d\u00e9claration d\u2019imp\u00f4ts ? Les bons gestes, les bonnes pratiques, ce qui est \u00e0 \u00e9viter. Encadrement l\u00e9gal de la d\u00e9claration des frais r\u00e9els pour les m\u00e9tiers du spectacle. Un r\u00e9f\u00e9rentiel sera transmis en PDF<\/p>\n","protected":false},"author":23,"featured_media":4422,"parent":0,"menu_order":0,"comment_status":"closed","ping_status":"closed","template":"","meta":{"footnotes":""},"class_list":["post-4975","page","type-page","status-publish","has-post-thumbnail","hentry"],"_links":{"self":[{"href":"https:\/\/conteurspro.fr\/site\/wp-json\/wp\/v2\/pages\/4975","targetHints":{"allow":["GET"]}}],"collection":[{"href":"https:\/\/conteurspro.fr\/site\/wp-json\/wp\/v2\/pages"}],"about":[{"href":"https:\/\/conteurspro.fr\/site\/wp-json\/wp\/v2\/types\/page"}],"author":[{"embeddable":true,"href":"https:\/\/conteurspro.fr\/site\/wp-json\/wp\/v2\/users\/23"}],"replies":[{"embeddable":true,"href":"https:\/\/conteurspro.fr\/site\/wp-json\/wp\/v2\/comments?post=4975"}],"version-history":[{"count":6,"href":"https:\/\/conteurspro.fr\/site\/wp-json\/wp\/v2\/pages\/4975\/revisions"}],"predecessor-version":[{"id":5231,"href":"https:\/\/conteurspro.fr\/site\/wp-json\/wp\/v2\/pages\/4975\/revisions\/5231"}],"wp:featuredmedia":[{"embeddable":true,"href":"https:\/\/conteurspro.fr\/site\/wp-json\/wp\/v2\/media\/4422"}],"wp:attachment":[{"href":"https:\/\/conteurspro.fr\/site\/wp-json\/wp\/v2\/media?parent=4975"}],"curies":[{"name":"wp","href":"https:\/\/api.w.org\/{rel}","templated":true}]}}