{"id":4977,"date":"2025-12-08T17:31:02","date_gmt":"2025-12-08T16:31:02","guid":{"rendered":"https:\/\/conteurspro.fr\/site\/?page_id=4977"},"modified":"2025-12-08T18:22:40","modified_gmt":"2025-12-08T17:22:40","slug":"conte-et-percussions-corporelles","status":"publish","type":"page","link":"https:\/\/conteurspro.fr\/site\/conte-et-percussions-corporelles\/","title":{"rendered":"Conte et percussions corporelles"},"content":{"rendered":"\n<p><br>Notre corps : le premier instrument de musique du monde !<\/p>\n\n\n\n<p>Un temps de partage et d\u2019exploration sur les possibilit\u00e9s d\u2019accompagner et ponctuer un r\u00e9cit de percussions corporelles.<\/p>\n\n\n\n<p>De formules rythmiques simples et \u00e9pur\u00e9es \u00e0 des phrases plus complexes, comment faire rencontrer cette mati\u00e8re musicale avec la parole cont\u00e9e ? En solo ? En duo ? Avec un ch\u0153ur ?<\/p>\n\n\n\n<ul class=\"wp-block-list\">\n<li><strong>Date : Lundi 26 et mardi 27 Janvier 2026<\/strong><\/li>\n\n\n\n<li><strong>Lieu: Crest (Dr\u00f4me).<\/strong>\u00a0Possibilit\u00e9 d\u2019arriver le dimanche 25. Question logement : consulter les proposants.<\/li>\n\n\n\n<li>Limit\u00e9 \u00e0 12 personnes. Encore quelques places disponibles.<\/li>\n\n\n\n<li>Gratuit pour les adh\u00e9rent-es \/ Non adh\u00e9rent-es : 15euros<\/li>\n\n\n\n<li>Proposants : Vincent H. et Ralph N.<\/li>\n\n\n\n<li>Inscription et infos :\u00a0<a href=\"&#109;&#97;&#x69;&#x6c;&#116;&#111;&#x3a;&#x76;&#105;&#110;&#x63;&#x65;&#110;&#116;&#x2e;&#x68;&#105;&#99;&#x6b;&#x6d;&#97;&#110;&#x37;&#x37;&#64;&#103;&#x6d;&#x61;&#105;&#108;&#x2e;&#x63;&#111;&#109;\">&#118;i&#x6e;c&#x65;n&#x74;&#46;&#x68;&#105;&#x63;&#107;m&#x61;n&#x37;7&#x40;&#103;&#x6d;&#97;&#x69;&#108;&#x2e;&#99;o&#x6d;<\/a>\u00a0et\u00a0<a href=\"&#x6d;a&#x69;&#108;t&#x6f;&#58;&#x72;&#97;l&#x70;&#104;&#x2e;&#110;a&#x74;&#97;&#x66;&#x40;g&#x6d;&#97;i&#x6c;&#46;&#x63;&#111;m\">&#x72;&#x61;&#x6c;&#x70;&#x68;&#x2e;&#x6e;&#x61;&#x74;&#x61;&#x66;&#x40;&#x67;&#x6d;&#x61;&#x69;&#x6c;&#x2e;&#x63;&#x6f;&#x6d;<\/a><\/li>\n<\/ul>\n","protected":false},"excerpt":{"rendered":"<p>Notre corps : le premier instrument de musique du monde ! Un temps de partage et d\u2019exploration sur les possibilit\u00e9s d\u2019accompagner et ponctuer un r\u00e9cit de percussions corporelles. De formules rythmiques simples et \u00e9pur\u00e9es \u00e0 des phrases plus complexes, comment faire rencontrer cette mati\u00e8re musicale avec la parole cont\u00e9e ? En solo ? En duo ? Avec un ch\u0153ur ?<\/p>\n","protected":false},"author":23,"featured_media":4994,"parent":0,"menu_order":0,"comment_status":"closed","ping_status":"closed","template":"","meta":{"footnotes":""},"class_list":["post-4977","page","type-page","status-publish","has-post-thumbnail","hentry"],"_links":{"self":[{"href":"https:\/\/conteurspro.fr\/site\/wp-json\/wp\/v2\/pages\/4977","targetHints":{"allow":["GET"]}}],"collection":[{"href":"https:\/\/conteurspro.fr\/site\/wp-json\/wp\/v2\/pages"}],"about":[{"href":"https:\/\/conteurspro.fr\/site\/wp-json\/wp\/v2\/types\/page"}],"author":[{"embeddable":true,"href":"https:\/\/conteurspro.fr\/site\/wp-json\/wp\/v2\/users\/23"}],"replies":[{"embeddable":true,"href":"https:\/\/conteurspro.fr\/site\/wp-json\/wp\/v2\/comments?post=4977"}],"version-history":[{"count":1,"href":"https:\/\/conteurspro.fr\/site\/wp-json\/wp\/v2\/pages\/4977\/revisions"}],"predecessor-version":[{"id":4978,"href":"https:\/\/conteurspro.fr\/site\/wp-json\/wp\/v2\/pages\/4977\/revisions\/4978"}],"wp:featuredmedia":[{"embeddable":true,"href":"https:\/\/conteurspro.fr\/site\/wp-json\/wp\/v2\/media\/4994"}],"wp:attachment":[{"href":"https:\/\/conteurspro.fr\/site\/wp-json\/wp\/v2\/media?parent=4977"}],"curies":[{"name":"wp","href":"https:\/\/api.w.org\/{rel}","templated":true}]}}