{"id":4979,"date":"2025-12-08T17:31:41","date_gmt":"2025-12-08T16:31:41","guid":{"rendered":"https:\/\/conteurspro.fr\/site\/?page_id=4979"},"modified":"2025-12-08T18:15:13","modified_gmt":"2025-12-08T17:15:13","slug":"partage-de-repertoire-feministe","status":"publish","type":"page","link":"https:\/\/conteurspro.fr\/site\/partage-de-repertoire-feministe\/","title":{"rendered":"Partage de r\u00e9pertoire f\u00e9ministe"},"content":{"rendered":"\n<p>Le r\u00e9pertoire f\u00e9ministe et\/ou d&#8217;empouvoirement f\u00e9minin est tr\u00e8s demand\u00e9 aujourd&rsquo;hui, mais celui-ci peine \u00e0 circuler dans l&rsquo;oralit\u00e9. La commission \u00e9galit\u00e9 vous propose donc un Acte collectif de partage le 02 mars 2026 \u00e0 Lyon, afin que ces r\u00e9cits circulent de bouches \u00e0 oreilles !<\/p>\n\n\n\n<p>Au programme : discussions et partages de ressources et d&rsquo;exp\u00e9riences, mais surtout du temps pour se raconter et se tramer des histoires, sans autre enjeu que le plaisir et le partage.<\/p>\n\n\n\n<p>Que vous soyez f\u00e9ministe convaincu-e-s ou simplement curieux-se, n&rsquo;h\u00e9sitez pas \u00e0 apporter votre contribution et partager ce bout de chemin avec nous !<\/p>\n\n\n\n<ul class=\"wp-block-list\">\n<li><strong>Date\u00a0<\/strong><strong>:<\/strong><strong>\u00a0Lundi\u00a0<\/strong><strong>2 mars 2026\u00a0<\/strong><\/li>\n\n\n\n<li><strong>Lieu :\u00a0<\/strong><strong>Lyon<\/strong><\/li>\n\n\n\n<li>Gratuit pour les adh\u00e9rent-es \/ Non adh\u00e9rents : 15euros<\/li>\n\n\n\n<li>Proposant : \u00a0Lodois D.\u00a0<\/li>\n\n\n\n<li>Inscription et infos :\u00a0<a href=\"&#x6d;&#x61;&#x69;&#x6c;&#x74;&#x6f;&#x3a;&#x6c;&#111;&#100;&#111;&#105;&#115;&#100;&#111;re&#64;g&#x6d;&#x61;&#x69;&#x6c;&#x2e;&#x63;&#x6f;&#x6d;\">&#108;&#x6f;&#100;&#x6f;i&#x73;d&#111;&#x72;&#101;&#x40;&#103;&#x6d;a&#x69;l&#46;&#x63;&#111;&#x6d;<\/a><\/li>\n<\/ul>\n","protected":false},"excerpt":{"rendered":"<p>Le r\u00e9pertoire f\u00e9ministe et\/ou d&#8217;empouvoirement f\u00e9minin est tr\u00e8s demand\u00e9 aujourd&rsquo;hui, mais celui-ci peine \u00e0 circuler dans l&rsquo;oralit\u00e9. La commission \u00e9galit\u00e9 vous propose donc un Acte collectif de partage le 02 mars 2026 \u00e0 Lyon, afin que ces r\u00e9cits circulent de bouches \u00e0 oreilles ! Au programme : discussions et partages de ressources et d&rsquo;exp\u00e9riences, mais surtout du temps pour se raconter et se tramer des histoires, sans autre enjeu que le plaisir et le partage. Que vous soyez f\u00e9ministe convaincu-e-s ou simplement curieux-se, n&rsquo;h\u00e9sitez pas \u00e0 apporter votre contribution et partager ce bout de chemin avec nous !<\/p>\n","protected":false},"author":23,"featured_media":4991,"parent":0,"menu_order":0,"comment_status":"closed","ping_status":"closed","template":"","meta":{"footnotes":""},"class_list":["post-4979","page","type-page","status-publish","has-post-thumbnail","hentry"],"_links":{"self":[{"href":"https:\/\/conteurspro.fr\/site\/wp-json\/wp\/v2\/pages\/4979","targetHints":{"allow":["GET"]}}],"collection":[{"href":"https:\/\/conteurspro.fr\/site\/wp-json\/wp\/v2\/pages"}],"about":[{"href":"https:\/\/conteurspro.fr\/site\/wp-json\/wp\/v2\/types\/page"}],"author":[{"embeddable":true,"href":"https:\/\/conteurspro.fr\/site\/wp-json\/wp\/v2\/users\/23"}],"replies":[{"embeddable":true,"href":"https:\/\/conteurspro.fr\/site\/wp-json\/wp\/v2\/comments?post=4979"}],"version-history":[{"count":1,"href":"https:\/\/conteurspro.fr\/site\/wp-json\/wp\/v2\/pages\/4979\/revisions"}],"predecessor-version":[{"id":4981,"href":"https:\/\/conteurspro.fr\/site\/wp-json\/wp\/v2\/pages\/4979\/revisions\/4981"}],"wp:featuredmedia":[{"embeddable":true,"href":"https:\/\/conteurspro.fr\/site\/wp-json\/wp\/v2\/media\/4991"}],"wp:attachment":[{"href":"https:\/\/conteurspro.fr\/site\/wp-json\/wp\/v2\/media?parent=4979"}],"curies":[{"name":"wp","href":"https:\/\/api.w.org\/{rel}","templated":true}]}}