{"id":4984,"date":"2025-12-08T17:33:17","date_gmt":"2025-12-08T16:33:17","guid":{"rendered":"https:\/\/conteurspro.fr\/site\/?page_id=4984"},"modified":"2026-03-31T13:45:58","modified_gmt":"2026-03-31T11:45:58","slug":"le-corps-du-conteur-au-plateau","status":"publish","type":"page","link":"https:\/\/conteurspro.fr\/site\/le-corps-du-conteur-au-plateau\/","title":{"rendered":"Le corps du conteur au plateau"},"content":{"rendered":"\n<p><strong>Trouver l\u2019\u00e9nergie des personnages ? Leur pr\u00e9sence, leur voix, leur d\u00e9marche ? Sans exag\u00e9ration, tout en demeurant ancr\u00e9 dans le conteur-euse ? \u00catre pr\u00e9sent-e et moduler l\u2019intensit\u00e9 du r\u00e9cit en fonction de la partition du r\u00e9cit ? Ouvrir le corps \u00e0 tout le plateau, entrer dans un accueil physique et \u00e9nerg\u00e9tique du public, nourrir et aligner une adresse \u00e0 l\u2019audience dans toutes les directions, soutenir quelle partie du corps parle !?<\/strong><\/p>\n\n\n\n<p>Cette exploration du corps du conteur-euse au plateau s\u2019articule en 2 axes : le corps et l\u2019espace. Le mouvement, la conscience, la respiration et l\u2019\u00e9vocation alimentent ce laboratoire autour du corps de parole.<\/p>\n\n\n\n<p>A partir d\u2019un socle de proposition, qui inclue le Qi gong, l\u2019art de la pr\u00e9sence, l\u2019\u00e9coute, le silence, et m\u00e9thode Rodi\u00e8re pour la voix, le groupe \u00e9change des pratiques et des outils. Mises en commun, exp\u00e9rimentations.<\/p>\n\n\n\n<p>\u00c0 partir de jeux, d\u2019exercices, d\u2019improvisations, le plateau, espace de jeu est travers\u00e9 et explor\u00e9 dans tous ses azimuts. Les conteurs-euses interrogent leurs appuis, certitudes, incertitudes dans un esprit de recherche et de camaraderie ; Ensemble, i-elles pistent et \u00e9coutent les r\u00e9sonances int\u00e9rieures et ext\u00e9rieures de ces travers\u00e9es, de ces brouillons de narration. En bin\u00f4me, en solo, ou collectivement, le corps est appr\u00e9hend\u00e9 dans toutes ces faces et facettes, \u00e0 travers le corps \u00e9loquent en mouvement.<\/p>\n\n\n\n<ul class=\"wp-block-list\">\n<li><strong>Date : Jeudi 9 et vendredi 10 avril<\/strong><\/li>\n\n\n\n<li><strong>Lieu : Lyon<\/strong><\/li>\n\n\n\n<li>Places limit\u00e9es \u00e0 14 personnes.<\/li>\n\n\n\n<li>Gratuit pour les adh\u00e9rent-es \/ Non adh\u00e9rents : 15euros<\/li>\n\n\n\n<li>Proposante : Nathalie K.<\/li>\n\n\n\n<li>Inscription et infos :<a href=\"&#x6d;&#x61;&#x69;&#x6c;&#x74;&#x6f;&#58;&#110;&#97;&#116;desb&#x6f;&#x69;&#x73;&#x31;&#x40;&#x67;&#109;&#97;&#105;&#108;&#46;com\">&#x6e;&#97;&#x74;&#x64;e&#x73;&#98;o&#x69;&#115;1&#x40;&#103;&#x6d;&#x61;i&#x6c;&#46;c&#x6f;&#109;<\/a><\/li>\n<\/ul>\n\n\n\n<p><\/p>\n","protected":false},"excerpt":{"rendered":"<p>Trouver l\u2019\u00e9nergie des personnages ? Leur pr\u00e9sence, leur voix, leur d\u00e9marche ? Sans exag\u00e9ration, tout en demeurant ancr\u00e9 dans le conteur-euse ? \u00catre pr\u00e9sent-e et moduler l\u2019intensit\u00e9 du r\u00e9cit en fonction de la partition du r\u00e9cit ? Ouvrir le corps \u00e0 tout le plateau, entrer dans un accueil physique et \u00e9nerg\u00e9tique du public, nourrir et aligner une adresse \u00e0 l\u2019audience dans toutes les directions, soutenir quelle partie du corps parle !? Cette exploration du corps du conteur-euse au plateau s\u2019articule en 2 axes : le corps et l\u2019espace. Le mouvement, la conscience, la respiration et l\u2019\u00e9vocation alimentent ce laboratoire autour du corps de parole. A partir d\u2019un socle de proposition, qui inclue le Qi gong, l\u2019art de la pr\u00e9sence, l\u2019\u00e9coute, le silence, et m\u00e9thode Rodi\u00e8re pour la voix, le groupe \u00e9change des pratiques et des outils. Mises en commun, exp\u00e9rimentations. \u00c0 partir de jeux, d\u2019exercices, d\u2019improvisations, le plateau, espace de jeu est travers\u00e9 et explor\u00e9 dans tous ses azimuts. Les conteurs-euses interrogent leurs appuis, certitudes, incertitudes dans un esprit de recherche et de camaraderie ; Ensemble, i-elles pistent et \u00e9coutent les r\u00e9sonances int\u00e9rieures et ext\u00e9rieures de ces travers\u00e9es, de ces brouillons de narration. En bin\u00f4me, en solo, ou collectivement, le corps est appr\u00e9hend\u00e9 dans toutes ces faces et facettes, \u00e0 travers le corps \u00e9loquent en mouvement.<\/p>\n","protected":false},"author":23,"featured_media":5438,"parent":0,"menu_order":0,"comment_status":"closed","ping_status":"closed","template":"","meta":{"footnotes":""},"class_list":["post-4984","page","type-page","status-publish","has-post-thumbnail","hentry"],"_links":{"self":[{"href":"https:\/\/conteurspro.fr\/site\/wp-json\/wp\/v2\/pages\/4984","targetHints":{"allow":["GET"]}}],"collection":[{"href":"https:\/\/conteurspro.fr\/site\/wp-json\/wp\/v2\/pages"}],"about":[{"href":"https:\/\/conteurspro.fr\/site\/wp-json\/wp\/v2\/types\/page"}],"author":[{"embeddable":true,"href":"https:\/\/conteurspro.fr\/site\/wp-json\/wp\/v2\/users\/23"}],"replies":[{"embeddable":true,"href":"https:\/\/conteurspro.fr\/site\/wp-json\/wp\/v2\/comments?post=4984"}],"version-history":[{"count":3,"href":"https:\/\/conteurspro.fr\/site\/wp-json\/wp\/v2\/pages\/4984\/revisions"}],"predecessor-version":[{"id":5439,"href":"https:\/\/conteurspro.fr\/site\/wp-json\/wp\/v2\/pages\/4984\/revisions\/5439"}],"wp:featuredmedia":[{"embeddable":true,"href":"https:\/\/conteurspro.fr\/site\/wp-json\/wp\/v2\/media\/5438"}],"wp:attachment":[{"href":"https:\/\/conteurspro.fr\/site\/wp-json\/wp\/v2\/media?parent=4984"}],"curies":[{"name":"wp","href":"https:\/\/api.w.org\/{rel}","templated":true}]}}