{"id":4986,"date":"2025-12-08T17:33:53","date_gmt":"2025-12-08T16:33:53","guid":{"rendered":"https:\/\/conteurspro.fr\/site\/?page_id=4986"},"modified":"2025-12-09T15:37:52","modified_gmt":"2025-12-09T14:37:52","slug":"les-rencontres-du-merveilleux","status":"publish","type":"page","link":"https:\/\/conteurspro.fr\/site\/les-rencontres-du-merveilleux\/","title":{"rendered":"Les rencontres du Merveilleux"},"content":{"rendered":"\n<p>En raison des places limit\u00e9es, cet AC est ouvert en priorit\u00e9 aux adh\u00e9rent.es Apacc puis aux conteurs et conteuses pros.<strong>&nbsp;<\/strong><\/p>\n\n\n\n<p>La commission R\u00e9pertoire propose un temps, comme une bulle, pour voyager avec le conte merveilleux. Pendant plusieurs jours et dans un cadre magnifique, nous partagerons des moments de r\u00e9flexions, des ateliers, des pratiques corporelles et des balades.<\/p>\n\n\n\n<p>Le programme est en cours de finalisation. Il sera bient\u00f4t disponible sur le site de l\u2019association.<\/p>\n\n\n\n<ul class=\"wp-block-list\">\n<li><strong>Date : Du 18 au 20 mai 2026. Pr\u00e9sence requise du 17 mai au soir au 20 apr\u00e8s-midi.<\/strong><\/li>\n\n\n\n<li><strong>Lieu : Ch\u00e2teau de Ligoure, pr\u00e8s de Limoges&nbsp;<\/strong>&nbsp; &nbsp; &nbsp; &nbsp; &nbsp; &nbsp; &nbsp; &nbsp; &nbsp; &nbsp; &nbsp; &nbsp; &nbsp; (<a href=\"https:\/\/chateaudeligoure.wordpress.com\/\">https:\/\/chateaudeligoure.wordpress.com<\/a>)<\/li>\n\n\n\n<li>20 places maximum. (R\u00e9servation rapide conseill\u00e9e !)&nbsp;<\/li>\n\n\n\n<li>Tarif h\u00e9bergement : <em> <\/em>41\u20ac pour les 3 nuits (payable \u00e0 l\u2019inscription confirm\u00e9e)<\/li>\n\n\n\n<li>Repas : auberge espagnole et pot commun<\/li>\n\n\n\n<li>D\u00e9placements \u00e0 la charge des participant-es (organisation de co-voiturage)<\/li>\n\n\n\n<li>Proposante : Commission R\u00e9pertoire<\/li>\n\n\n\n<li>Contact inscription : <a href=\"&#x6d;&#97;&#x69;&#x6c;&#116;&#x6f;&#x3a;&#108;&#x61;&#x63;&#114;&#x6f;&#x69;x&#x2e;&#x63;e&#x63;&#105;l&#x65;&#54;8&#x40;&#103;m&#x61;&#105;l&#x2e;&#99;o&#x6d;\" target=\"_blank\" rel=\"noreferrer noopener\">la&#99;&#114;&#111;&#x69;&#x78;&#x2e;&#x63;&#x65;ci&#108;&#101;&#54;&#x38;&#x40;&#x67;&#x6d;&#x61;il&#46;&#99;&#111;&#x6d;<\/a><\/li>\n<\/ul>\n\n\n\n<p><\/p>\n\n\n\n<figure class=\"wp-block-gallery has-nested-images columns-default is-cropped wp-block-gallery-1 is-layout-flex wp-block-gallery-is-layout-flex\">\n<figure class=\"wp-block-image size-full\"><img loading=\"lazy\" decoding=\"async\" width=\"1000\" height=\"710\" data-id=\"5000\" src=\"https:\/\/conteurspro.fr\/site\/wp-content\/uploads\/2025\/12\/Photo-5-AC-Merveilleux-.jpeg\" alt=\"\" class=\"wp-image-5000\" srcset=\"https:\/\/conteurspro.fr\/site\/wp-content\/uploads\/2025\/12\/Photo-5-AC-Merveilleux-.jpeg 1000w, https:\/\/conteurspro.fr\/site\/wp-content\/uploads\/2025\/12\/Photo-5-AC-Merveilleux--300x213.jpeg 300w, https:\/\/conteurspro.fr\/site\/wp-content\/uploads\/2025\/12\/Photo-5-AC-Merveilleux--768x545.jpeg 768w\" sizes=\"auto, (max-width: 1000px) 100vw, 1000px\" \/><\/figure>\n\n\n\n<figure class=\"wp-block-image size-full\"><img loading=\"lazy\" decoding=\"async\" width=\"1980\" height=\"1485\" data-id=\"5001\" src=\"https:\/\/conteurspro.fr\/site\/wp-content\/uploads\/2025\/12\/PHOTO-3-Lieu-pour-AC-Merveilleux.jpg\" alt=\"\" class=\"wp-image-5001\" srcset=\"https:\/\/conteurspro.fr\/site\/wp-content\/uploads\/2025\/12\/PHOTO-3-Lieu-pour-AC-Merveilleux.jpg 1980w, https:\/\/conteurspro.fr\/site\/wp-content\/uploads\/2025\/12\/PHOTO-3-Lieu-pour-AC-Merveilleux-300x225.jpg 300w, https:\/\/conteurspro.fr\/site\/wp-content\/uploads\/2025\/12\/PHOTO-3-Lieu-pour-AC-Merveilleux-1024x768.jpg 1024w, https:\/\/conteurspro.fr\/site\/wp-content\/uploads\/2025\/12\/PHOTO-3-Lieu-pour-AC-Merveilleux-768x576.jpg 768w, https:\/\/conteurspro.fr\/site\/wp-content\/uploads\/2025\/12\/PHOTO-3-Lieu-pour-AC-Merveilleux-1536x1152.jpg 1536w, https:\/\/conteurspro.fr\/site\/wp-content\/uploads\/2025\/12\/PHOTO-3-Lieu-pour-AC-Merveilleux-1140x855.jpg 1140w\" sizes=\"auto, (max-width: 1980px) 100vw, 1980px\" \/><\/figure>\n<\/figure>\n\n\n\n<p><\/p>\n","protected":false},"excerpt":{"rendered":"<p>En raison des places limit\u00e9es, cet AC est ouvert en priorit\u00e9 aux adh\u00e9rent.es Apacc puis aux conteurs et conteuses pros.&nbsp; La commission R\u00e9pertoire propose un temps, comme une bulle, pour voyager avec le conte merveilleux. Pendant plusieurs jours et dans un cadre magnifique, nous partagerons des moments de r\u00e9flexions, des ateliers, des pratiques corporelles et des balades. Le programme est en cours de finalisation. Il sera bient\u00f4t disponible sur le site de l\u2019association.<\/p>\n","protected":false},"author":23,"featured_media":4996,"parent":0,"menu_order":0,"comment_status":"closed","ping_status":"closed","template":"","meta":{"footnotes":""},"class_list":["post-4986","page","type-page","status-publish","has-post-thumbnail","hentry"],"_links":{"self":[{"href":"https:\/\/conteurspro.fr\/site\/wp-json\/wp\/v2\/pages\/4986","targetHints":{"allow":["GET"]}}],"collection":[{"href":"https:\/\/conteurspro.fr\/site\/wp-json\/wp\/v2\/pages"}],"about":[{"href":"https:\/\/conteurspro.fr\/site\/wp-json\/wp\/v2\/types\/page"}],"author":[{"embeddable":true,"href":"https:\/\/conteurspro.fr\/site\/wp-json\/wp\/v2\/users\/23"}],"replies":[{"embeddable":true,"href":"https:\/\/conteurspro.fr\/site\/wp-json\/wp\/v2\/comments?post=4986"}],"version-history":[{"count":3,"href":"https:\/\/conteurspro.fr\/site\/wp-json\/wp\/v2\/pages\/4986\/revisions"}],"predecessor-version":[{"id":5002,"href":"https:\/\/conteurspro.fr\/site\/wp-json\/wp\/v2\/pages\/4986\/revisions\/5002"}],"wp:featuredmedia":[{"embeddable":true,"href":"https:\/\/conteurspro.fr\/site\/wp-json\/wp\/v2\/media\/4996"}],"wp:attachment":[{"href":"https:\/\/conteurspro.fr\/site\/wp-json\/wp\/v2\/media?parent=4986"}],"curies":[{"name":"wp","href":"https:\/\/api.w.org\/{rel}","templated":true}]}}