{"id":4988,"date":"2025-12-08T17:34:27","date_gmt":"2025-12-08T16:34:27","guid":{"rendered":"https:\/\/conteurspro.fr\/site\/?page_id=4988"},"modified":"2026-03-31T13:51:57","modified_gmt":"2026-03-31T11:51:57","slug":"intelligence-collective","status":"publish","type":"page","link":"https:\/\/conteurspro.fr\/site\/intelligence-collective\/","title":{"rendered":"Intelligence collective &#8211; Changement de date !"},"content":{"rendered":"\n<p><strong>CHANGEMENT DE DATE<\/strong> ! Cet acte collectif se d\u00e9roulera <strong>le 30 juin 2026 \u00e0 Lyon<\/strong> <\/p>\n\n\n\n<p>Il reste des places !<\/p>\n\n\n\n<p> D\u00e9couvrir l&rsquo;Intelligence Collective,\u00a0\u00c7a t\u2019int\u00e9resse ?<br><br>Tu veux apprendre \u00e0 animer une r\u00e9union de mani\u00e8re cr\u00e9ative ? \u00a0pour tes interventions au sein de l\u2019APACC ? Pour la conduite de projet de cr\u00e9ation ? L\u2019intelligence collective et ses outils sont des leviers merveilleux, qui invite le respect, l\u2019humanit\u00e9, la cr\u00e9ativit\u00e9 et l\u2019efficacit\u00e9 \u00e0 la m\u00eame table\u2026<\/p>\n\n\n\n<p>Alors, mettre en commun, collaborer mieux, de mani\u00e8re tr\u00e8s cr\u00e9ative, avec des processus qui donnent la parole \u00e0 chacun, facilitent une implication de tous, le tout de mani\u00e8re \u00e9cologique et respectueuse !!!&nbsp;Et oui ! Ce sont des processus ludiques, et dynamiques passionnants qui te propulsent dans un espace ou l\u2019humain, l\u2019organisation et l\u2019\u00e9quilibre se conjuguent. Alors ? Envie d\u2019essayer ? Retrouves-nous le mardi 30 juin \u00e0 LYON pour une journ\u00e9e D\u00c9COUVERTE !!!<\/p>\n\n\n\n<p>Au programme : discussions et partages de ressources et d\u2019exp\u00e9riences, et surtout pr\u00e9sentation et mise en pratique de quelques processus d\u2019intelligence collective, issus de l\u2019UDN, de l\u2019Enqu\u00eate Appr\u00e9ciative, le Forum Ouvert\u2026<\/p>\n\n\n\n<p>Curieux-se ou d\u00e9sireux-se de d\u00e9couvrir des outils qui participent des modes de gouvernance de l\u2019APACC &nbsp;? Envie de les utiliser dans tes processus de cr\u00e9ation en \u00e9quipe ? Pour la gestion de projet ? Nourrir avec tes partenaires de nouvelles pratiques plus respectueuses ? Une journ\u00e9e participative, contributive et cr\u00e9ative\u2026<\/p>\n\n\n\n<ul class=\"wp-block-list\">\n<li>Date : Mardi 30 juin\u00a0<\/li>\n\n\n\n<li>Lieu : Lyon<\/li>\n\n\n\n<li>Places limit\u00e9es \u00e0 20 personnes<\/li>\n\n\n\n<li>Gratuit pour les adh\u00e9rent-es \/ Non adh\u00e9rents : 15euros<\/li>\n\n\n\n<li>Proposantes : St\u00e9fanie J. et Nathalie K.<\/li>\n\n\n\n<li>Inscription et infos :<a href=\"&#x6d;&#97;i&#x6c;&#116;o&#x3a;&#110;a&#x74;&#100;e&#x73;&#98;o&#x69;&#x73;1&#x40;&#x67;&#109;&#x61;&#x69;&#108;&#x2e;&#x63;&#111;m\">&#110;&#x61;&#116;&#x64;&#101;&#x73;&#98;&#x6f;&#105;&#x73;&#49;&#x40;&#103;&#x6d;&#97;&#x69;&#108;&#x2e;&#99;&#x6f;&#109;<\/a>\u00a0et\u00a0<a href=\"&#x6d;&#x61;&#x69;&#108;&#116;o:&#x73;&#x74;&#x65;&#102;&#97;ni&#x65;&#x6a;&#x61;&#109;&#101;s2&#x36;&#x40;&#x67;&#109;&#97;il&#x2e;&#x63;&#x6f;&#109;\">s&#116;&#x65;&#x66;&#x61;n&#105;&#x65;&#x6a;&#x61;m&#101;&#x73;&#x32;&#x36;&#64;&#103;&#x6d;&#x61;&#x69;l&#46;&#x63;&#x6f;&#x6d;<\/a><\/li>\n<\/ul>\n\n\n\n<p><\/p>\n","protected":false},"excerpt":{"rendered":"<p>CHANGEMENT DE DATE ! Cet acte collectif se d\u00e9roulera le 30 juin 2026 \u00e0 Lyon Il reste des places ! D\u00e9couvrir l&rsquo;Intelligence Collective,\u00a0\u00c7a t\u2019int\u00e9resse ? Tu veux apprendre \u00e0 animer une r\u00e9union de mani\u00e8re cr\u00e9ative ? \u00a0pour tes interventions au sein de l\u2019APACC ? Pour la conduite de projet de cr\u00e9ation ? L\u2019intelligence collective et ses outils sont des leviers merveilleux, qui invite le respect, l\u2019humanit\u00e9, la cr\u00e9ativit\u00e9 et l\u2019efficacit\u00e9 \u00e0 la m\u00eame table\u2026 Alors, mettre en commun, collaborer mieux, de mani\u00e8re tr\u00e8s cr\u00e9ative, avec des processus qui donnent la parole \u00e0 chacun, facilitent une implication de tous, le tout de mani\u00e8re \u00e9cologique et respectueuse !!!&nbsp;Et oui ! Ce sont des processus ludiques, et dynamiques passionnants qui te propulsent dans un espace ou l\u2019humain, l\u2019organisation et l\u2019\u00e9quilibre se conjuguent. Alors ? Envie d\u2019essayer ? Retrouves-nous le mardi 30 juin \u00e0 LYON pour une journ\u00e9e D\u00c9COUVERTE !!! Au programme : discussions et partages de ressources et d\u2019exp\u00e9riences, et surtout pr\u00e9sentation et mise en pratique de quelques processus d\u2019intelligence collective, issus de l\u2019UDN, de l\u2019Enqu\u00eate Appr\u00e9ciative, le Forum Ouvert\u2026 Curieux-se ou d\u00e9sireux-se de d\u00e9couvrir des outils qui participent des modes de gouvernance de l\u2019APACC &nbsp;? Envie de les utiliser dans tes processus de cr\u00e9ation en \u00e9quipe ? Pour la gestion de projet ? Nourrir avec tes partenaires de nouvelles pratiques plus respectueuses ? Une journ\u00e9e participative, contributive et cr\u00e9ative\u2026<\/p>\n","protected":false},"author":23,"featured_media":5441,"parent":0,"menu_order":0,"comment_status":"closed","ping_status":"closed","template":"","meta":{"footnotes":""},"class_list":["post-4988","page","type-page","status-publish","has-post-thumbnail","hentry"],"_links":{"self":[{"href":"https:\/\/conteurspro.fr\/site\/wp-json\/wp\/v2\/pages\/4988","targetHints":{"allow":["GET"]}}],"collection":[{"href":"https:\/\/conteurspro.fr\/site\/wp-json\/wp\/v2\/pages"}],"about":[{"href":"https:\/\/conteurspro.fr\/site\/wp-json\/wp\/v2\/types\/page"}],"author":[{"embeddable":true,"href":"https:\/\/conteurspro.fr\/site\/wp-json\/wp\/v2\/users\/23"}],"replies":[{"embeddable":true,"href":"https:\/\/conteurspro.fr\/site\/wp-json\/wp\/v2\/comments?post=4988"}],"version-history":[{"count":2,"href":"https:\/\/conteurspro.fr\/site\/wp-json\/wp\/v2\/pages\/4988\/revisions"}],"predecessor-version":[{"id":5442,"href":"https:\/\/conteurspro.fr\/site\/wp-json\/wp\/v2\/pages\/4988\/revisions\/5442"}],"wp:featuredmedia":[{"embeddable":true,"href":"https:\/\/conteurspro.fr\/site\/wp-json\/wp\/v2\/media\/5441"}],"wp:attachment":[{"href":"https:\/\/conteurspro.fr\/site\/wp-json\/wp\/v2\/media?parent=4988"}],"curies":[{"name":"wp","href":"https:\/\/api.w.org\/{rel}","templated":true}]}}