{"id":601,"date":"2019-09-19T08:49:44","date_gmt":"2019-09-19T06:49:44","guid":{"rendered":"https:\/\/conteurspro.fr\/site\/?page_id=601"},"modified":"2026-02-11T16:25:34","modified_gmt":"2026-02-11T15:25:34","slug":"commission-veille-solidaire","status":"publish","type":"page","link":"https:\/\/conteurspro.fr\/site\/commission-veille-solidaire\/","title":{"rendered":"Commission L\u00e9gislation"},"content":{"rendered":"<div class=\"wp-block-image\">\n<figure class=\"aligncenter size-full is-resized\"><img loading=\"lazy\" decoding=\"async\" width=\"498\" height=\"427\" src=\"https:\/\/conteurspro.fr\/site\/wp-content\/uploads\/2026\/01\/Commission-Legislation.png\" alt=\"\" class=\"wp-image-5300\" style=\"width:315px;height:auto\" srcset=\"https:\/\/conteurspro.fr\/site\/wp-content\/uploads\/2026\/01\/Commission-Legislation.png 498w, https:\/\/conteurspro.fr\/site\/wp-content\/uploads\/2026\/01\/Commission-Legislation-300x257.png 300w\" sizes=\"auto, (max-width: 498px) 100vw, 498px\" \/><\/figure>\n<\/div>\n\n\n<p>Bonjour !<\/p>\n\n\n\n<p>Lors de l\u2019Assembl\u00e9e G\u00e9n\u00e9rale de l\u2019APACC 2025, il a \u00e9t\u00e9 d\u00e9cid\u00e9 de transformer la commission Solidarit\u00e9 Entraide Legislation en Commission L\u00e9gislation. La comp\u00e9tence d&rsquo;entraide et de solidarit\u00e9 a \u00e9t\u00e9 transf\u00e9r\u00e9e \u00e0 la Treille. <\/p>\n\n\n\n<p>La Treille est constitu\u00e9e de membres ayant d\u00e9j\u00e0 eu des responsabilit\u00e9s au sein de l\u2019Apacc. C\u2019est un organe de veille d\u00e9mocratique et de soutien au couteau suisse et au cercle (organes de l&rsquo;association). La Treille assume d\u00e9sormais la mission de solidarit\u00e9 et d&rsquo;entaide aupr\u00e8s d&rsquo;adh\u00e9rent-e qui peuvent \u00eatre en difficult\u00e9s. Pour mieux comprendre le fonctionnement de l&rsquo;association, <a href=\"https:\/\/conteurspro.fr\/site\/un-nouveau-systeme-de-gouvernance-depuis-septembre-2023\/\">cliquez-ici<\/a>.<\/p>\n\n\n\n<p><strong>=&gt; La L\u00e9gislation<\/strong> en mati\u00e8re de spectacle vivant : l\u2019exercice de l\u2019Art du conte dans un cadre professionnel n\u00e9cessite de proposer l\u2019information n\u00e9cessaire en la mati\u00e8re \u00e0 ses adh\u00e9rent\u00b7e\u00b7s (ou futur\u00b7e\u00b7s adh\u00e9rent\u00b7e\u00b7s) dans un premier temps, mais \u00e9galement aux organisateur\u00b7rice\u00b7s de spectacle. En effet, on peut constater qu\u2019un certain nombre d\u2019organisateur\u00b7rice\u00b7s de spectacle, notamment occasionnel\u00b7le\u00b7s, manque cruellement d\u2019information et de clart\u00e9 dans la compr\u00e9hension de l\u2019information dont elles\u00b7ils disposent d\u00e9j\u00e0. Ce probl\u00e8me est un r\u00e9el handicap dans le rayonnement et d\u00e9veloppement de notre profession.<\/p>\n\n\n\n<p>\u00c0 partir des recherches et r\u00e9flexions entam\u00e9es sur les droits des artistes, la commission L\u00e9gislation \u00e9labore des outils pratiques d\u2019informations sur la l\u00e9gislation, pouvant s\u2019adresser \u00e0 la fois aux artistes et aux employeur\u00b7euse\u00b7s d\u2019artistes, selon les diff\u00e9rents cadres de travail (festivals, salles de spectacles, milieu scolaire, hospitalier, etc &#8230; ). <strong>La commission L\u00e9gislation souhaite ainsi proposer un p\u00f4le de ressources sur le site de l\u2019APACC<\/strong>.<\/p>\n\n\n\n<p>Voici les premi\u00e8res fiches que nous avons \u00e9labor\u00e9es en partenariat avec le RNCAP (R\u00e9seau National du Conte et des Arts de la Paroles).<\/p>\n\n\n\n<h3 class=\"wp-block-heading\"><a href=\"https:\/\/conteurspro.fr\/site\/wp-content\/uploads\/2026\/01\/FICHE-ArtisteConteur-et-microEntreprise-attention-danger-_VF10_2025-PDF.pdf\">Fiche sur le statut d&rsquo;artiste auto-entrepreneur\u00b7e<\/a><\/h3>\n\n\n\n<div data-wp-interactive=\"core\/file\" class=\"wp-block-file\"><object data-wp-bind--hidden=\"!state.hasPdfPreview\" hidden class=\"wp-block-file__embed\" data=\"https:\/\/conteurspro.fr\/site\/wp-content\/uploads\/2026\/01\/FICHE-ArtisteConteur-et-microEntreprise-attention-danger-_VF10_2025-PDF.pdf\" type=\"application\/pdf\" style=\"width:100%;height:600px\" aria-label=\"Contenu embarqu\u00e9 FICHE-ArtisteConteur-et-microEntreprise-attention-danger-_VF10_2025-PDF.\"><\/object><a id=\"wp-block-file--media-fbf715a7-33aa-4654-bf0d-fd724bf49521\" href=\"https:\/\/conteurspro.fr\/site\/wp-content\/uploads\/2026\/01\/FICHE-ArtisteConteur-et-microEntreprise-attention-danger-_VF10_2025-PDF.pdf\">FICHE-ArtisteConteur-et-microEntreprise-attention-danger-_VF10_2025-PDF<\/a><a href=\"https:\/\/conteurspro.fr\/site\/wp-content\/uploads\/2026\/01\/FICHE-ArtisteConteur-et-microEntreprise-attention-danger-_VF10_2025-PDF.pdf\" class=\"wp-block-file__button wp-element-button\" download aria-describedby=\"wp-block-file--media-fbf715a7-33aa-4654-bf0d-fd724bf49521\">T\u00e9l\u00e9charger<\/a><\/div>\n\n\n\n<hr class=\"wp-block-separator has-alpha-channel-opacity\"\/>\n\n\n\n<h3 class=\"wp-block-heading\"><a href=\"https:\/\/conteurspro.fr\/site\/wp-content\/uploads\/2024\/05\/RNCAP-Fiche-bonne-pratique-tarif-minimal-du-cachet.pdf\" target=\"_blank\" rel=\"noopener\">Fiche sur le montant minimum d&rsquo;un cachet<\/a><\/h3>\n\n\n\n<div data-wp-interactive=\"core\/file\" class=\"wp-block-file\"><object data-wp-bind--hidden=\"!state.hasPdfPreview\" hidden class=\"wp-block-file__embed\" data=\"https:\/\/conteurspro.fr\/site\/wp-content\/uploads\/2024\/05\/RNCAP-Fiche-bonne-pratique-tarif-minimal-du-cachet.pdf\" type=\"application\/pdf\" style=\"width:100%;height:600px\" aria-label=\"Contenu embarqu\u00e9 RNCAP-Fiche-bonne-pratique-tarif-minimal-du-cachet.\"><\/object><a id=\"wp-block-file--media-d36fb276-0f58-43b4-a511-cf31e7d824bc\" href=\"https:\/\/conteurspro.fr\/site\/wp-content\/uploads\/2024\/05\/RNCAP-Fiche-bonne-pratique-tarif-minimal-du-cachet.pdf\">RNCAP-Fiche-bonne-pratique-tarif-minimal-du-cachet<\/a><a href=\"https:\/\/conteurspro.fr\/site\/wp-content\/uploads\/2024\/05\/RNCAP-Fiche-bonne-pratique-tarif-minimal-du-cachet.pdf\" class=\"wp-block-file__button wp-element-button\" download aria-describedby=\"wp-block-file--media-d36fb276-0f58-43b4-a511-cf31e7d824bc\">T\u00e9l\u00e9charger<\/a><\/div>\n\n\n\n<hr class=\"wp-block-separator has-alpha-channel-opacity\"\/>\n\n\n\n<h3 class=\"wp-block-heading\"><a href=\"https:\/\/conteurspro.fr\/site\/wp-content\/uploads\/2026\/01\/Fiche-RNCAP-APACC-Cadre-legal-pour-la-declaration-dactivite-professionnelle-1.pdf\">Fiche sur le cadre l\u00e9gal pour l&#8217;embauche d&rsquo;un\u00b7e artiste du spectacle vivant<\/a><\/h3>\n\n\n\n<div data-wp-interactive=\"core\/file\" class=\"wp-block-file\"><object data-wp-bind--hidden=\"!state.hasPdfPreview\" hidden class=\"wp-block-file__embed\" data=\"https:\/\/conteurspro.fr\/site\/wp-content\/uploads\/2026\/01\/Fiche-RNCAP-APACC-Cadre-legal-pour-la-declaration-dactivite-professionnelle-1.pdf\" type=\"application\/pdf\" style=\"width:100%;height:600px\" aria-label=\"Contenu embarqu\u00e9 Fiche-RNCAP-APACC-Cadre-legal-pour-la-declaration-dactivite-professionnelle-1.\"><\/object><a id=\"wp-block-file--media-d89884f4-49d7-40be-8c5a-b26f6c91e826\" href=\"https:\/\/conteurspro.fr\/site\/wp-content\/uploads\/2026\/01\/Fiche-RNCAP-APACC-Cadre-legal-pour-la-declaration-dactivite-professionnelle-1.pdf\">Fiche-RNCAP-APACC-Cadre-legal-pour-la-declaration-dactivite-professionnelle-1<\/a><a href=\"https:\/\/conteurspro.fr\/site\/wp-content\/uploads\/2026\/01\/Fiche-RNCAP-APACC-Cadre-legal-pour-la-declaration-dactivite-professionnelle-1.pdf\" class=\"wp-block-file__button wp-element-button\" download aria-describedby=\"wp-block-file--media-d89884f4-49d7-40be-8c5a-b26f6c91e826\">T\u00e9l\u00e9charger<\/a><\/div>\n\n\n\n<p><\/p>\n\n\n\n<p>Afin de marquer l&rsquo;attachement de l&rsquo;APACC aux valeurs de solidarit\u00e9 et aux acquis sociaux des artistes relevant du r\u00e9gime de l&rsquo;intermittence du spectacle, la commission a r\u00e9dig\u00e9 un <a href=\"https:\/\/conteurspro.fr\/site\/wp-content\/uploads\/2022\/10\/Manifeste-bonne-version-des-artistes-professionnels\u00b7les-conteurs-conteuses-14-10-2022.pdf\">Manifeste des artistes professionnel\u00b7les conteurs et conteuses<\/a> <strong>vot\u00e9 \u00e0 l&rsquo;unanimit\u00e9<\/strong> lors de l&rsquo;<strong>AG des 7 et 8 septembre 2022<\/strong>. Ce manifeste <strong>d\u00e9fend l\u2019exercice de notre profession en tant que salari\u00e9\u00b7e<\/strong>.<\/p>\n\n\n\n<p>Si vous avez des questions ou s\u2019il vous semble qu\u2019une information est fondamentale, si vous connaissez un\u00b7e coll\u00e8gue en difficult\u00e9 (ou si vous l&rsquo;\u00eates vous-m\u00eame) faites-nous le savoir en nous \u00e9crivant \u00e0 l\u2019adresse suivante :<\/p>\n\n\n\n<p><a href=\"&#115;&#x6f;&#108;&#x69;&#100;&#x61;r&#x69;t&#x65;l&#101;&#x67;&#105;&#x73;&#108;&#x61;&#116;&#x69;o&#x6e;&#64;&#x63;o&#110;&#x74;&#101;&#x75;&#114;&#x73;&#112;&#x72;o&#x2e;f&#x72;\">&#x6c;&#x65;&#x67;&#x69;&#x73;&#x6c;&#x61;&#x74;&#x69;&#x6f;&#x6e;&#x40;&#x63;&#x6f;&#110;&#116;&#101;&#117;&#114;&#115;&#112;&#114;&#111;&#46;&#102;r<\/a><\/p>\n\n\n\n<p>Si la solidarit\u00e9 et l&rsquo;entraide sont vos valeurs, \u00e0 vous aussi, rejoignez-nous !<\/p>\n\n\n\n<p>\u00c0 tr\u00e8s bient\u00f4t !<\/p>\n\n\n\n<p><i>&nbsp;La Commission L\u00e9gislation<\/i><\/p>\n","protected":false},"excerpt":{"rendered":"<p>Bonjour ! Lors de l\u2019Assembl\u00e9e G\u00e9n\u00e9rale de l\u2019APACC 2025, il a \u00e9t\u00e9 d\u00e9cid\u00e9 de transformer la commission Solidarit\u00e9 Entraide Legislation en Commission L\u00e9gislation. La comp\u00e9tence d&rsquo;entraide et de solidarit\u00e9 a \u00e9t\u00e9 transf\u00e9r\u00e9e \u00e0 la Treille. La Treille est constitu\u00e9e de membres ayant d\u00e9j\u00e0 eu des responsabilit\u00e9s au sein de l\u2019Apacc. C\u2019est un organe de veille d\u00e9mocratique et de soutien au couteau suisse et au cercle (organes de l&rsquo;association). La Treille assume d\u00e9sormais la mission de solidarit\u00e9 et d&rsquo;entaide aupr\u00e8s d&rsquo;adh\u00e9rent-e qui peuvent \u00eatre en difficult\u00e9s. Pour mieux comprendre le fonctionnement de l&rsquo;association, cliquez-ici. =&gt; La L\u00e9gislation en mati\u00e8re de spectacle vivant : l\u2019exercice de l\u2019Art du conte dans un cadre professionnel n\u00e9cessite de proposer l\u2019information n\u00e9cessaire en la mati\u00e8re \u00e0 ses adh\u00e9rent\u00b7e\u00b7s (ou futur\u00b7e\u00b7s adh\u00e9rent\u00b7e\u00b7s) dans un premier temps, mais \u00e9galement aux organisateur\u00b7rice\u00b7s de spectacle. En effet, on peut constater qu\u2019un certain nombre d\u2019organisateur\u00b7rice\u00b7s de spectacle, notamment occasionnel\u00b7le\u00b7s, manque cruellement d\u2019information et de clart\u00e9 dans la compr\u00e9hension de l\u2019information dont elles\u00b7ils disposent d\u00e9j\u00e0. Ce probl\u00e8me est un r\u00e9el handicap dans le rayonnement et d\u00e9veloppement de notre profession. \u00c0 partir des recherches et r\u00e9flexions entam\u00e9es sur les droits des artistes, la commission L\u00e9gislation \u00e9labore des outils pratiques d\u2019informations sur la l\u00e9gislation, pouvant s\u2019adresser \u00e0 la fois aux artistes et aux employeur\u00b7euse\u00b7s d\u2019artistes, selon les diff\u00e9rents cadres de travail (festivals, salles de spectacles, milieu scolaire, hospitalier, etc &#8230; ). La commission L\u00e9gislation souhaite ainsi proposer un p\u00f4le de ressources sur le site de l\u2019APACC. Voici les premi\u00e8res fiches que nous avons \u00e9labor\u00e9es en partenariat avec le RNCAP (R\u00e9seau National du Conte et des Arts de la Paroles). Fiche sur le statut d&rsquo;artiste auto-entrepreneur\u00b7e Fiche sur le montant minimum d&rsquo;un cachet Fiche sur le cadre l\u00e9gal pour l&#8217;embauche d&rsquo;un\u00b7e artiste du spectacle vivant Afin de marquer l&rsquo;attachement de l&rsquo;APACC aux valeurs de solidarit\u00e9 et aux acquis sociaux des artistes relevant du r\u00e9gime de l&rsquo;intermittence du spectacle, la commission a r\u00e9dig\u00e9 un Manifeste des artistes professionnel\u00b7les conteurs et conteuses vot\u00e9 \u00e0 l&rsquo;unanimit\u00e9 lors de l&rsquo;AG des 7 et 8 septembre 2022. Ce manifeste d\u00e9fend l\u2019exercice de notre profession en tant que salari\u00e9\u00b7e. Si vous avez des questions ou s\u2019il vous semble qu\u2019une information est fondamentale, si vous connaissez un\u00b7e coll\u00e8gue en difficult\u00e9 (ou si vous l&rsquo;\u00eates vous-m\u00eame) faites-nous le savoir en nous \u00e9crivant \u00e0 l\u2019adresse suivante : le&#103;&#105;&#115;&#108;&#x61;&#x74;&#x69;&#x6f;&#x6e;&#64;c&#111;&#110;&#116;&#101;&#x75;&#x72;&#x73;&#x70;&#x72;o&#46;&#102;&#114; Si la solidarit\u00e9 et l&rsquo;entraide sont vos valeurs, \u00e0 vous aussi, rejoignez-nous ! \u00c0 tr\u00e8s bient\u00f4t ! &nbsp;La Commission L\u00e9gislation<\/p>\n","protected":false},"author":22,"featured_media":0,"parent":0,"menu_order":0,"comment_status":"closed","ping_status":"closed","template":"","meta":{"footnotes":""},"class_list":["post-601","page","type-page","status-publish","hentry"],"_links":{"self":[{"href":"https:\/\/conteurspro.fr\/site\/wp-json\/wp\/v2\/pages\/601","targetHints":{"allow":["GET"]}}],"collection":[{"href":"https:\/\/conteurspro.fr\/site\/wp-json\/wp\/v2\/pages"}],"about":[{"href":"https:\/\/conteurspro.fr\/site\/wp-json\/wp\/v2\/types\/page"}],"author":[{"embeddable":true,"href":"https:\/\/conteurspro.fr\/site\/wp-json\/wp\/v2\/users\/22"}],"replies":[{"embeddable":true,"href":"https:\/\/conteurspro.fr\/site\/wp-json\/wp\/v2\/comments?post=601"}],"version-history":[{"count":34,"href":"https:\/\/conteurspro.fr\/site\/wp-json\/wp\/v2\/pages\/601\/revisions"}],"predecessor-version":[{"id":5343,"href":"https:\/\/conteurspro.fr\/site\/wp-json\/wp\/v2\/pages\/601\/revisions\/5343"}],"wp:attachment":[{"href":"https:\/\/conteurspro.fr\/site\/wp-json\/wp\/v2\/media?parent=601"}],"curies":[{"name":"wp","href":"https:\/\/api.w.org\/{rel}","templated":true}]}}