{"id":658,"date":"2019-10-12T08:57:36","date_gmt":"2019-10-12T06:57:36","guid":{"rendered":"https:\/\/conteurspro.fr\/site\/?page_id=658"},"modified":"2026-02-23T15:59:48","modified_gmt":"2026-02-23T14:59:48","slug":"flash","status":"publish","type":"page","link":"https:\/\/conteurspro.fr\/site\/flash\/","title":{"rendered":"Flash-Info de l&rsquo;Apacc"},"content":{"rendered":"<div class=\"wp-block-image\">\n<figure class=\"aligncenter size-full is-resized\"><img loading=\"lazy\" decoding=\"async\" width=\"638\" height=\"640\" src=\"https:\/\/conteurspro.fr\/site\/wp-content\/uploads\/2024\/05\/envelope-7076001_640.png\" alt=\"\" class=\"wp-image-3554\" style=\"width:411px;height:auto\" srcset=\"https:\/\/conteurspro.fr\/site\/wp-content\/uploads\/2024\/05\/envelope-7076001_640.png 638w, https:\/\/conteurspro.fr\/site\/wp-content\/uploads\/2024\/05\/envelope-7076001_640-300x300.png 300w, https:\/\/conteurspro.fr\/site\/wp-content\/uploads\/2024\/05\/envelope-7076001_640-150x150.png 150w, https:\/\/conteurspro.fr\/site\/wp-content\/uploads\/2024\/05\/envelope-7076001_640-75x75.png 75w\" sizes=\"auto, (max-width: 638px) 100vw, 638px\" \/><\/figure>\n<\/div>\n\n<div style=\"text-align: center;\"><em>Le <strong>Flash Info<\/strong> est adress\u00e9 \u00e0 plus de 600 destinataires, adh\u00e9rentes, adh\u00e9rents, ou non. <\/em><\/div>\n<div style=\"text-align: center;\"><i>Mais sympathisant\u00b7es,\u00a0quand-m\u00eame.<\/i><br \/><i>Il est fortement\u00a0conseill\u00e9 de partager le <strong>Flash Info<\/strong> aux conteurs et conteuses que vous connaissez. <\/i><\/div>\n<div style=\"text-align: center;\"><em>V<\/em><em>ous nous aiderez \u00e0 faire conna\u00eetre l\u2019APACC.<\/em><\/div>\n<div style=\"text-align: center;\">\u00a0<\/div>\n<div style=\"text-align: center;\"><a href=\"https:\/\/conteurspro.fr\/site\/recevez-le-flash-info\/\"><i>Pour recevoir le Flash-Info directement dans votre bo\u00eete mail, cliquez-ici<\/i><\/a><\/div>\n<div>\u00a0<\/div>\n<p><strong>Retrouver ici les derniers flash-infos :<br \/><\/strong><\/p>\n<p><a href=\"https:\/\/conteurspro.fr\/site\/wp-content\/uploads\/2026\/02\/Flash-Info-fevrier-2026.pdf\">F\u00e9vrier 2026<\/a><\/p>\n<p><a href=\"https:\/\/conteurspro.fr\/site\/wp-content\/uploads\/2026\/02\/Flash-info-decembre-2025.pdf\">D\u00e9cembre 2025<\/a><\/p>\n<p><a href=\"https:\/\/conteurspro.fr\/site\/wp-content\/uploads\/2026\/02\/Flash-info-octobre-2025.pdf\">Octobre 2025<\/a><\/p>\n<p><a href=\"https:\/\/conteurspro.fr\/site\/wp-content\/uploads\/2025\/07\/Flash-Apacc-juin-2025.pdf\">Juin 2025<\/a><\/p>\n<p><a href=\"https:\/\/conteurspro.fr\/site\/wp-content\/uploads\/2025\/05\/Flash-info-mai-2025_compressed-1.pdf\">Mai 2025<\/a><\/p>\n<p><a href=\"https:\/\/conteurspro.fr\/site\/wp-content\/uploads\/2025\/04\/Flash-Info-avril-2025.pdf\">Avril 2025<\/a>\u00a0<\/p>\n<p><a href=\"https:\/\/conteurspro.fr\/site\/wp-content\/uploads\/2025\/04\/Flash-special-Charte-programmation-equitale-et-inclusive.pdf\">Mars 2025 &#8211; Flash Sp\u00e9cial \u00ab\u00a0Charte pour une programmation \u00e9quitable et inclusive\u00a0\u00bb<\/a><\/p>\n<p><a href=\"https:\/\/conteurspro.fr\/site\/wp-content\/uploads\/2025\/02\/Flash-apacc-fevrier-2025.pdf\">F\u00e9vrier 2025<\/a><\/p>\n<p><a href=\"https:\/\/conteurspro.fr\/site\/wp-content\/uploads\/2025\/02\/Flash-special-Fete.pdf\">Janvier 2025 &#8211; Flash info special f\u00eate des 15 ans de l&rsquo;APACC<\/a><\/p>\n<p><a href=\"https:\/\/conteurspro.fr\/site\/wp-content\/uploads\/2025\/02\/Flash-APACC-Decembre-2024.pdf\">D\u00e9cembre 2024<\/a><\/p>\n<p><a href=\"https:\/\/conteurspro.fr\/site\/wp-content\/uploads\/2024\/05\/CAMPAIGN_129.pdf\">Mai 2024<\/a><\/p>\n<p><a href=\"https:\/\/conteurspro.fr\/site\/wp-content\/uploads\/2024\/03\/Flash-info-fevrier-2024.pdf\">F\u00e9vrier 2024<\/a><\/p>\n<p><strong><a href=\"https:\/\/conteurspro.fr\/site\/wp-content\/uploads\/2023\/10\/Flash-octobre-2023.pdf\">Octobre 2023<\/a><\/strong><\/p>\n<p><strong><a href=\"https:\/\/conteurspro.fr\/site\/wp-content\/uploads\/2023\/09\/flash-88-septembre.pdf\">Septembre 2023<\/a><\/strong><\/p>\n<p><a href=\"https:\/\/conteurspro.fr\/site\/wp-content\/uploads\/2023\/07\/Flash-85.pdf\"><strong>Juillet 2023<\/strong><\/a><\/p>\n<p><strong><span style=\"color: #ffcc00;\"><a href=\"https:\/\/conteurspro.fr\/site\/wp-content\/uploads\/2023\/05\/CAMPAIGN_92.pdf\">Mai 202<\/a>3<\/span><\/strong><\/p>\n<p><a href=\"https:\/\/conteurspro.fr\/site\/wp-content\/uploads\/2023\/01\/CAMPAIGN_82.pdf\"><span style=\"color: #ffcc00;\"><strong>Janvier 2023<\/strong><\/span><\/a><\/p>\n<p><strong><a href=\"https:\/\/conteurspro.fr\/site\/wp-content\/uploads\/2023\/01\/CAMPAIGN_83.pdf\"><span style=\"color: #ffcc00;\">Septembre<\/span><span style=\"color: #ffcc00;\"> 2022<\/span><\/a><br \/><\/strong><\/p>\n<p><span style=\"color: #ff9900;\"><strong><a style=\"color: #ff9900;\" href=\"https:\/\/conteurspro.fr\/site\/wp-content\/uploads\/2022\/07\/CAMPAIGN_70-3.pdf\"><span style=\"color: #ffcc00;\">Juin 2022<\/span><\/a><\/strong><\/span><\/p>\n<p><a href=\"https:\/\/conteurspro.fr\/site\/flash-80\/\"><span style=\"color: #ffcc00;\"><strong>Avril 2022<\/strong><\/span><\/a><\/p>\n<p><a href=\"https:\/\/conteurspro.fr\/site\/wp-content\/uploads\/2022\/02\/Flash-79.pdf\"><span style=\"color: #ffcc00;\"><strong>F\u00e9vrier 2022<\/strong><\/span><\/a><\/p>\n<p><a href=\"https:\/\/conteurspro.fr\/site\/wp-content\/uploads\/2021\/12\/CAMPAIGN_40-5-2-1.pdf\"><strong><span style=\"color: #0b5901;\"><span style=\"color: #ffcc00;\">D\u00e9cembre 2021<\/span><\/span><\/strong><\/a><\/p>\n<p><span style=\"color: #ffcc00;\"><strong><a style=\"color: #ffcc00;\" href=\"https:\/\/conteurspro.fr\/site\/wp-content\/uploads\/2021\/11\/CAMPAIGN_3319319_36.pdf\">Octobre 2021<\/a><\/strong><\/span><\/p>\n<p><strong><span style=\"color: #ffcc00;\"><a style=\"color: #ffcc00;\" href=\"https:\/\/conteurspro.fr\/site\/wp-content\/uploads\/2021\/06\/flash76.pdf\">Juin 2021<\/a><\/span><\/strong><\/p>\n<p><strong><span style=\"color: #ffcc00;\"><a style=\"color: #ffcc00;\" href=\"https:\/\/conteurspro.fr\/site\/wp-content\/uploads\/2021\/04\/flash75.pdf\">Avril 2021<\/a><\/span><\/strong><\/p>\n<p><span style=\"color: #ffcc00;\"><strong><a style=\"color: #ffcc00;\" href=\"https:\/\/conteurspro.fr\/site\/wp-content\/uploads\/2021\/02\/flash74.pdf\">F\u00e9vrier 2021<\/a><\/strong><\/span><\/p>\n<p><span style=\"color: #ffcc00;\"><strong><a style=\"color: #ffcc00;\" href=\"https:\/\/conteurspro.fr\/site\/wp-content\/uploads\/2020\/11\/flash73.pdf\">Novembre 2020<\/a><\/strong><\/span><\/p>\n<p><strong><span style=\"color: #ffcc00;\"><a style=\"color: #ffcc00;\" href=\"https:\/\/conteurspro.fr\/site\/wp-content\/uploads\/2020\/10\/flash72.pdf\">Septembre 2020<\/a><\/span><\/strong><\/p>\n<p><span style=\"color: #ffcc00;\"><strong><a style=\"color: #ffcc00;\" href=\"https:\/\/conteurspro.fr\/site\/wp-content\/uploads\/2020\/06\/flash71-1.pdf\">Mai 2020<\/a><\/strong><\/span><\/p>\n<p><strong><span style=\"color: #ffcc00;\"><a style=\"color: #ffcc00;\" href=\"https:\/\/conteurspro.fr\/site\/wp-content\/uploads\/2020\/04\/flash70.pdf\">Mars 2020<\/a><\/span><\/strong><\/p>\n<p><strong><span style=\"color: #ffcc00;\"><a style=\"color: #ffcc00;\" href=\"https:\/\/conteurspro.fr\/site\/wp-content\/uploads\/2020\/02\/flashapac69.pdf\">Janvier 2020<\/a><\/span><\/strong><\/p>\n\n\n<p><\/p>\n","protected":false},"excerpt":{"rendered":"<p>Le Flash Info est adress\u00e9 \u00e0 plus de 600 destinataires, adh\u00e9rentes, adh\u00e9rents, ou non. Mais sympathisant\u00b7es,\u00a0quand-m\u00eame.Il est fortement\u00a0conseill\u00e9 de partager le Flash Info aux conteurs et conteuses que vous connaissez. Vous nous aiderez \u00e0 faire conna\u00eetre l\u2019APACC. \u00a0 Pour recevoir le Flash-Info directement dans votre bo\u00eete mail, cliquez-ici \u00a0 Retrouver ici les derniers flash-infos : F\u00e9vrier 2026 D\u00e9cembre 2025 Octobre 2025 Juin 2025 Mai 2025 Avril 2025\u00a0 Mars 2025 &#8211; Flash Sp\u00e9cial \u00ab\u00a0Charte pour une programmation \u00e9quitable et inclusive\u00a0\u00bb F\u00e9vrier 2025 Janvier 2025 &#8211; Flash info special f\u00eate des 15 ans de l&rsquo;APACC D\u00e9cembre 2024 Mai 2024 F\u00e9vrier 2024 Octobre 2023 Septembre 2023 Juillet 2023 Mai 2023 Janvier 2023 Septembre 2022 Juin 2022 Avril 2022 F\u00e9vrier 2022 D\u00e9cembre 2021 Octobre 2021 Juin 2021 Avril 2021 F\u00e9vrier 2021 Novembre 2020 Septembre 2020 Mai 2020 Mars 2020 Janvier 2020<\/p>\n","protected":false},"author":19,"featured_media":0,"parent":0,"menu_order":0,"comment_status":"closed","ping_status":"closed","template":"","meta":{"footnotes":""},"class_list":["post-658","page","type-page","status-publish","hentry"],"_links":{"self":[{"href":"https:\/\/conteurspro.fr\/site\/wp-json\/wp\/v2\/pages\/658","targetHints":{"allow":["GET"]}}],"collection":[{"href":"https:\/\/conteurspro.fr\/site\/wp-json\/wp\/v2\/pages"}],"about":[{"href":"https:\/\/conteurspro.fr\/site\/wp-json\/wp\/v2\/types\/page"}],"author":[{"embeddable":true,"href":"https:\/\/conteurspro.fr\/site\/wp-json\/wp\/v2\/users\/19"}],"replies":[{"embeddable":true,"href":"https:\/\/conteurspro.fr\/site\/wp-json\/wp\/v2\/comments?post=658"}],"version-history":[{"count":60,"href":"https:\/\/conteurspro.fr\/site\/wp-json\/wp\/v2\/pages\/658\/revisions"}],"predecessor-version":[{"id":5404,"href":"https:\/\/conteurspro.fr\/site\/wp-json\/wp\/v2\/pages\/658\/revisions\/5404"}],"wp:attachment":[{"href":"https:\/\/conteurspro.fr\/site\/wp-json\/wp\/v2\/media?parent=658"}],"curies":[{"name":"wp","href":"https:\/\/api.w.org\/{rel}","templated":true}]}}